{"id":2332,"date":"2022-12-09T16:11:42","date_gmt":"2022-12-09T15:11:42","guid":{"rendered":"https:\/\/argileduvelay.com\/they-speak-about-us\/"},"modified":"2023-06-13T11:30:35","modified_gmt":"2023-06-13T09:30:35","slug":"they-speak-about-us","status":"publish","type":"page","link":"https:\/\/argileduvelay.com\/en\/news\/they-speak-about-us\/","title":{"rendered":"They speak about us"},"content":{"rendered":"<p>[et_pb_section fb_built=&#8221;1&#8243; admin_label=&#8221;Hero&#8221; _builder_version=&#8221;4.19.2&#8243; _module_preset=&#8221;default&#8221; background_image=&#8221;https:\/\/argileduvelay.com\/wp-content\/uploads\/2022\/12\/ils-parlent-de-nous.jpg&#8221; custom_padding=&#8221;110px|||&#8221; saved_tabs=&#8221;all&#8221; global_colors_info=&#8221;{}&#8221;][et_pb_row module_class=&#8221; et_pb_row_fullwidth&#8221; _builder_version=&#8221;4.17.4&#8243; _module_preset=&#8221;default&#8221; width_tablet=&#8221;100%&#8221; width_phone=&#8221;100%&#8221; width_last_edited=&#8221;on|desktop&#8221; max_width_tablet=&#8221;100%&#8221; max_width_phone=&#8221;100%&#8221; max_width_last_edited=&#8221;on|desktop&#8221; custom_margin=&#8221;|||&#8221; custom_padding=&#8221;|||&#8221; make_fullwidth=&#8221;on&#8221; global_colors_info=&#8221;{}&#8221;][et_pb_column type=&#8221;4_4&#8243; _builder_version=&#8221;4.16&#8243; _module_preset=&#8221;default&#8221; background_position=&#8221;top_left&#8221; custom_padding=&#8221;|||&#8221; global_colors_info=&#8221;{}&#8221; custom_padding__hover=&#8221;|||&#8221;][et_pb_text admin_label=&#8221;Hero Title&#8221; _builder_version=&#8221;4.19.2&#8243; _module_preset=&#8221;default&#8221; text_font=&#8221;||||&#8221; text_text_color=&#8221;#1a1a1a&#8221; header_font=&#8221;Oswald|700||||on|||&#8221; header_text_align=&#8221;left&#8221; header_font_size=&#8221;50px&#8221; header_line_height=&#8221;1.3em&#8221; custom_margin=&#8221;||10px|30px|false|false&#8221; custom_margin_last_edited=&#8221;off|phone&#8221; custom_padding=&#8221;|||&#8221; custom_padding_tablet=&#8221;|||&#8221; custom_padding_phone=&#8221;|||&#8221; custom_padding_last_edited=&#8221;on|desktop&#8221; animation_style=&#8221;slide&#8221; animation_direction=&#8221;top&#8221; animation_intensity_slide=&#8221;10%&#8221; text_text_shadow_style=&#8221;preset2&#8243; locked=&#8221;off&#8221; global_colors_info=&#8221;{}&#8221; custom_margin__hover_enabled=&#8221;off|desktop&#8221;]<\/p>\n<h1>They speak about us<\/h1>\n<p>[\/et_pb_text][et_pb_divider divider_position=&#8221;center&#8221; divider_weight=&#8221;3px&#8221; disabled_on=&#8221;on|on|off%22&#8243; _builder_version=&#8221;4.17.4&#8243; _module_preset=&#8221;default&#8221; max_width=&#8221;150px&#8221; height=&#8221;false&#8221; custom_margin=&#8221;0px||100px|30px|false|false&#8221; animation_style=&#8221;slide&#8221; animation_direction=&#8221;top&#8221; animation_delay=&#8221;100ms&#8221; animation_intensity_slide=&#8221;10%&#8221; locked=&#8221;off&#8221; global_colors_info=&#8221;{}&#8221;][\/et_pb_divider][\/et_pb_column][\/et_pb_row][\/et_pb_section][et_pb_section fb_built=&#8221;1&#8243; custom_padding_last_edited=&#8221;on|tablet&#8221; admin_label=&#8221;Blog&#8221; _builder_version=&#8221;4.16&#8243; background_color=&#8221;#f4f4f4&#8243; custom_padding=&#8221;110px||70px|&#8221; custom_padding_tablet=&#8221;60px||0px|&#8221; custom_padding_phone=&#8221;&#8221; global_colors_info=&#8221;{}&#8221;][et_pb_row admin_label=&#8221;Posts&#8221; _builder_version=&#8221;4.16&#8243; background_size=&#8221;initial&#8221; background_position=&#8221;top_left&#8221; background_repeat=&#8221;repeat&#8221; custom_padding=&#8221;|||&#8221; global_colors_info=&#8221;{}&#8221;][et_pb_column type=&#8221;4_4&#8243; _builder_version=&#8221;4.16&#8243; custom_padding=&#8221;|||&#8221; global_colors_info=&#8221;{}&#8221; custom_padding__hover=&#8221;|||&#8221;]<\/p>\n<p>[et_pb_blog fullwidth=&#8221;off&#8221; posts_number=&#8221;25&#8243; include_categories=&#8221;23&#8243; show_more=&#8221;on&#8221; show_author=&#8221;off&#8221; show_date=&#8221;off&#8221; show_categories=&#8221;off&#8221; show_pagination=&#8221;off&#8221; _builder_version=&#8221;4.19.2&#8243; header_font=&#8221;Oswald|on||on|&#8221; header_text_color=&#8221;#1a1a1a&#8221; header_font_size=&#8221;24px&#8221; header_line_height=&#8221;1.3em&#8221; body_font=&#8221;Roboto||||&#8221; body_font_size=&#8221;16px&#8221; body_line_height=&#8221;1.9em&#8221; meta_font=&#8221;Roboto||||&#8221; meta_text_color=&#8221;rgba(0,0,0,0.3)&#8221; meta_font_size=&#8221;14px&#8221; animation_style=&#8221;fade&#8221; hover_enabled=&#8221;0&#8243; border_width_all=&#8221;0px&#8221; border_color_all=&#8221;#eaeaea&#8221; border_style_all=&#8221;solid&#8221; border_width_all_fullwidth=&#8221;0px&#8221; border_color_all_fullwidth=&#8221;#eaeaea&#8221; border_style_all_fullwidth=&#8221;solid&#8221; use_border_color=&#8221;on&#8221; border_color=&#8221;#eaeaea&#8221; border_width=&#8221;0px&#8221; global_colors_info=&#8221;{}&#8221; sticky_enabled=&#8221;0&#8243;][\/et_pb_blog]<\/p>\n<p>[\/et_pb_column][\/et_pb_row][\/et_pb_section]<\/p>\n","protected":false},"excerpt":{"rendered":"<p>They speak about us<\/p>\n","protected":false},"author":1,"featured_media":0,"parent":2439,"menu_order":0,"comment_status":"closed","ping_status":"closed","template":"","meta":{"_et_pb_use_builder":"on","_et_pb_old_content":"","_et_gb_content_width":"","footnotes":""},"class_list":["post-2332","page","type-page","status-publish","hentry"],"yoast_head":"<!-- This site is optimized with the Yoast SEO plugin v27.3 - https:\/\/yoast.com\/product\/yoast-seo-wordpress\/ -->\n<title>They speak about us Argile du Velay<\/title>\n<meta name=\"description\" content=\"With Argile du Velay, discover all the secrets of French organic clay, dried in the sun... but not only!\" \/>\n<meta name=\"robots\" content=\"index, follow, max-snippet:-1, max-image-preview:large, max-video-preview:-1\" \/>\n<link rel=\"canonical\" href=\"https:\/\/argileduvelay.com\/en\/news\/they-speak-about-us\/\" \/>\n<meta property=\"og:locale\" content=\"en_US\" \/>\n<meta property=\"og:type\" content=\"article\" \/>\n<meta property=\"og:title\" content=\"They speak about us Argile du Velay\" \/>\n<meta property=\"og:description\" content=\"With Argile du Velay, discover all the secrets of French organic clay, dried in the sun... but not only!\" \/>\n<meta property=\"og:url\" content=\"https:\/\/argileduvelay.com\/en\/news\/they-speak-about-us\/\" \/>\n<meta property=\"og:site_name\" content=\"Argile du Velay\" \/>\n<meta property=\"article:publisher\" content=\"https:\/\/www.facebook.com\/argile.duvelay\" \/>\n<meta property=\"article:modified_time\" content=\"2023-06-13T09:30:35+00:00\" \/>\n<meta name=\"twitter:card\" content=\"summary_large_image\" \/>\n<meta name=\"twitter:label1\" content=\"Est. reading time\" \/>\n\t<meta name=\"twitter:data1\" content=\"2 minutes\" \/>\n<script type=\"application\/ld+json\" class=\"yoast-schema-graph\">{\"@context\":\"https:\\\/\\\/schema.org\",\"@graph\":[{\"@type\":\"WebPage\",\"@id\":\"https:\\\/\\\/argileduvelay.com\\\/en\\\/news\\\/they-speak-about-us\\\/\",\"url\":\"https:\\\/\\\/argileduvelay.com\\\/en\\\/news\\\/they-speak-about-us\\\/\",\"name\":\"They speak about us Argile du Velay\",\"isPartOf\":{\"@id\":\"https:\\\/\\\/argileduvelay.com\\\/en\\\/#website\"},\"datePublished\":\"2022-12-09T15:11:42+00:00\",\"dateModified\":\"2023-06-13T09:30:35+00:00\",\"description\":\"With Argile du Velay, discover all the secrets of French organic clay, dried in the sun... but not only!\",\"breadcrumb\":{\"@id\":\"https:\\\/\\\/argileduvelay.com\\\/en\\\/news\\\/they-speak-about-us\\\/#breadcrumb\"},\"inLanguage\":\"en-US\",\"potentialAction\":[{\"@type\":\"ReadAction\",\"target\":[\"https:\\\/\\\/argileduvelay.com\\\/en\\\/news\\\/they-speak-about-us\\\/\"]}]},{\"@type\":\"BreadcrumbList\",\"@id\":\"https:\\\/\\\/argileduvelay.com\\\/en\\\/news\\\/they-speak-about-us\\\/#breadcrumb\",\"itemListElement\":[{\"@type\":\"ListItem\",\"position\":1,\"name\":\"Accueil\",\"item\":\"https:\\\/\\\/argileduvelay.com\\\/en\\\/\"},{\"@type\":\"ListItem\",\"position\":2,\"name\":\"Argile du Velay : our news about French Green Clay\",\"item\":\"https:\\\/\\\/argileduvelay.com\\\/en\\\/news\\\/\"},{\"@type\":\"ListItem\",\"position\":3,\"name\":\"They speak about us\"}]},{\"@type\":\"WebSite\",\"@id\":\"https:\\\/\\\/argileduvelay.com\\\/en\\\/#website\",\"url\":\"https:\\\/\\\/argileduvelay.com\\\/en\\\/\",\"name\":\"Argile du Velay\",\"description\":\"Fabricant fran\u00e7ais d'argile verte bio pour cosm\u00e9tique, hygi\u00e8ne animale, spa...\",\"publisher\":{\"@id\":\"https:\\\/\\\/argileduvelay.com\\\/en\\\/#organization\"},\"potentialAction\":[{\"@type\":\"SearchAction\",\"target\":{\"@type\":\"EntryPoint\",\"urlTemplate\":\"https:\\\/\\\/argileduvelay.com\\\/en\\\/?s={search_term_string}\"},\"query-input\":{\"@type\":\"PropertyValueSpecification\",\"valueRequired\":true,\"valueName\":\"search_term_string\"}}],\"inLanguage\":\"en-US\"},{\"@type\":\"Organization\",\"@id\":\"https:\\\/\\\/argileduvelay.com\\\/en\\\/#organization\",\"name\":\"Argile du Velay\",\"url\":\"https:\\\/\\\/argileduvelay.com\\\/en\\\/\",\"logo\":{\"@type\":\"ImageObject\",\"inLanguage\":\"en-US\",\"@id\":\"https:\\\/\\\/argileduvelay.com\\\/en\\\/#\\\/schema\\\/logo\\\/image\\\/\",\"url\":\"https:\\\/\\\/argileduvelay.com\\\/wp-content\\\/uploads\\\/2022\\\/09\\\/logo_ARGILE_DU_VELAY-HD-ok.png\",\"contentUrl\":\"https:\\\/\\\/argileduvelay.com\\\/wp-content\\\/uploads\\\/2022\\\/09\\\/logo_ARGILE_DU_VELAY-HD-ok.png\",\"width\":2520,\"height\":1450,\"caption\":\"Argile du Velay\"},\"image\":{\"@id\":\"https:\\\/\\\/argileduvelay.com\\\/en\\\/#\\\/schema\\\/logo\\\/image\\\/\"},\"sameAs\":[\"https:\\\/\\\/www.facebook.com\\\/argile.duvelay\",\"https:\\\/\\\/www.instagram.com\\\/argileduvelay43\\\/\",\"https:\\\/\\\/www.linkedin.com\\\/company\\\/argile-du-velay\\\/\"]}]}<\/script>\n<!-- \/ Yoast SEO plugin. -->","yoast_head_json":{"title":"They speak about us Argile du Velay","description":"With Argile du Velay, discover all the secrets of French organic clay, dried in the sun... but not only!","robots":{"index":"index","follow":"follow","max-snippet":"max-snippet:-1","max-image-preview":"max-image-preview:large","max-video-preview":"max-video-preview:-1"},"canonical":"https:\/\/argileduvelay.com\/en\/news\/they-speak-about-us\/","og_locale":"en_US","og_type":"article","og_title":"They speak about us Argile du Velay","og_description":"With Argile du Velay, discover all the secrets of French organic clay, dried in the sun... but not only!","og_url":"https:\/\/argileduvelay.com\/en\/news\/they-speak-about-us\/","og_site_name":"Argile du Velay","article_publisher":"https:\/\/www.facebook.com\/argile.duvelay","article_modified_time":"2023-06-13T09:30:35+00:00","twitter_card":"summary_large_image","twitter_misc":{"Est. reading time":"2 minutes"},"schema":{"@context":"https:\/\/schema.org","@graph":[{"@type":"WebPage","@id":"https:\/\/argileduvelay.com\/en\/news\/they-speak-about-us\/","url":"https:\/\/argileduvelay.com\/en\/news\/they-speak-about-us\/","name":"They speak about us Argile du Velay","isPartOf":{"@id":"https:\/\/argileduvelay.com\/en\/#website"},"datePublished":"2022-12-09T15:11:42+00:00","dateModified":"2023-06-13T09:30:35+00:00","description":"With Argile du Velay, discover all the secrets of French organic clay, dried in the sun... but not only!","breadcrumb":{"@id":"https:\/\/argileduvelay.com\/en\/news\/they-speak-about-us\/#breadcrumb"},"inLanguage":"en-US","potentialAction":[{"@type":"ReadAction","target":["https:\/\/argileduvelay.com\/en\/news\/they-speak-about-us\/"]}]},{"@type":"BreadcrumbList","@id":"https:\/\/argileduvelay.com\/en\/news\/they-speak-about-us\/#breadcrumb","itemListElement":[{"@type":"ListItem","position":1,"name":"Accueil","item":"https:\/\/argileduvelay.com\/en\/"},{"@type":"ListItem","position":2,"name":"Argile du Velay : our news about French Green Clay","item":"https:\/\/argileduvelay.com\/en\/news\/"},{"@type":"ListItem","position":3,"name":"They speak about us"}]},{"@type":"WebSite","@id":"https:\/\/argileduvelay.com\/en\/#website","url":"https:\/\/argileduvelay.com\/en\/","name":"Argile du Velay","description":"Fabricant fran\u00e7ais d'argile verte bio pour cosm\u00e9tique, hygi\u00e8ne animale, spa...","publisher":{"@id":"https:\/\/argileduvelay.com\/en\/#organization"},"potentialAction":[{"@type":"SearchAction","target":{"@type":"EntryPoint","urlTemplate":"https:\/\/argileduvelay.com\/en\/?s={search_term_string}"},"query-input":{"@type":"PropertyValueSpecification","valueRequired":true,"valueName":"search_term_string"}}],"inLanguage":"en-US"},{"@type":"Organization","@id":"https:\/\/argileduvelay.com\/en\/#organization","name":"Argile du Velay","url":"https:\/\/argileduvelay.com\/en\/","logo":{"@type":"ImageObject","inLanguage":"en-US","@id":"https:\/\/argileduvelay.com\/en\/#\/schema\/logo\/image\/","url":"https:\/\/argileduvelay.com\/wp-content\/uploads\/2022\/09\/logo_ARGILE_DU_VELAY-HD-ok.png","contentUrl":"https:\/\/argileduvelay.com\/wp-content\/uploads\/2022\/09\/logo_ARGILE_DU_VELAY-HD-ok.png","width":2520,"height":1450,"caption":"Argile du Velay"},"image":{"@id":"https:\/\/argileduvelay.com\/en\/#\/schema\/logo\/image\/"},"sameAs":["https:\/\/www.facebook.com\/argile.duvelay","https:\/\/www.instagram.com\/argileduvelay43\/","https:\/\/www.linkedin.com\/company\/argile-du-velay\/"]}]}},"_links":{"self":[{"href":"https:\/\/argileduvelay.com\/en\/wp-json\/wp\/v2\/pages\/2332","targetHints":{"allow":["GET"]}}],"collection":[{"href":"https:\/\/argileduvelay.com\/en\/wp-json\/wp\/v2\/pages"}],"about":[{"href":"https:\/\/argileduvelay.com\/en\/wp-json\/wp\/v2\/types\/page"}],"author":[{"embeddable":true,"href":"https:\/\/argileduvelay.com\/en\/wp-json\/wp\/v2\/users\/1"}],"replies":[{"embeddable":true,"href":"https:\/\/argileduvelay.com\/en\/wp-json\/wp\/v2\/comments?post=2332"}],"version-history":[{"count":22,"href":"https:\/\/argileduvelay.com\/en\/wp-json\/wp\/v2\/pages\/2332\/revisions"}],"predecessor-version":[{"id":3316,"href":"https:\/\/argileduvelay.com\/en\/wp-json\/wp\/v2\/pages\/2332\/revisions\/3316"}],"up":[{"embeddable":true,"href":"https:\/\/argileduvelay.com\/en\/wp-json\/wp\/v2\/pages\/2439"}],"wp:attachment":[{"href":"https:\/\/argileduvelay.com\/en\/wp-json\/wp\/v2\/media?parent=2332"}],"curies":[{"name":"wp","href":"https:\/\/api.w.org\/{rel}","templated":true}]}}