{"id":2371,"date":"2022-10-17T19:10:52","date_gmt":"2022-10-17T17:10:52","guid":{"rendered":"https:\/\/argileduvelay.com\/health-and-cosmetic-clay-supplier-our-offer-of-clay-products\/natural-ingredient-for-cosmetics-green-clay-body-mask-spa\/"},"modified":"2023-04-19T19:04:44","modified_gmt":"2023-04-19T17:04:44","slug":"green-clay-spa","status":"publish","type":"page","link":"https:\/\/argileduvelay.com\/en\/our-offer\/green-clay-spa\/","title":{"rendered":"Natural ingredient for cosmetics : green clay body mask, spa"},"content":{"rendered":"<p>[et_pb_section fb_built=&#8221;1&#8243; admin_label=&#8221;Hero&#8221; _builder_version=&#8221;4.19.2&#8243; _module_preset=&#8221;default&#8221; background_image=&#8221;https:\/\/argileduvelay.com\/wp-content\/uploads\/2022\/12\/spa-thermalisme.jpg&#8221; custom_padding=&#8221;110px|||&#8221; saved_tabs=&#8221;all&#8221; global_colors_info=&#8221;{}&#8221;][et_pb_row module_class=&#8221; et_pb_row_fullwidth&#8221; _builder_version=&#8221;4.17.4&#8243; _module_preset=&#8221;default&#8221; width_tablet=&#8221;100%&#8221; width_phone=&#8221;100%&#8221; width_last_edited=&#8221;on|desktop&#8221; max_width_tablet=&#8221;100%&#8221; max_width_phone=&#8221;100%&#8221; max_width_last_edited=&#8221;on|desktop&#8221; custom_margin=&#8221;|||&#8221; custom_padding=&#8221;|||&#8221; make_fullwidth=&#8221;on&#8221; global_colors_info=&#8221;{}&#8221;][et_pb_column type=&#8221;4_4&#8243; _builder_version=&#8221;4.16&#8243; _module_preset=&#8221;default&#8221; background_position=&#8221;top_left&#8221; custom_padding=&#8221;|||&#8221; global_colors_info=&#8221;{}&#8221; custom_padding__hover=&#8221;|||&#8221;][et_pb_text admin_label=&#8221;Hero Title&#8221; _builder_version=&#8221;4.19.2&#8243; _module_preset=&#8221;default&#8221; text_font=&#8221;||||&#8221; text_text_color=&#8221;#1a1a1a&#8221; header_font=&#8221;Oswald|700||||on|||&#8221; header_text_align=&#8221;left&#8221; header_font_size=&#8221;50px&#8221; header_line_height=&#8221;1.3em&#8221; custom_margin=&#8221;||10px|30px|false|false&#8221; custom_margin_last_edited=&#8221;off|phone&#8221; custom_padding=&#8221;|||&#8221; custom_padding_tablet=&#8221;|||&#8221; custom_padding_phone=&#8221;|||&#8221; custom_padding_last_edited=&#8221;on|desktop&#8221; animation_style=&#8221;slide&#8221; animation_direction=&#8221;top&#8221; animation_intensity_slide=&#8221;10%&#8221; text_text_shadow_style=&#8221;preset2&#8243; locked=&#8221;off&#8221; global_colors_info=&#8221;{}&#8221; custom_margin__hover_enabled=&#8221;off|desktop&#8221;]<\/p>\n<h1>Spa<\/h1>\n<p>[\/et_pb_text][et_pb_divider divider_position=&#8221;center&#8221; divider_weight=&#8221;3px&#8221; disabled_on=&#8221;on|on|off%22&#8243; _builder_version=&#8221;4.17.4&#8243; _module_preset=&#8221;default&#8221; max_width=&#8221;150px&#8221; height=&#8221;false&#8221; custom_margin=&#8221;0px||100px|30px|false|false&#8221; animation_style=&#8221;slide&#8221; animation_direction=&#8221;top&#8221; animation_delay=&#8221;100ms&#8221; animation_intensity_slide=&#8221;10%&#8221; locked=&#8221;off&#8221; global_colors_info=&#8221;{}&#8221;][\/et_pb_divider][\/et_pb_column][\/et_pb_row][\/et_pb_section][et_pb_section fb_built=&#8221;1&#8243; _builder_version=&#8221;4.18.0&#8243; _module_preset=&#8221;default&#8221; custom_padding=&#8221;80px||||false|false&#8221; global_colors_info=&#8221;{}&#8221;][et_pb_row _builder_version=&#8221;4.17.4&#8243; _module_preset=&#8221;default&#8221; global_colors_info=&#8221;{}&#8221;][et_pb_column type=&#8221;4_4&#8243; _builder_version=&#8221;4.16&#8243; _module_preset=&#8221;default&#8221; custom_padding=&#8221;|||&#8221; global_colors_info=&#8221;{}&#8221; custom_padding__hover=&#8221;|||&#8221;][et_pb_text admin_label=&#8221;Sub Title&#8221; _builder_version=&#8221;4.19.2&#8243; _module_preset=&#8221;default&#8221; text_font=&#8221;Roboto|700|||||||&#8221; text_text_color=&#8221;#8CA25B&#8221; text_font_size=&#8221;24px&#8221; text_line_height=&#8221;1.4em&#8221; background_size=&#8221;initial&#8221; background_position=&#8221;top_left&#8221; background_repeat=&#8221;repeat&#8221; custom_padding=&#8221;30px|||&#8221; animation_style=&#8221;slide&#8221; animation_direction=&#8221;top&#8221; animation_delay=&#8221;200ms&#8221; animation_intensity_slide=&#8221;10%&#8221; locked=&#8221;off&#8221; global_colors_info=&#8221;{}&#8221;]<\/p>\n<p>Clay massages and wraps are often part of spa and thalassotherapy centers\u2019 treatments.<\/p>\n<p>[\/et_pb_text][et_pb_text _builder_version=&#8221;4.19.2&#8243; _module_preset=&#8221;default&#8221; text_font=&#8221;Roboto||||&#8221; text_font_size=&#8221;16px&#8221; text_line_height=&#8221;1.9em&#8221; background_size=&#8221;initial&#8221; background_position=&#8221;top_left&#8221; background_repeat=&#8221;repeat&#8221; custom_margin=&#8221;50px||||false|false&#8221; custom_padding=&#8221;||0px||false|false&#8221; animation_style=&#8221;slide&#8221; animation_direction=&#8221;top&#8221; animation_delay=&#8221;800ms&#8221; animation_intensity_slide=&#8221;4%&#8221; hover_enabled=&#8221;0&#8243; locked=&#8221;off&#8221; global_colors_info=&#8221;{}&#8221; sticky_enabled=&#8221;0&#8243;]<\/p>\n<p>The Velay Green Clay is known to soothe joint, tendon and inflammatory pain. That\u2019s why spa centers include clay application in treatments they are offering.<\/p>\n<p>In practice, clay combines very well with massages movements and accentuates the benefits.<\/p>\n<p>Also in bath or wrap before massages to relax the body.<\/p>\n<p>Natural homemade remedy : have the poultice reflex !<\/p>\n<p>[\/et_pb_text][\/et_pb_column][\/et_pb_row][\/et_pb_section][et_pb_section fb_built=&#8221;1&#8243; _builder_version=&#8221;4.18.0&#8243; _module_preset=&#8221;default&#8221; custom_padding=&#8221;0px||30px||false|false&#8221; global_colors_info=&#8221;{}&#8221;][et_pb_row _builder_version=&#8221;4.18.0&#8243; _module_preset=&#8221;default&#8221; custom_padding=&#8221;0px||||false|false&#8221; global_colors_info=&#8221;{}&#8221;][et_pb_column type=&#8221;4_4&#8243; _builder_version=&#8221;4.16&#8243; _module_preset=&#8221;default&#8221; custom_padding=&#8221;|||&#8221; global_colors_info=&#8221;{}&#8221; custom_padding__hover=&#8221;|||&#8221;][et_pb_text admin_label=&#8221;Title&#8221; _builder_version=&#8221;4.18.0&#8243; _module_preset=&#8221;default&#8221; text_font=&#8221;||||&#8221; text_text_color=&#8221;#1a1a1a&#8221; header_font=&#8221;Oswald|700||||on|||&#8221; header_text_align=&#8221;left&#8221; header_font_size=&#8221;50px&#8221; header_line_height=&#8221;1.3em&#8221; header_2_font=&#8221;|||||on|||&#8221; header_2_font_size=&#8221;40px&#8221; custom_margin=&#8221;0px||||false|false&#8221; custom_padding=&#8221;0px||||false|false&#8221; animation_style=&#8221;slide&#8221; animation_direction=&#8221;top&#8221; animation_intensity_slide=&#8221;10%&#8221; locked=&#8221;off&#8221; global_colors_info=&#8221;{}&#8221;]<\/p>\n<h2>In conclusion<\/h2>\n<p>[\/et_pb_text][et_pb_divider divider_position=&#8221;center&#8221; divider_weight=&#8221;3px&#8221; disabled_on=&#8221;on|on|off%22&#8243; _builder_version=&#8221;4.18.0&#8243; _module_preset=&#8221;default&#8221; max_width=&#8221;150px&#8221; height=&#8221;false&#8221; custom_margin=&#8221;30px||0px||false|false&#8221; animation_style=&#8221;slide&#8221; animation_direction=&#8221;top&#8221; animation_delay=&#8221;100ms&#8221; animation_intensity_slide=&#8221;10%&#8221; locked=&#8221;off&#8221; global_colors_info=&#8221;{}&#8221;][\/et_pb_divider][\/et_pb_column][\/et_pb_row][\/et_pb_section][et_pb_section fb_built=&#8221;1&#8243; _builder_version=&#8221;4.18.0&#8243; _module_preset=&#8221;default&#8221; custom_margin=&#8221;||110px||false|false&#8221; custom_padding=&#8221;0px||0px||false|false&#8221; global_colors_info=&#8221;{}&#8221;][et_pb_row _builder_version=&#8221;4.17.4&#8243; _module_preset=&#8221;default&#8221; global_colors_info=&#8221;{}&#8221;][et_pb_column type=&#8221;4_4&#8243; _builder_version=&#8221;4.16&#8243; _module_preset=&#8221;default&#8221; custom_padding=&#8221;|||&#8221; global_colors_info=&#8221;{}&#8221; custom_padding__hover=&#8221;|||&#8221;][et_pb_text _builder_version=&#8221;4.19.2&#8243; _module_preset=&#8221;default&#8221; text_font=&#8221;Roboto||||&#8221; text_font_size=&#8221;16px&#8221; text_line_height=&#8221;1.9em&#8221; background_size=&#8221;initial&#8221; background_position=&#8221;top_left&#8221; background_repeat=&#8221;repeat&#8221; custom_margin=&#8221;0px||||false|false&#8221; custom_padding=&#8221;||0px||false|false&#8221; animation_style=&#8221;slide&#8221; animation_direction=&#8221;top&#8221; animation_delay=&#8221;400ms&#8221; animation_intensity_slide=&#8221;4%&#8221; locked=&#8221;off&#8221; global_colors_info=&#8221;{}&#8221;]<\/p>\n<p><strong>To get relax in a natural way, while taking care of your skin and your body, try the Velay Green Clay power!<\/strong><\/p>\n<p>[\/et_pb_text][\/et_pb_column][\/et_pb_row][\/et_pb_section]<\/p>\n","protected":false},"excerpt":{"rendered":"<p>SpaClay massages and wraps are often part of spa and thalassotherapy centers\u2019 treatments.The Velay Green Clay is known to soothe joint, tendon and inflammatory pain. That\u2019s why spa centers include clay application in treatments they are offering. In practice, clay combines very well with massages movements and accentuates the benefits. Also in bath or wrap [&hellip;]<\/p>\n","protected":false},"author":1,"featured_media":0,"parent":2326,"menu_order":0,"comment_status":"closed","ping_status":"closed","template":"","meta":{"_et_pb_use_builder":"on","_et_pb_old_content":"","_et_gb_content_width":"","footnotes":""},"class_list":["post-2371","page","type-page","status-publish","hentry"],"yoast_head":"<!-- This site is optimized with the Yoast SEO plugin v27.4 - https:\/\/yoast.com\/product\/yoast-seo-wordpress\/ -->\n<title>Natural ingredient for cosmetics : green clay body mask, spa<\/title>\n<meta name=\"description\" content=\"The natural curative powers of clay have been used across cultures for thousands of years. Velay Green Clay is a natural cosmetic that helps to detox, refine and mineralize your body.\" \/>\n<meta name=\"robots\" content=\"index, follow, max-snippet:-1, max-image-preview:large, max-video-preview:-1\" \/>\n<link rel=\"canonical\" href=\"https:\/\/argileduvelay.com\/en\/our-offer\/green-clay-spa\/\" \/>\n<meta property=\"og:locale\" content=\"en_US\" \/>\n<meta property=\"og:type\" content=\"article\" \/>\n<meta property=\"og:title\" content=\"Natural ingredient for cosmetics : green clay body mask, spa\" \/>\n<meta property=\"og:description\" content=\"The natural curative powers of clay have been used across cultures for thousands of years. Velay Green Clay is a natural cosmetic that helps to detox, refine and mineralize your body.\" \/>\n<meta property=\"og:url\" content=\"https:\/\/argileduvelay.com\/en\/our-offer\/green-clay-spa\/\" \/>\n<meta property=\"og:site_name\" content=\"Argile du Velay\" \/>\n<meta property=\"article:publisher\" content=\"https:\/\/www.facebook.com\/argile.duvelay\" \/>\n<meta property=\"article:modified_time\" content=\"2023-04-19T17:04:44+00:00\" \/>\n<meta name=\"twitter:card\" content=\"summary_large_image\" \/>\n<meta name=\"twitter:label1\" content=\"Est. reading time\" \/>\n\t<meta name=\"twitter:data1\" content=\"2 minutes\" \/>\n<script type=\"application\/ld+json\" class=\"yoast-schema-graph\">{\"@context\":\"https:\\\/\\\/schema.org\",\"@graph\":[{\"@type\":\"WebPage\",\"@id\":\"https:\\\/\\\/argileduvelay.com\\\/en\\\/our-offer\\\/green-clay-spa\\\/\",\"url\":\"https:\\\/\\\/argileduvelay.com\\\/en\\\/our-offer\\\/green-clay-spa\\\/\",\"name\":\"Natural ingredient for cosmetics : green clay body mask, spa\",\"isPartOf\":{\"@id\":\"https:\\\/\\\/argileduvelay.com\\\/en\\\/#website\"},\"datePublished\":\"2022-10-17T17:10:52+00:00\",\"dateModified\":\"2023-04-19T17:04:44+00:00\",\"description\":\"The natural curative powers of clay have been used across cultures for thousands of years. Velay Green Clay is a natural cosmetic that helps to detox, refine and mineralize your body.\",\"breadcrumb\":{\"@id\":\"https:\\\/\\\/argileduvelay.com\\\/en\\\/our-offer\\\/green-clay-spa\\\/#breadcrumb\"},\"inLanguage\":\"en-US\",\"potentialAction\":[{\"@type\":\"ReadAction\",\"target\":[\"https:\\\/\\\/argileduvelay.com\\\/en\\\/our-offer\\\/green-clay-spa\\\/\"]}]},{\"@type\":\"BreadcrumbList\",\"@id\":\"https:\\\/\\\/argileduvelay.com\\\/en\\\/our-offer\\\/green-clay-spa\\\/#breadcrumb\",\"itemListElement\":[{\"@type\":\"ListItem\",\"position\":1,\"name\":\"Accueil\",\"item\":\"https:\\\/\\\/argileduvelay.com\\\/en\\\/\"},{\"@type\":\"ListItem\",\"position\":2,\"name\":\"Health and cosmetic clay supplier : our offer of clay products\",\"item\":\"https:\\\/\\\/argileduvelay.com\\\/en\\\/our-offer\\\/\"},{\"@type\":\"ListItem\",\"position\":3,\"name\":\"Natural ingredient for cosmetics : green clay body mask, spa\"}]},{\"@type\":\"WebSite\",\"@id\":\"https:\\\/\\\/argileduvelay.com\\\/en\\\/#website\",\"url\":\"https:\\\/\\\/argileduvelay.com\\\/en\\\/\",\"name\":\"Argile du Velay\",\"description\":\"Fabricant fran\u00e7ais d'argile verte bio pour cosm\u00e9tique, hygi\u00e8ne animale, spa...\",\"publisher\":{\"@id\":\"https:\\\/\\\/argileduvelay.com\\\/en\\\/#organization\"},\"potentialAction\":[{\"@type\":\"SearchAction\",\"target\":{\"@type\":\"EntryPoint\",\"urlTemplate\":\"https:\\\/\\\/argileduvelay.com\\\/en\\\/?s={search_term_string}\"},\"query-input\":{\"@type\":\"PropertyValueSpecification\",\"valueRequired\":true,\"valueName\":\"search_term_string\"}}],\"inLanguage\":\"en-US\"},{\"@type\":\"Organization\",\"@id\":\"https:\\\/\\\/argileduvelay.com\\\/en\\\/#organization\",\"name\":\"Argile du Velay\",\"url\":\"https:\\\/\\\/argileduvelay.com\\\/en\\\/\",\"logo\":{\"@type\":\"ImageObject\",\"inLanguage\":\"en-US\",\"@id\":\"https:\\\/\\\/argileduvelay.com\\\/en\\\/#\\\/schema\\\/logo\\\/image\\\/\",\"url\":\"https:\\\/\\\/argileduvelay.com\\\/wp-content\\\/uploads\\\/2022\\\/09\\\/logo_ARGILE_DU_VELAY-HD-ok.png\",\"contentUrl\":\"https:\\\/\\\/argileduvelay.com\\\/wp-content\\\/uploads\\\/2022\\\/09\\\/logo_ARGILE_DU_VELAY-HD-ok.png\",\"width\":2520,\"height\":1450,\"caption\":\"Argile du Velay\"},\"image\":{\"@id\":\"https:\\\/\\\/argileduvelay.com\\\/en\\\/#\\\/schema\\\/logo\\\/image\\\/\"},\"sameAs\":[\"https:\\\/\\\/www.facebook.com\\\/argile.duvelay\",\"https:\\\/\\\/www.instagram.com\\\/argileduvelay43\\\/\",\"https:\\\/\\\/www.linkedin.com\\\/company\\\/argile-du-velay\\\/\"]}]}<\/script>\n<!-- \/ Yoast SEO plugin. -->","yoast_head_json":{"title":"Natural ingredient for cosmetics : green clay body mask, spa","description":"The natural curative powers of clay have been used across cultures for thousands of years. Velay Green Clay is a natural cosmetic that helps to detox, refine and mineralize your body.","robots":{"index":"index","follow":"follow","max-snippet":"max-snippet:-1","max-image-preview":"max-image-preview:large","max-video-preview":"max-video-preview:-1"},"canonical":"https:\/\/argileduvelay.com\/en\/our-offer\/green-clay-spa\/","og_locale":"en_US","og_type":"article","og_title":"Natural ingredient for cosmetics : green clay body mask, spa","og_description":"The natural curative powers of clay have been used across cultures for thousands of years. Velay Green Clay is a natural cosmetic that helps to detox, refine and mineralize your body.","og_url":"https:\/\/argileduvelay.com\/en\/our-offer\/green-clay-spa\/","og_site_name":"Argile du Velay","article_publisher":"https:\/\/www.facebook.com\/argile.duvelay","article_modified_time":"2023-04-19T17:04:44+00:00","twitter_card":"summary_large_image","twitter_misc":{"Est. reading time":"2 minutes"},"schema":{"@context":"https:\/\/schema.org","@graph":[{"@type":"WebPage","@id":"https:\/\/argileduvelay.com\/en\/our-offer\/green-clay-spa\/","url":"https:\/\/argileduvelay.com\/en\/our-offer\/green-clay-spa\/","name":"Natural ingredient for cosmetics : green clay body mask, spa","isPartOf":{"@id":"https:\/\/argileduvelay.com\/en\/#website"},"datePublished":"2022-10-17T17:10:52+00:00","dateModified":"2023-04-19T17:04:44+00:00","description":"The natural curative powers of clay have been used across cultures for thousands of years. Velay Green Clay is a natural cosmetic that helps to detox, refine and mineralize your body.","breadcrumb":{"@id":"https:\/\/argileduvelay.com\/en\/our-offer\/green-clay-spa\/#breadcrumb"},"inLanguage":"en-US","potentialAction":[{"@type":"ReadAction","target":["https:\/\/argileduvelay.com\/en\/our-offer\/green-clay-spa\/"]}]},{"@type":"BreadcrumbList","@id":"https:\/\/argileduvelay.com\/en\/our-offer\/green-clay-spa\/#breadcrumb","itemListElement":[{"@type":"ListItem","position":1,"name":"Accueil","item":"https:\/\/argileduvelay.com\/en\/"},{"@type":"ListItem","position":2,"name":"Health and cosmetic clay supplier : our offer of clay products","item":"https:\/\/argileduvelay.com\/en\/our-offer\/"},{"@type":"ListItem","position":3,"name":"Natural ingredient for cosmetics : green clay body mask, spa"}]},{"@type":"WebSite","@id":"https:\/\/argileduvelay.com\/en\/#website","url":"https:\/\/argileduvelay.com\/en\/","name":"Argile du Velay","description":"Fabricant fran\u00e7ais d'argile verte bio pour cosm\u00e9tique, hygi\u00e8ne animale, spa...","publisher":{"@id":"https:\/\/argileduvelay.com\/en\/#organization"},"potentialAction":[{"@type":"SearchAction","target":{"@type":"EntryPoint","urlTemplate":"https:\/\/argileduvelay.com\/en\/?s={search_term_string}"},"query-input":{"@type":"PropertyValueSpecification","valueRequired":true,"valueName":"search_term_string"}}],"inLanguage":"en-US"},{"@type":"Organization","@id":"https:\/\/argileduvelay.com\/en\/#organization","name":"Argile du Velay","url":"https:\/\/argileduvelay.com\/en\/","logo":{"@type":"ImageObject","inLanguage":"en-US","@id":"https:\/\/argileduvelay.com\/en\/#\/schema\/logo\/image\/","url":"https:\/\/argileduvelay.com\/wp-content\/uploads\/2022\/09\/logo_ARGILE_DU_VELAY-HD-ok.png","contentUrl":"https:\/\/argileduvelay.com\/wp-content\/uploads\/2022\/09\/logo_ARGILE_DU_VELAY-HD-ok.png","width":2520,"height":1450,"caption":"Argile du Velay"},"image":{"@id":"https:\/\/argileduvelay.com\/en\/#\/schema\/logo\/image\/"},"sameAs":["https:\/\/www.facebook.com\/argile.duvelay","https:\/\/www.instagram.com\/argileduvelay43\/","https:\/\/www.linkedin.com\/company\/argile-du-velay\/"]}]}},"_links":{"self":[{"href":"https:\/\/argileduvelay.com\/en\/wp-json\/wp\/v2\/pages\/2371","targetHints":{"allow":["GET"]}}],"collection":[{"href":"https:\/\/argileduvelay.com\/en\/wp-json\/wp\/v2\/pages"}],"about":[{"href":"https:\/\/argileduvelay.com\/en\/wp-json\/wp\/v2\/types\/page"}],"author":[{"embeddable":true,"href":"https:\/\/argileduvelay.com\/en\/wp-json\/wp\/v2\/users\/1"}],"replies":[{"embeddable":true,"href":"https:\/\/argileduvelay.com\/en\/wp-json\/wp\/v2\/comments?post=2371"}],"version-history":[{"count":10,"href":"https:\/\/argileduvelay.com\/en\/wp-json\/wp\/v2\/pages\/2371\/revisions"}],"predecessor-version":[{"id":3196,"href":"https:\/\/argileduvelay.com\/en\/wp-json\/wp\/v2\/pages\/2371\/revisions\/3196"}],"up":[{"embeddable":true,"href":"https:\/\/argileduvelay.com\/en\/wp-json\/wp\/v2\/pages\/2326"}],"wp:attachment":[{"href":"https:\/\/argileduvelay.com\/en\/wp-json\/wp\/v2\/media?parent=2371"}],"curies":[{"name":"wp","href":"https:\/\/api.w.org\/{rel}","templated":true}]}}