{"id":2377,"date":"2022-10-13T10:36:38","date_gmt":"2022-10-13T08:36:38","guid":{"rendered":"https:\/\/argileduvelay.com\/health-and-cosmetic-clay-supplier-our-offer-of-clay-products\/cosmetic-clay-ava-lab-cosmetics-laboratory\/"},"modified":"2025-11-24T13:46:11","modified_gmt":"2025-11-24T12:46:11","slug":"ava-lab","status":"publish","type":"page","link":"https:\/\/argileduvelay.com\/en\/our-offer\/ava-lab\/","title":{"rendered":"Cosmetic clay : Laboratoire Ava, cosmetics laboratory"},"content":{"rendered":"<p>[et_pb_section fb_built=&#8221;1&#8243; admin_label=&#8221;Hero&#8221; _builder_version=&#8221;4.27.4&#8243; _module_preset=&#8221;default&#8221; background_image=&#8221;https:\/\/argileduvelay.com\/wp-content\/uploads\/2025\/11\/ava-hd-nouv.jpg&#8221; custom_padding=&#8221;110px|||&#8221; saved_tabs=&#8221;all&#8221; global_colors_info=&#8221;{}&#8221;][et_pb_row module_class=&#8221; et_pb_row_fullwidth&#8221; _builder_version=&#8221;4.17.4&#8243; _module_preset=&#8221;default&#8221; width_tablet=&#8221;100%&#8221; width_phone=&#8221;100%&#8221; width_last_edited=&#8221;on|desktop&#8221; max_width_tablet=&#8221;100%&#8221; max_width_phone=&#8221;100%&#8221; max_width_last_edited=&#8221;on|desktop&#8221; custom_margin=&#8221;|||&#8221; custom_padding=&#8221;|||&#8221; hover_enabled=&#8221;0&#8243; make_fullwidth=&#8221;on&#8221; global_colors_info=&#8221;{}&#8221; sticky_enabled=&#8221;0&#8243;][et_pb_column type=&#8221;4_4&#8243; _builder_version=&#8221;4.16&#8243; _module_preset=&#8221;default&#8221; background_position=&#8221;top_left&#8221; custom_padding=&#8221;|||&#8221; global_colors_info=&#8221;{}&#8221; custom_padding__hover=&#8221;|||&#8221;][et_pb_text admin_label=&#8221;Hero Title&#8221; _builder_version=&#8221;4.27.4&#8243; _module_preset=&#8221;default&#8221; text_font=&#8221;||||&#8221; text_text_color=&#8221;#FFFFFF&#8221; header_font=&#8221;Oswald|700||||on|||&#8221; header_text_align=&#8221;left&#8221; header_font_size=&#8221;50px&#8221; header_line_height=&#8221;1.3em&#8221; custom_margin=&#8221;||10px|30px|false|false&#8221; custom_margin_last_edited=&#8221;off|phone&#8221; custom_padding=&#8221;|||&#8221; custom_padding_tablet=&#8221;|||&#8221; custom_padding_phone=&#8221;|||&#8221; custom_padding_last_edited=&#8221;on|desktop&#8221; animation_style=&#8221;slide&#8221; animation_direction=&#8221;top&#8221; animation_intensity_slide=&#8221;10%&#8221; hover_enabled=&#8221;0&#8243; text_text_shadow_style=&#8221;preset2&#8243; locked=&#8221;off&#8221; global_colors_info=&#8221;{}&#8221; custom_margin__hover_enabled=&#8221;off|desktop&#8221; sticky_enabled=&#8221;0&#8243;]<\/p>\n<h1>Laboratoire Ava<\/h1>\n<p>[\/et_pb_text][et_pb_divider divider_position=&#8221;center&#8221; divider_weight=&#8221;3px&#8221; disabled_on=&#8221;on|on|off%22&#8243; _builder_version=&#8221;4.17.4&#8243; _module_preset=&#8221;default&#8221; max_width=&#8221;150px&#8221; height=&#8221;false&#8221; custom_margin=&#8221;0px||100px|30px|false|false&#8221; animation_style=&#8221;slide&#8221; animation_direction=&#8221;top&#8221; animation_delay=&#8221;100ms&#8221; animation_intensity_slide=&#8221;10%&#8221; locked=&#8221;off&#8221; global_colors_info=&#8221;{}&#8221;][\/et_pb_divider][\/et_pb_column][\/et_pb_row][\/et_pb_section][et_pb_section fb_built=&#8221;1&#8243; _builder_version=&#8221;4.18.0&#8243; _module_preset=&#8221;default&#8221; custom_padding=&#8221;80px||||false|false&#8221; global_colors_info=&#8221;{}&#8221;][et_pb_row _builder_version=&#8221;4.17.4&#8243; _module_preset=&#8221;default&#8221; global_colors_info=&#8221;{}&#8221;][et_pb_column type=&#8221;4_4&#8243; _builder_version=&#8221;4.16&#8243; _module_preset=&#8221;default&#8221; custom_padding=&#8221;|||&#8221; global_colors_info=&#8221;{}&#8221; custom_padding__hover=&#8221;|||&#8221;][et_pb_text admin_label=&#8221;Sub Title&#8221; _builder_version=&#8221;4.19.4&#8243; _module_preset=&#8221;default&#8221; text_font=&#8221;Roboto|700|||||||&#8221; text_text_color=&#8221;#8CA25B&#8221; text_font_size=&#8221;24px&#8221; text_line_height=&#8221;1.4em&#8221; background_size=&#8221;initial&#8221; background_position=&#8221;top_left&#8221; background_repeat=&#8221;repeat&#8221; custom_padding=&#8221;30px|||&#8221; animation_style=&#8221;slide&#8221; animation_direction=&#8221;top&#8221; animation_delay=&#8221;200ms&#8221; animation_intensity_slide=&#8221;10%&#8221; locked=&#8221;off&#8221; global_colors_info=&#8221;{}&#8221;]<\/p>\n<p>ARGILE DU VELAY is working in partnership with the Laboratoire AVA to develop and manufacture finished products in accordance with customers\u2019 needs.<\/p>\n<p>This laboratory, innovative in its technology, is located closed to ARGILE DU VELAY\u2019s company.<\/p>\n<p>[\/et_pb_text][\/et_pb_column][\/et_pb_row][\/et_pb_section][et_pb_section fb_built=&#8221;1&#8243; _builder_version=&#8221;4.18.0&#8243; _module_preset=&#8221;default&#8221; custom_padding=&#8221;0px||0px||false|false&#8221; global_colors_info=&#8221;{}&#8221;][et_pb_row column_structure=&#8221;1_3,2_3&#8243; _builder_version=&#8221;4.17.4&#8243; _module_preset=&#8221;default&#8221; global_colors_info=&#8221;{}&#8221;][et_pb_column type=&#8221;1_3&#8243; _builder_version=&#8221;4.16&#8243; _module_preset=&#8221;default&#8221; custom_padding=&#8221;|||&#8221; global_colors_info=&#8221;{}&#8221; custom_padding__hover=&#8221;|||&#8221;][et_pb_image src=&#8221;https:\/\/argileduvelay.com\/wp-content\/uploads\/2022\/12\/Laboratoire-AVA.png&#8221; alt=&#8221;Laboratoire AVA, French cosmetic laboratory based on Clay&#8221; title_text=&#8221;Laboratoire Ava&#8221; force_fullwidth=&#8221;on&#8221; align_tablet=&#8221;center&#8221; align_phone=&#8221;center&#8221; align_last_edited=&#8221;on|desktop&#8221; _builder_version=&#8221;4.19.2&#8243; _module_preset=&#8221;default&#8221; custom_margin=&#8221;|||&#8221; animation_style=&#8221;slide&#8221; animation_direction=&#8221;%22fade_in%22&#8243; animation_duration=&#8221;500ms&#8221; animation_intensity_slide=&#8221;10%&#8221; animation=&#8221;fade_in&#8221; global_colors_info=&#8221;{}&#8221;][\/et_pb_image][\/et_pb_column][et_pb_column type=&#8221;2_3&#8243; _builder_version=&#8221;4.16&#8243; _module_preset=&#8221;default&#8221; custom_padding=&#8221;|||&#8221; global_colors_info=&#8221;{}&#8221; custom_padding__hover=&#8221;|||&#8221;][et_pb_text _builder_version=&#8221;4.27.4&#8243; _module_preset=&#8221;default&#8221; text_font=&#8221;Roboto||||&#8221; text_font_size=&#8221;16px&#8221; text_line_height=&#8221;1.9em&#8221; background_size=&#8221;initial&#8221; background_position=&#8221;top_left&#8221; background_repeat=&#8221;repeat&#8221; max_width=&#8221;450px&#8221; custom_margin=&#8221;0px||||false|false&#8221; custom_padding=&#8221;||60px|&#8221; animation_style=&#8221;slide&#8221; animation_direction=&#8221;top&#8221; animation_delay=&#8221;400ms&#8221; animation_intensity_slide=&#8221;4%&#8221; locked=&#8221;off&#8221; global_colors_info=&#8221;{}&#8221;]<\/p>\n<p>Laboratoire AVA can offer conventional products as well as products certified according to the COSMOS standard :<\/p>\n<ul>\n<li>Clay powders<\/li>\n<li>Clay pastes<\/li>\n<li>Clay masks<\/li>\n<li>Clay toothpastes<\/li>\n<li>Clay shampoos<\/li>\n<\/ul>\n<p>[\/et_pb_text][\/et_pb_column][\/et_pb_row][\/et_pb_section]<\/p>\n","protected":false},"excerpt":{"rendered":"<p>Laboratoire AvaARGILE DU VELAY is working in partnership with the Laboratoire AVA to develop and manufacture finished products in accordance with customers\u2019 needs. This laboratory, innovative in its technology, is located closed to ARGILE DU VELAY\u2019s company.Laboratoire AVA can offer conventional products as well as products certified according to the COSMOS standard : Clay powders [&hellip;]<\/p>\n","protected":false},"author":1,"featured_media":0,"parent":2326,"menu_order":0,"comment_status":"closed","ping_status":"closed","template":"","meta":{"_et_pb_use_builder":"on","_et_pb_old_content":"","_et_gb_content_width":"","footnotes":""},"class_list":["post-2377","page","type-page","status-publish","hentry"],"yoast_head":"<!-- This site is optimized with the Yoast SEO plugin v27.3 - https:\/\/yoast.com\/product\/yoast-seo-wordpress\/ -->\n<title>Cosmetic clay : Laboratoire Ava, cosmetics laboratory<\/title>\n<meta name=\"description\" content=\"Cosmetic clay : Laboratoire Ava, Argile du Velay cosmetics laboratory, develops and manufactures cosmetics in order to meet our clients\u2019 needs.\" \/>\n<meta name=\"robots\" content=\"index, follow, max-snippet:-1, max-image-preview:large, max-video-preview:-1\" \/>\n<link rel=\"canonical\" href=\"https:\/\/argileduvelay.com\/en\/our-offer\/ava-lab\/\" \/>\n<meta property=\"og:locale\" content=\"en_US\" \/>\n<meta property=\"og:type\" content=\"article\" \/>\n<meta property=\"og:title\" content=\"Cosmetic clay : Laboratoire Ava, cosmetics laboratory\" \/>\n<meta property=\"og:description\" content=\"Cosmetic clay : Laboratoire Ava, Argile du Velay cosmetics laboratory, develops and manufactures cosmetics in order to meet our clients\u2019 needs.\" \/>\n<meta property=\"og:url\" content=\"https:\/\/argileduvelay.com\/en\/our-offer\/ava-lab\/\" \/>\n<meta property=\"og:site_name\" content=\"Argile du Velay\" \/>\n<meta property=\"article:publisher\" content=\"https:\/\/www.facebook.com\/argile.duvelay\" \/>\n<meta property=\"article:modified_time\" content=\"2025-11-24T12:46:11+00:00\" \/>\n<meta name=\"twitter:card\" content=\"summary_large_image\" \/>\n<meta name=\"twitter:label1\" content=\"Est. reading time\" \/>\n\t<meta name=\"twitter:data1\" content=\"1 minute\" \/>\n<script type=\"application\/ld+json\" class=\"yoast-schema-graph\">{\"@context\":\"https:\\\/\\\/schema.org\",\"@graph\":[{\"@type\":\"WebPage\",\"@id\":\"https:\\\/\\\/argileduvelay.com\\\/en\\\/our-offer\\\/ava-lab\\\/\",\"url\":\"https:\\\/\\\/argileduvelay.com\\\/en\\\/our-offer\\\/ava-lab\\\/\",\"name\":\"Cosmetic clay : Laboratoire Ava, cosmetics laboratory\",\"isPartOf\":{\"@id\":\"https:\\\/\\\/argileduvelay.com\\\/en\\\/#website\"},\"datePublished\":\"2022-10-13T08:36:38+00:00\",\"dateModified\":\"2025-11-24T12:46:11+00:00\",\"description\":\"Cosmetic clay : Laboratoire Ava, Argile du Velay cosmetics laboratory, develops and manufactures cosmetics in order to meet our clients\u2019 needs.\",\"breadcrumb\":{\"@id\":\"https:\\\/\\\/argileduvelay.com\\\/en\\\/our-offer\\\/ava-lab\\\/#breadcrumb\"},\"inLanguage\":\"en-US\",\"potentialAction\":[{\"@type\":\"ReadAction\",\"target\":[\"https:\\\/\\\/argileduvelay.com\\\/en\\\/our-offer\\\/ava-lab\\\/\"]}]},{\"@type\":\"BreadcrumbList\",\"@id\":\"https:\\\/\\\/argileduvelay.com\\\/en\\\/our-offer\\\/ava-lab\\\/#breadcrumb\",\"itemListElement\":[{\"@type\":\"ListItem\",\"position\":1,\"name\":\"Accueil\",\"item\":\"https:\\\/\\\/argileduvelay.com\\\/en\\\/\"},{\"@type\":\"ListItem\",\"position\":2,\"name\":\"Health and cosmetic clay supplier : our offer of clay products\",\"item\":\"https:\\\/\\\/argileduvelay.com\\\/en\\\/our-offer\\\/\"},{\"@type\":\"ListItem\",\"position\":3,\"name\":\"Cosmetic clay : Laboratoire Ava, cosmetics laboratory\"}]},{\"@type\":\"WebSite\",\"@id\":\"https:\\\/\\\/argileduvelay.com\\\/en\\\/#website\",\"url\":\"https:\\\/\\\/argileduvelay.com\\\/en\\\/\",\"name\":\"Argile du Velay\",\"description\":\"Fabricant fran\u00e7ais d'argile verte bio pour cosm\u00e9tique, hygi\u00e8ne animale, spa...\",\"publisher\":{\"@id\":\"https:\\\/\\\/argileduvelay.com\\\/en\\\/#organization\"},\"potentialAction\":[{\"@type\":\"SearchAction\",\"target\":{\"@type\":\"EntryPoint\",\"urlTemplate\":\"https:\\\/\\\/argileduvelay.com\\\/en\\\/?s={search_term_string}\"},\"query-input\":{\"@type\":\"PropertyValueSpecification\",\"valueRequired\":true,\"valueName\":\"search_term_string\"}}],\"inLanguage\":\"en-US\"},{\"@type\":\"Organization\",\"@id\":\"https:\\\/\\\/argileduvelay.com\\\/en\\\/#organization\",\"name\":\"Argile du Velay\",\"url\":\"https:\\\/\\\/argileduvelay.com\\\/en\\\/\",\"logo\":{\"@type\":\"ImageObject\",\"inLanguage\":\"en-US\",\"@id\":\"https:\\\/\\\/argileduvelay.com\\\/en\\\/#\\\/schema\\\/logo\\\/image\\\/\",\"url\":\"https:\\\/\\\/argileduvelay.com\\\/wp-content\\\/uploads\\\/2022\\\/09\\\/logo_ARGILE_DU_VELAY-HD-ok.png\",\"contentUrl\":\"https:\\\/\\\/argileduvelay.com\\\/wp-content\\\/uploads\\\/2022\\\/09\\\/logo_ARGILE_DU_VELAY-HD-ok.png\",\"width\":2520,\"height\":1450,\"caption\":\"Argile du Velay\"},\"image\":{\"@id\":\"https:\\\/\\\/argileduvelay.com\\\/en\\\/#\\\/schema\\\/logo\\\/image\\\/\"},\"sameAs\":[\"https:\\\/\\\/www.facebook.com\\\/argile.duvelay\",\"https:\\\/\\\/www.instagram.com\\\/argileduvelay43\\\/\",\"https:\\\/\\\/www.linkedin.com\\\/company\\\/argile-du-velay\\\/\"]}]}<\/script>\n<!-- \/ Yoast SEO plugin. -->","yoast_head_json":{"title":"Cosmetic clay : Laboratoire Ava, cosmetics laboratory","description":"Cosmetic clay : Laboratoire Ava, Argile du Velay cosmetics laboratory, develops and manufactures cosmetics in order to meet our clients\u2019 needs.","robots":{"index":"index","follow":"follow","max-snippet":"max-snippet:-1","max-image-preview":"max-image-preview:large","max-video-preview":"max-video-preview:-1"},"canonical":"https:\/\/argileduvelay.com\/en\/our-offer\/ava-lab\/","og_locale":"en_US","og_type":"article","og_title":"Cosmetic clay : Laboratoire Ava, cosmetics laboratory","og_description":"Cosmetic clay : Laboratoire Ava, Argile du Velay cosmetics laboratory, develops and manufactures cosmetics in order to meet our clients\u2019 needs.","og_url":"https:\/\/argileduvelay.com\/en\/our-offer\/ava-lab\/","og_site_name":"Argile du Velay","article_publisher":"https:\/\/www.facebook.com\/argile.duvelay","article_modified_time":"2025-11-24T12:46:11+00:00","twitter_card":"summary_large_image","twitter_misc":{"Est. reading time":"1 minute"},"schema":{"@context":"https:\/\/schema.org","@graph":[{"@type":"WebPage","@id":"https:\/\/argileduvelay.com\/en\/our-offer\/ava-lab\/","url":"https:\/\/argileduvelay.com\/en\/our-offer\/ava-lab\/","name":"Cosmetic clay : Laboratoire Ava, cosmetics laboratory","isPartOf":{"@id":"https:\/\/argileduvelay.com\/en\/#website"},"datePublished":"2022-10-13T08:36:38+00:00","dateModified":"2025-11-24T12:46:11+00:00","description":"Cosmetic clay : Laboratoire Ava, Argile du Velay cosmetics laboratory, develops and manufactures cosmetics in order to meet our clients\u2019 needs.","breadcrumb":{"@id":"https:\/\/argileduvelay.com\/en\/our-offer\/ava-lab\/#breadcrumb"},"inLanguage":"en-US","potentialAction":[{"@type":"ReadAction","target":["https:\/\/argileduvelay.com\/en\/our-offer\/ava-lab\/"]}]},{"@type":"BreadcrumbList","@id":"https:\/\/argileduvelay.com\/en\/our-offer\/ava-lab\/#breadcrumb","itemListElement":[{"@type":"ListItem","position":1,"name":"Accueil","item":"https:\/\/argileduvelay.com\/en\/"},{"@type":"ListItem","position":2,"name":"Health and cosmetic clay supplier : our offer of clay products","item":"https:\/\/argileduvelay.com\/en\/our-offer\/"},{"@type":"ListItem","position":3,"name":"Cosmetic clay : Laboratoire Ava, cosmetics laboratory"}]},{"@type":"WebSite","@id":"https:\/\/argileduvelay.com\/en\/#website","url":"https:\/\/argileduvelay.com\/en\/","name":"Argile du Velay","description":"Fabricant fran\u00e7ais d'argile verte bio pour cosm\u00e9tique, hygi\u00e8ne animale, spa...","publisher":{"@id":"https:\/\/argileduvelay.com\/en\/#organization"},"potentialAction":[{"@type":"SearchAction","target":{"@type":"EntryPoint","urlTemplate":"https:\/\/argileduvelay.com\/en\/?s={search_term_string}"},"query-input":{"@type":"PropertyValueSpecification","valueRequired":true,"valueName":"search_term_string"}}],"inLanguage":"en-US"},{"@type":"Organization","@id":"https:\/\/argileduvelay.com\/en\/#organization","name":"Argile du Velay","url":"https:\/\/argileduvelay.com\/en\/","logo":{"@type":"ImageObject","inLanguage":"en-US","@id":"https:\/\/argileduvelay.com\/en\/#\/schema\/logo\/image\/","url":"https:\/\/argileduvelay.com\/wp-content\/uploads\/2022\/09\/logo_ARGILE_DU_VELAY-HD-ok.png","contentUrl":"https:\/\/argileduvelay.com\/wp-content\/uploads\/2022\/09\/logo_ARGILE_DU_VELAY-HD-ok.png","width":2520,"height":1450,"caption":"Argile du Velay"},"image":{"@id":"https:\/\/argileduvelay.com\/en\/#\/schema\/logo\/image\/"},"sameAs":["https:\/\/www.facebook.com\/argile.duvelay","https:\/\/www.instagram.com\/argileduvelay43\/","https:\/\/www.linkedin.com\/company\/argile-du-velay\/"]}]}},"_links":{"self":[{"href":"https:\/\/argileduvelay.com\/en\/wp-json\/wp\/v2\/pages\/2377","targetHints":{"allow":["GET"]}}],"collection":[{"href":"https:\/\/argileduvelay.com\/en\/wp-json\/wp\/v2\/pages"}],"about":[{"href":"https:\/\/argileduvelay.com\/en\/wp-json\/wp\/v2\/types\/page"}],"author":[{"embeddable":true,"href":"https:\/\/argileduvelay.com\/en\/wp-json\/wp\/v2\/users\/1"}],"replies":[{"embeddable":true,"href":"https:\/\/argileduvelay.com\/en\/wp-json\/wp\/v2\/comments?post=2377"}],"version-history":[{"count":16,"href":"https:\/\/argileduvelay.com\/en\/wp-json\/wp\/v2\/pages\/2377\/revisions"}],"predecessor-version":[{"id":3512,"href":"https:\/\/argileduvelay.com\/en\/wp-json\/wp\/v2\/pages\/2377\/revisions\/3512"}],"up":[{"embeddable":true,"href":"https:\/\/argileduvelay.com\/en\/wp-json\/wp\/v2\/pages\/2326"}],"wp:attachment":[{"href":"https:\/\/argileduvelay.com\/en\/wp-json\/wp\/v2\/media?parent=2377"}],"curies":[{"name":"wp","href":"https:\/\/api.w.org\/{rel}","templated":true}]}}