{"id":2909,"date":"2022-10-26T18:56:40","date_gmt":"2022-10-26T16:56:40","guid":{"rendered":"https:\/\/argileduvelay.com\/empresa\/una-arcilla-secada-al-sol-pero-no-solo\/"},"modified":"2023-04-19T19:04:09","modified_gmt":"2023-04-19T17:04:09","slug":"una-arcilla-secada-al-sol-pero-no-solo","status":"publish","type":"page","link":"https:\/\/argileduvelay.com\/es\/empresa\/una-arcilla-secada-al-sol-pero-no-solo\/","title":{"rendered":"una arcilla secada al sol\u2026 \u00a1pero no solo!"},"content":{"rendered":"<p>[et_pb_section fb_built=\u00bb1&#8243; admin_label=\u00bbHero\u00bb _builder_version=\u00bb4.19.2&#8243; _module_preset=\u00bbdefault\u00bb background_image=\u00bbhttps:\/\/argileduvelay.com\/wp-content\/uploads\/2022\/12\/sechee-au-soleil.jpg\u00bb custom_padding=\u00bb110px|||\u00bb saved_tabs=\u00bball\u00bb global_colors_info=\u00bb{}\u00bb][et_pb_row module_class=\u00bb et_pb_row_fullwidth\u00bb _builder_version=\u00bb4.17.4&#8243; _module_preset=\u00bbdefault\u00bb width_tablet=\u00bb100%\u00bb width_phone=\u00bb100%\u00bb width_last_edited=\u00bbon|desktop\u00bb max_width_tablet=\u00bb100%\u00bb max_width_phone=\u00bb100%\u00bb max_width_last_edited=\u00bbon|desktop\u00bb custom_margin=\u00bb|||\u00bb custom_padding=\u00bb|||\u00bb make_fullwidth=\u00bbon\u00bb global_colors_info=\u00bb{}\u00bb][et_pb_column type=\u00bb4_4&#8243; _builder_version=\u00bb4.16&#8243; _module_preset=\u00bbdefault\u00bb background_position=\u00bbtop_left\u00bb custom_padding=\u00bb|||\u00bb global_colors_info=\u00bb{}\u00bb custom_padding__hover=\u00bb|||\u00bb][et_pb_text admin_label=\u00bbHero Title\u00bb _builder_version=\u00bb4.19.2&#8243; _module_preset=\u00bbdefault\u00bb text_font=\u00bb||||\u00bb text_text_color=\u00bb#1a1a1a\u00bb header_font=\u00bbOswald|700||||on|||\u00bb header_text_align=\u00bbleft\u00bb header_font_size=\u00bb50px\u00bb header_line_height=\u00bb1.3em\u00bb background_layout=\u00bbdark\u00bb custom_margin=\u00bb||10px|30px|false|false\u00bb custom_margin_last_edited=\u00bboff|phone\u00bb custom_padding=\u00bb|||\u00bb custom_padding_tablet=\u00bb|||\u00bb custom_padding_phone=\u00bb|||\u00bb custom_padding_last_edited=\u00bbon|desktop\u00bb animation_style=\u00bbslide\u00bb animation_direction=\u00bbtop\u00bb animation_intensity_slide=\u00bb10%\u00bb text_text_shadow_style=\u00bbpreset2&#8243; locked=\u00bboff\u00bb global_colors_info=\u00bb{}\u00bb custom_margin__hover_enabled=\u00bboff|desktop\u00bb]<\/p>\n<h1>Una arcilla secada al sol\u2026 \u00a1pero no solo!<\/h1>\n<p>[\/et_pb_text][et_pb_divider divider_position=\u00bbcenter\u00bb divider_weight=\u00bb3px\u00bb disabled_on=\u00bbon|on|off%22&#8243; _builder_version=\u00bb4.17.4&#8243; _module_preset=\u00bbdefault\u00bb max_width=\u00bb150px\u00bb height=\u00bbfalse\u00bb custom_margin=\u00bb0px||100px|30px|false|false\u00bb animation_style=\u00bbslide\u00bb animation_direction=\u00bbtop\u00bb animation_delay=\u00bb100ms\u00bb animation_intensity_slide=\u00bb10%\u00bb locked=\u00bboff\u00bb global_colors_info=\u00bb{}\u00bb][\/et_pb_divider][\/et_pb_column][\/et_pb_row][\/et_pb_section][et_pb_section fb_built=\u00bb1&#8243; _builder_version=\u00bb4.18.0&#8243; _module_preset=\u00bbdefault\u00bb custom_padding=\u00bb80px||||false|false\u00bb global_colors_info=\u00bb{}\u00bb][et_pb_row _builder_version=\u00bb4.17.4&#8243; _module_preset=\u00bbdefault\u00bb global_colors_info=\u00bb{}\u00bb][et_pb_column type=\u00bb4_4&#8243; _builder_version=\u00bb4.16&#8243; _module_preset=\u00bbdefault\u00bb custom_padding=\u00bb|||\u00bb global_colors_info=\u00bb{}\u00bb custom_padding__hover=\u00bb|||\u00bb][et_pb_text admin_label=\u00bbSub Title\u00bb _builder_version=\u00bb4.19.2&#8243; _module_preset=\u00bbdefault\u00bb text_font=\u00bbRoboto|700|||||||\u00bb text_text_color=\u00bb#8CA25B\u00bb text_font_size=\u00bb24px\u00bb text_line_height=\u00bb1.4em\u00bb background_size=\u00bbinitial\u00bb background_position=\u00bbtop_left\u00bb background_repeat=\u00bbrepeat\u00bb custom_padding=\u00bb30px|||\u00bb animation_style=\u00bbslide\u00bb animation_direction=\u00bbtop\u00bb animation_delay=\u00bb200ms\u00bb animation_intensity_slide=\u00bb10%\u00bb locked=\u00bboff\u00bb global_colors_info=\u00bb{}\u00bb]<\/p>\n<p>Desde hace m\u00e1s de 40 a\u00f1os, ARGILE DU VELAY tiene el honor de suministrar arcillas de alta calidad en todo el mundo mediante un proceso de fabricaci\u00f3n que respeta el mineral y las normativas vigentes.<\/p>\n<p>[\/et_pb_text][et_pb_text _builder_version=\u00bb4.19.2&#8243; _module_preset=\u00bbdefault\u00bb global_colors_info=\u00bb{}\u00bb]<\/p>\n<p>Nuestros yacimientos est\u00e1n ubicados en la vertiente sur, lo que permite que las arcillas capturen y se alimenten de los rayos del sol.<\/p>\n<p>No obstante, si el secado al sol permitiera tener un producto saludable y seguro para los consumidores, ARGILE DU VELAY no habr\u00eda invertido en una innovadora unidad de deshidrataci\u00f3n en donde la arcilla se desinfecta con aire caliente destruyendo todos los pat\u00f3genos, bacterias y mohos potenciales.<\/p>\n<p>[\/et_pb_text][\/et_pb_column][\/et_pb_row][\/et_pb_section][et_pb_section fb_built=\u00bb1&#8243; _builder_version=\u00bb4.18.0&#8243; _module_preset=\u00bbdefault\u00bb custom_padding=\u00bb0px||0px||false|false\u00bb global_colors_info=\u00bb{}\u00bb][et_pb_row _builder_version=\u00bb4.18.0&#8243; _module_preset=\u00bbdefault\u00bb global_colors_info=\u00bb{}\u00bb][et_pb_column type=\u00bb4_4&#8243; _builder_version=\u00bb4.18.0&#8243; _module_preset=\u00bbdefault\u00bb global_colors_info=\u00bb{}\u00bb][et_pb_text _builder_version=\u00bb4.19.2&#8243; _module_preset=\u00bbdefault\u00bb text_font=\u00bb||||||||\u00bb text_font_size=\u00bb16px\u00bb text_line_height=\u00bb1.9em\u00bb animation_style=\u00bbfade\u00bb animation_duration=\u00bb1500ms\u00bb hover_enabled=\u00bb0&#8243; global_colors_info=\u00bb{}\u00bb sticky_enabled=\u00bb0&#8243;]<\/p>\n<p><strong>\u00bfPor qu\u00e9 no solo secar la Arcilla Verde de Velay al sol?<\/strong><\/p>\n<p>Es una utop\u00eda creer que solo el calor del sol permite obtener un mineral capaz de cumplir con las legislaciones m\u00e1s estrictas como las que impone, en particular, el mercado mundial de la cosm\u00e9tica.<\/p>\n<p><strong>El secado al sol no protege la arcilla de la contaminaci\u00f3n por excrementos de animales<\/strong> (p\u00e1jaros, gatos u otros) que la traspasar\u00e1n durante esta fase y seguramente. Estos pat\u00f3genos ser\u00e1n bien recibidos en sus productos de arcilla.<\/p>\n<p>Una extracci\u00f3n y un <strong>secado al sol<\/strong> de la arcilla en la regi\u00f3n de \u00abIle de France \u00bb inevitablemente conducen a la <strong>contaminaci\u00f3n con dioxinas y otros gases industriales.<\/strong> En efecto, la arcilla captar\u00e1 por medio de su mecanismo de adsorci\u00f3n, la contaminaci\u00f3n atmosf\u00e9rica que hay durante varios meses al a\u00f1o en este sector. Estas toxinas estar\u00e1n presentes en su mascarilla de arcilla desintoxicante incluso antes de la aplicaci\u00f3n.<\/p>\n<p>Cabe se\u00f1alar que la contaminaci\u00f3n de la arcilla con dioxinas y pesticidas no forma parte de los elementos reguladores limitantes en una arcilla cosm\u00e9tica en la UE. En la normativa de arcillas utilizadas en \u00ab Termalismo \u00bb, estos elementos deben ser inexistentes para ser clasificadas como arcillas para la salud y el bienestar.<\/p>\n<p><strong>Es por esta raz\u00f3n, teniendo como prioridad la salud p\u00fablica a largo plazo, que ARGILE DU VELAY ha elegido combinar los dep\u00f3sitos de arcilla:<\/strong><\/p>\n<ul>\n<li>Orientados al sur y nutrido por el sol, para captar su energ\u00eda<\/li>\n<li>Ubicados en un \u00e1rea natural de Auvernia, lejos de la contaminaci\u00f3n y el uso de pesticidas<\/li>\n<li>Reforzados por un innovador proceso para desinfectar la arcilla con aire caliente<\/li>\n<\/ul>\n<p>Con el fin de conservar todas las propiedades y proporcionarle un ingrediente seguro para su cuerpo.<\/p>\n<p>[\/et_pb_text][\/et_pb_column][\/et_pb_row][\/et_pb_section][et_pb_section fb_built=\u00bb1&#8243; _builder_version=\u00bb4.18.0&#8243; _module_preset=\u00bbdefault\u00bb custom_padding=\u00bb50px||0px||false|false\u00bb global_colors_info=\u00bb{}\u00bb][et_pb_row _builder_version=\u00bb4.17.4&#8243; _module_preset=\u00bbdefault\u00bb global_colors_info=\u00bb{}\u00bb][et_pb_column type=\u00bb4_4&#8243; _builder_version=\u00bb4.16&#8243; _module_preset=\u00bbdefault\u00bb custom_padding=\u00bb|||\u00bb global_colors_info=\u00bb{}\u00bb custom_padding__hover=\u00bb|||\u00bb][et_pb_text admin_label=\u00bbTitle\u00bb _builder_version=\u00bb4.18.0&#8243; _module_preset=\u00bbdefault\u00bb text_font=\u00bb||||\u00bb text_text_color=\u00bb#1a1a1a\u00bb header_font=\u00bbOswald|700||||on|||\u00bb header_text_align=\u00bbleft\u00bb header_font_size=\u00bb50px\u00bb header_line_height=\u00bb1.3em\u00bb custom_margin=\u00bb|||\u00bb custom_padding=\u00bb|||\u00bb animation_style=\u00bbslide\u00bb animation_direction=\u00bbtop\u00bb animation_intensity_slide=\u00bb10%\u00bb locked=\u00bboff\u00bb global_colors_info=\u00bb{}\u00bb]<\/p>\n<h1>PARA TOMAR EN CUENTA<\/h1>\n<p>[\/et_pb_text][et_pb_divider divider_position=\u00bbcenter\u00bb divider_weight=\u00bb3px\u00bb disabled_on=\u00bbon|on|off%22&#8243; _builder_version=\u00bb4.18.0&#8243; _module_preset=\u00bbdefault\u00bb max_width=\u00bb150px\u00bb height=\u00bbfalse\u00bb custom_margin=\u00bb30px|||\u00bb animation_style=\u00bbslide\u00bb animation_direction=\u00bbtop\u00bb animation_delay=\u00bb100ms\u00bb animation_intensity_slide=\u00bb10%\u00bb locked=\u00bboff\u00bb global_colors_info=\u00bb{}\u00bb][\/et_pb_divider][\/et_pb_column][\/et_pb_row][\/et_pb_section][et_pb_section fb_built=\u00bb1&#8243; _builder_version=\u00bb4.18.0&#8243; _module_preset=\u00bbdefault\u00bb custom_margin=\u00bb||100px||false|false\u00bb global_colors_info=\u00bb{}\u00bb][et_pb_row column_structure=\u00bb1_3,1_3,1_3&#8243; _builder_version=\u00bb4.18.0&#8243; _module_preset=\u00bbdefault\u00bb global_colors_info=\u00bb{}\u00bb][et_pb_column type=\u00bb1_3&#8243; _builder_version=\u00bb4.18.0&#8243; _module_preset=\u00bbdefault\u00bb global_colors_info=\u00bb{}\u00bb][et_pb_text _builder_version=\u00bb4.18.0&#8243; _module_preset=\u00bbdefault\u00bb header_3_text_color=\u00bb#8CA25B\u00bb global_colors_info=\u00bb{}\u00bb]<\/p>\n<p>Dep\u00f3sitos ubicados en un \u00e1rea natural clasificada ZNIEFF, lejos de cualquier contaminaci\u00f3n y uso de pesticidas.<\/p>\n<p>[\/et_pb_text][\/et_pb_column][et_pb_column type=\u00bb1_3&#8243; _builder_version=\u00bb4.18.0&#8243; _module_preset=\u00bbdefault\u00bb global_colors_info=\u00bb{}\u00bb][et_pb_text _builder_version=\u00bb4.18.0&#8243; _module_preset=\u00bbdefault\u00bb header_3_text_color=\u00bb#8CA25B\u00bb global_colors_info=\u00bb{}\u00bb]<\/p>\n<p>El secado al sol por s\u00ed solo no permite obtener un mineral que cumpla con los requisitos microbiol\u00f3gicos m\u00e1s estrictos.<\/p>\n<p>[\/et_pb_text][\/et_pb_column][et_pb_column type=\u00bb1_3&#8243; _builder_version=\u00bb4.18.0&#8243; _module_preset=\u00bbdefault\u00bb global_colors_info=\u00bb{}\u00bb][et_pb_text _builder_version=\u00bb4.18.0&#8243; _module_preset=\u00bbdefault\u00bb header_3_text_color=\u00bb#8CA25B\u00bb global_colors_info=\u00bb{}\u00bb]<\/p>\n<p>Innovador proceso de deshidrataci\u00f3n que desinfecta la arcilla conservando sus caracter\u00edsticas originales.<\/p>\n<p>[\/et_pb_text][\/et_pb_column][\/et_pb_row][\/et_pb_section]<\/p>\n","protected":false},"excerpt":{"rendered":"<p>Una arcilla secada al sol\u2026 \u00a1pero no solo!Desde hace m\u00e1s de 40 a\u00f1os, ARGILE DU VELAY tiene el honor de suministrar arcillas de alta calidad en todo el mundo mediante un proceso de fabricaci\u00f3n que respeta el mineral y las normativas vigentes.Nuestros yacimientos est\u00e1n ubicados en la vertiente sur, lo que permite que las arcillas [&hellip;]<\/p>\n","protected":false},"author":1,"featured_media":0,"parent":2894,"menu_order":0,"comment_status":"closed","ping_status":"closed","template":"","meta":{"_et_pb_use_builder":"on","_et_pb_old_content":"","_et_gb_content_width":"","footnotes":""},"class_list":["post-2909","page","type-page","status-publish","hentry"],"yoast_head":"<!-- This site is optimized with the Yoast SEO plugin v27.3 - https:\/\/yoast.com\/product\/yoast-seo-wordpress\/ -->\n<title>una arcilla secada al sol\u2026 \u00a1pero no solo!<\/title>\n<meta name=\"description\" content=\"Argile du Velay ofrece arcilla verde secada al sol de calidad. Gracias al secado al sol complementado con un innovador proceso de deshidrataci\u00f3n, la arcilla verde de Argile du Velay cumple con los est\u00e1ndares internacionales.\" \/>\n<meta name=\"robots\" content=\"index, follow, max-snippet:-1, max-image-preview:large, max-video-preview:-1\" \/>\n<link rel=\"canonical\" href=\"https:\/\/argileduvelay.com\/es\/empresa\/una-arcilla-secada-al-sol-pero-no-solo\/\" \/>\n<meta property=\"og:locale\" content=\"es_ES\" \/>\n<meta property=\"og:type\" content=\"article\" \/>\n<meta property=\"og:title\" content=\"una arcilla secada al sol\u2026 \u00a1pero no solo!\" \/>\n<meta property=\"og:description\" content=\"Argile du Velay ofrece arcilla verde secada al sol de calidad. Gracias al secado al sol complementado con un innovador proceso de deshidrataci\u00f3n, la arcilla verde de Argile du Velay cumple con los est\u00e1ndares internacionales.\" \/>\n<meta property=\"og:url\" content=\"https:\/\/argileduvelay.com\/es\/empresa\/una-arcilla-secada-al-sol-pero-no-solo\/\" \/>\n<meta property=\"og:site_name\" content=\"Argile du Velay\" \/>\n<meta property=\"article:publisher\" content=\"https:\/\/www.facebook.com\/argile.duvelay\" \/>\n<meta property=\"article:modified_time\" content=\"2023-04-19T17:04:09+00:00\" \/>\n<meta name=\"twitter:card\" content=\"summary_large_image\" \/>\n<meta name=\"twitter:label1\" content=\"Tiempo de lectura\" \/>\n\t<meta name=\"twitter:data1\" content=\"6 minutos\" \/>\n<script type=\"application\/ld+json\" class=\"yoast-schema-graph\">{\"@context\":\"https:\\\/\\\/schema.org\",\"@graph\":[{\"@type\":\"WebPage\",\"@id\":\"https:\\\/\\\/argileduvelay.com\\\/es\\\/empresa\\\/una-arcilla-secada-al-sol-pero-no-solo\\\/\",\"url\":\"https:\\\/\\\/argileduvelay.com\\\/es\\\/empresa\\\/una-arcilla-secada-al-sol-pero-no-solo\\\/\",\"name\":\"una arcilla secada al sol\u2026 \u00a1pero no solo!\",\"isPartOf\":{\"@id\":\"https:\\\/\\\/argileduvelay.com\\\/es\\\/#website\"},\"datePublished\":\"2022-10-26T16:56:40+00:00\",\"dateModified\":\"2023-04-19T17:04:09+00:00\",\"description\":\"Argile du Velay ofrece arcilla verde secada al sol de calidad. Gracias al secado al sol complementado con un innovador proceso de deshidrataci\u00f3n, la arcilla verde de Argile du Velay cumple con los est\u00e1ndares internacionales.\",\"breadcrumb\":{\"@id\":\"https:\\\/\\\/argileduvelay.com\\\/es\\\/empresa\\\/una-arcilla-secada-al-sol-pero-no-solo\\\/#breadcrumb\"},\"inLanguage\":\"es\",\"potentialAction\":[{\"@type\":\"ReadAction\",\"target\":[\"https:\\\/\\\/argileduvelay.com\\\/es\\\/empresa\\\/una-arcilla-secada-al-sol-pero-no-solo\\\/\"]}]},{\"@type\":\"BreadcrumbList\",\"@id\":\"https:\\\/\\\/argileduvelay.com\\\/es\\\/empresa\\\/una-arcilla-secada-al-sol-pero-no-solo\\\/#breadcrumb\",\"itemListElement\":[{\"@type\":\"ListItem\",\"position\":1,\"name\":\"Accueil\",\"item\":\"https:\\\/\\\/argileduvelay.com\\\/es\\\/\"},{\"@type\":\"ListItem\",\"position\":2,\"name\":\"Fabricante franc\u00e9s de arcilla verde\",\"item\":\"https:\\\/\\\/argileduvelay.com\\\/es\\\/empresa\\\/\"},{\"@type\":\"ListItem\",\"position\":3,\"name\":\"una arcilla secada al sol\u2026 \u00a1pero no solo!\"}]},{\"@type\":\"WebSite\",\"@id\":\"https:\\\/\\\/argileduvelay.com\\\/es\\\/#website\",\"url\":\"https:\\\/\\\/argileduvelay.com\\\/es\\\/\",\"name\":\"Argile du Velay\",\"description\":\"Fabricant fran\u00e7ais d'argile verte bio pour cosm\u00e9tique, hygi\u00e8ne animale, spa...\",\"publisher\":{\"@id\":\"https:\\\/\\\/argileduvelay.com\\\/es\\\/#organization\"},\"potentialAction\":[{\"@type\":\"SearchAction\",\"target\":{\"@type\":\"EntryPoint\",\"urlTemplate\":\"https:\\\/\\\/argileduvelay.com\\\/es\\\/?s={search_term_string}\"},\"query-input\":{\"@type\":\"PropertyValueSpecification\",\"valueRequired\":true,\"valueName\":\"search_term_string\"}}],\"inLanguage\":\"es\"},{\"@type\":\"Organization\",\"@id\":\"https:\\\/\\\/argileduvelay.com\\\/es\\\/#organization\",\"name\":\"Argile du Velay\",\"url\":\"https:\\\/\\\/argileduvelay.com\\\/es\\\/\",\"logo\":{\"@type\":\"ImageObject\",\"inLanguage\":\"es\",\"@id\":\"https:\\\/\\\/argileduvelay.com\\\/es\\\/#\\\/schema\\\/logo\\\/image\\\/\",\"url\":\"https:\\\/\\\/argileduvelay.com\\\/wp-content\\\/uploads\\\/2022\\\/09\\\/logo_ARGILE_DU_VELAY-HD-ok.png\",\"contentUrl\":\"https:\\\/\\\/argileduvelay.com\\\/wp-content\\\/uploads\\\/2022\\\/09\\\/logo_ARGILE_DU_VELAY-HD-ok.png\",\"width\":2520,\"height\":1450,\"caption\":\"Argile du Velay\"},\"image\":{\"@id\":\"https:\\\/\\\/argileduvelay.com\\\/es\\\/#\\\/schema\\\/logo\\\/image\\\/\"},\"sameAs\":[\"https:\\\/\\\/www.facebook.com\\\/argile.duvelay\",\"https:\\\/\\\/www.instagram.com\\\/argileduvelay43\\\/\",\"https:\\\/\\\/www.linkedin.com\\\/company\\\/argile-du-velay\\\/\"]}]}<\/script>\n<!-- \/ Yoast SEO plugin. -->","yoast_head_json":{"title":"una arcilla secada al sol\u2026 \u00a1pero no solo!","description":"Argile du Velay ofrece arcilla verde secada al sol de calidad. Gracias al secado al sol complementado con un innovador proceso de deshidrataci\u00f3n, la arcilla verde de Argile du Velay cumple con los est\u00e1ndares internacionales.","robots":{"index":"index","follow":"follow","max-snippet":"max-snippet:-1","max-image-preview":"max-image-preview:large","max-video-preview":"max-video-preview:-1"},"canonical":"https:\/\/argileduvelay.com\/es\/empresa\/una-arcilla-secada-al-sol-pero-no-solo\/","og_locale":"es_ES","og_type":"article","og_title":"una arcilla secada al sol\u2026 \u00a1pero no solo!","og_description":"Argile du Velay ofrece arcilla verde secada al sol de calidad. Gracias al secado al sol complementado con un innovador proceso de deshidrataci\u00f3n, la arcilla verde de Argile du Velay cumple con los est\u00e1ndares internacionales.","og_url":"https:\/\/argileduvelay.com\/es\/empresa\/una-arcilla-secada-al-sol-pero-no-solo\/","og_site_name":"Argile du Velay","article_publisher":"https:\/\/www.facebook.com\/argile.duvelay","article_modified_time":"2023-04-19T17:04:09+00:00","twitter_card":"summary_large_image","twitter_misc":{"Tiempo de lectura":"6 minutos"},"schema":{"@context":"https:\/\/schema.org","@graph":[{"@type":"WebPage","@id":"https:\/\/argileduvelay.com\/es\/empresa\/una-arcilla-secada-al-sol-pero-no-solo\/","url":"https:\/\/argileduvelay.com\/es\/empresa\/una-arcilla-secada-al-sol-pero-no-solo\/","name":"una arcilla secada al sol\u2026 \u00a1pero no solo!","isPartOf":{"@id":"https:\/\/argileduvelay.com\/es\/#website"},"datePublished":"2022-10-26T16:56:40+00:00","dateModified":"2023-04-19T17:04:09+00:00","description":"Argile du Velay ofrece arcilla verde secada al sol de calidad. Gracias al secado al sol complementado con un innovador proceso de deshidrataci\u00f3n, la arcilla verde de Argile du Velay cumple con los est\u00e1ndares internacionales.","breadcrumb":{"@id":"https:\/\/argileduvelay.com\/es\/empresa\/una-arcilla-secada-al-sol-pero-no-solo\/#breadcrumb"},"inLanguage":"es","potentialAction":[{"@type":"ReadAction","target":["https:\/\/argileduvelay.com\/es\/empresa\/una-arcilla-secada-al-sol-pero-no-solo\/"]}]},{"@type":"BreadcrumbList","@id":"https:\/\/argileduvelay.com\/es\/empresa\/una-arcilla-secada-al-sol-pero-no-solo\/#breadcrumb","itemListElement":[{"@type":"ListItem","position":1,"name":"Accueil","item":"https:\/\/argileduvelay.com\/es\/"},{"@type":"ListItem","position":2,"name":"Fabricante franc\u00e9s de arcilla verde","item":"https:\/\/argileduvelay.com\/es\/empresa\/"},{"@type":"ListItem","position":3,"name":"una arcilla secada al sol\u2026 \u00a1pero no solo!"}]},{"@type":"WebSite","@id":"https:\/\/argileduvelay.com\/es\/#website","url":"https:\/\/argileduvelay.com\/es\/","name":"Argile du Velay","description":"Fabricant fran\u00e7ais d'argile verte bio pour cosm\u00e9tique, hygi\u00e8ne animale, spa...","publisher":{"@id":"https:\/\/argileduvelay.com\/es\/#organization"},"potentialAction":[{"@type":"SearchAction","target":{"@type":"EntryPoint","urlTemplate":"https:\/\/argileduvelay.com\/es\/?s={search_term_string}"},"query-input":{"@type":"PropertyValueSpecification","valueRequired":true,"valueName":"search_term_string"}}],"inLanguage":"es"},{"@type":"Organization","@id":"https:\/\/argileduvelay.com\/es\/#organization","name":"Argile du Velay","url":"https:\/\/argileduvelay.com\/es\/","logo":{"@type":"ImageObject","inLanguage":"es","@id":"https:\/\/argileduvelay.com\/es\/#\/schema\/logo\/image\/","url":"https:\/\/argileduvelay.com\/wp-content\/uploads\/2022\/09\/logo_ARGILE_DU_VELAY-HD-ok.png","contentUrl":"https:\/\/argileduvelay.com\/wp-content\/uploads\/2022\/09\/logo_ARGILE_DU_VELAY-HD-ok.png","width":2520,"height":1450,"caption":"Argile du Velay"},"image":{"@id":"https:\/\/argileduvelay.com\/es\/#\/schema\/logo\/image\/"},"sameAs":["https:\/\/www.facebook.com\/argile.duvelay","https:\/\/www.instagram.com\/argileduvelay43\/","https:\/\/www.linkedin.com\/company\/argile-du-velay\/"]}]}},"_links":{"self":[{"href":"https:\/\/argileduvelay.com\/es\/wp-json\/wp\/v2\/pages\/2909","targetHints":{"allow":["GET"]}}],"collection":[{"href":"https:\/\/argileduvelay.com\/es\/wp-json\/wp\/v2\/pages"}],"about":[{"href":"https:\/\/argileduvelay.com\/es\/wp-json\/wp\/v2\/types\/page"}],"author":[{"embeddable":true,"href":"https:\/\/argileduvelay.com\/es\/wp-json\/wp\/v2\/users\/1"}],"replies":[{"embeddable":true,"href":"https:\/\/argileduvelay.com\/es\/wp-json\/wp\/v2\/comments?post=2909"}],"version-history":[{"count":7,"href":"https:\/\/argileduvelay.com\/es\/wp-json\/wp\/v2\/pages\/2909\/revisions"}],"predecessor-version":[{"id":3193,"href":"https:\/\/argileduvelay.com\/es\/wp-json\/wp\/v2\/pages\/2909\/revisions\/3193"}],"up":[{"embeddable":true,"href":"https:\/\/argileduvelay.com\/es\/wp-json\/wp\/v2\/pages\/2894"}],"wp:attachment":[{"href":"https:\/\/argileduvelay.com\/es\/wp-json\/wp\/v2\/media?parent=2909"}],"curies":[{"name":"wp","href":"https:\/\/api.w.org\/{rel}","templated":true}]}}