{"id":2916,"date":"2022-10-26T19:24:43","date_gmt":"2022-10-26T17:24:43","guid":{"rendered":"https:\/\/argileduvelay.com\/valores\/acciones-por-el-medio-ambiente\/"},"modified":"2025-03-06T18:58:18","modified_gmt":"2025-03-06T17:58:18","slug":"acciones-por-el-medio-ambiente","status":"publish","type":"page","link":"https:\/\/argileduvelay.com\/es\/valores\/acciones-por-el-medio-ambiente\/","title":{"rendered":"Acciones por el medio ambiente de Argile du Velay"},"content":{"rendered":"<p>[et_pb_section fb_built=\u00bb1&#8243; admin_label=\u00bbHero\u00bb _builder_version=\u00bb4.19.2&#8243; _module_preset=\u00bbdefault\u00bb background_image=\u00bbhttps:\/\/argileduvelay.com\/wp-content\/uploads\/2022\/12\/actions-pour-l-environnement-1.jpg\u00bb custom_padding=\u00bb110px|||\u00bb saved_tabs=\u00bball\u00bb collapsed=\u00bboff\u00bb global_colors_info=\u00bb{}\u00bb][et_pb_row module_class=\u00bb et_pb_row_fullwidth\u00bb _builder_version=\u00bb4.17.4&#8243; _module_preset=\u00bbdefault\u00bb width_tablet=\u00bb100%\u00bb width_phone=\u00bb100%\u00bb width_last_edited=\u00bbon|desktop\u00bb max_width_tablet=\u00bb100%\u00bb max_width_phone=\u00bb100%\u00bb max_width_last_edited=\u00bbon|desktop\u00bb custom_margin=\u00bb|||\u00bb custom_padding=\u00bb|||\u00bb make_fullwidth=\u00bbon\u00bb global_colors_info=\u00bb{}\u00bb][et_pb_column type=\u00bb4_4&#8243; _builder_version=\u00bb4.16&#8243; _module_preset=\u00bbdefault\u00bb background_position=\u00bbtop_left\u00bb custom_padding=\u00bb|||\u00bb global_colors_info=\u00bb{}\u00bb custom_padding__hover=\u00bb|||\u00bb][et_pb_text admin_label=\u00bbHero Title\u00bb _builder_version=\u00bb4.19.2&#8243; _module_preset=\u00bbdefault\u00bb text_font=\u00bb||||\u00bb text_text_color=\u00bb#1a1a1a\u00bb header_font=\u00bbOswald|700||||on|||\u00bb header_text_align=\u00bbleft\u00bb header_font_size=\u00bb50px\u00bb header_line_height=\u00bb1.3em\u00bb background_layout=\u00bbdark\u00bb custom_margin=\u00bb||10px|30px|false|false\u00bb custom_margin_last_edited=\u00bboff|phone\u00bb custom_padding=\u00bb|||\u00bb custom_padding_tablet=\u00bb|||\u00bb custom_padding_phone=\u00bb|||\u00bb custom_padding_last_edited=\u00bbon|desktop\u00bb animation_style=\u00bbslide\u00bb animation_direction=\u00bbtop\u00bb animation_intensity_slide=\u00bb10%\u00bb text_text_shadow_style=\u00bbpreset2&#8243; header_text_shadow_style=\u00bbpreset5&#8243; locked=\u00bboff\u00bb global_colors_info=\u00bb{}\u00bb custom_margin__hover_enabled=\u00bboff|desktop\u00bb]<\/p>\n<h1>Acciones por el medio ambiente<\/h1>\n<p>[\/et_pb_text][et_pb_divider divider_position=\u00bbcenter\u00bb divider_weight=\u00bb3px\u00bb disabled_on=\u00bbon|on|off%22&#8243; _builder_version=\u00bb4.17.4&#8243; _module_preset=\u00bbdefault\u00bb max_width=\u00bb150px\u00bb height=\u00bbfalse\u00bb custom_margin=\u00bb0px||100px|30px|false|false\u00bb animation_style=\u00bbslide\u00bb animation_direction=\u00bbtop\u00bb animation_delay=\u00bb100ms\u00bb animation_intensity_slide=\u00bb10%\u00bb locked=\u00bboff\u00bb global_colors_info=\u00bb{}\u00bb][\/et_pb_divider][\/et_pb_column][\/et_pb_row][\/et_pb_section][et_pb_section fb_built=\u00bb1&#8243; _builder_version=\u00bb4.18.0&#8243; _module_preset=\u00bbdefault\u00bb custom_padding=\u00bb80px||||false|false\u00bb global_colors_info=\u00bb{}\u00bb][et_pb_row _builder_version=\u00bb4.17.4&#8243; _module_preset=\u00bbdefault\u00bb global_colors_info=\u00bb{}\u00bb][et_pb_column type=\u00bb4_4&#8243; _builder_version=\u00bb4.16&#8243; _module_preset=\u00bbdefault\u00bb custom_padding=\u00bb|||\u00bb global_colors_info=\u00bb{}\u00bb custom_padding__hover=\u00bb|||\u00bb][et_pb_text admin_label=\u00bbSub Title\u00bb _builder_version=\u00bb4.18.0&#8243; _module_preset=\u00bbdefault\u00bb text_font=\u00bbRoboto|700|||||||\u00bb text_text_color=\u00bb#8CA25B\u00bb text_font_size=\u00bb24px\u00bb text_line_height=\u00bb1.4em\u00bb background_size=\u00bbinitial\u00bb background_position=\u00bbtop_left\u00bb background_repeat=\u00bbrepeat\u00bb custom_padding=\u00bb30px|||\u00bb animation_style=\u00bbslide\u00bb animation_direction=\u00bbtop\u00bb animation_delay=\u00bb200ms\u00bb animation_intensity_slide=\u00bb10%\u00bb locked=\u00bboff\u00bb global_colors_info=\u00bb{}\u00bb]<\/p>\n<p>ARGILE DU VELAY : el productor de arcilla con la huella de carbono m\u00e1s baja de Francia y sus yacimientos ubicados en una zona ZNIEFF (\u00e1rea natural de inter\u00e9s ecol\u00f3gico, faun\u00edstico y flor\u00edstico) desde 2016.<\/p>\n<p>[\/et_pb_text][\/et_pb_column][\/et_pb_row][\/et_pb_section][et_pb_section fb_built=\u00bb1&#8243; _builder_version=\u00bb4.18.0&#8243; _module_preset=\u00bbdefault\u00bb custom_padding=\u00bb0px||0px||false|false\u00bb global_colors_info=\u00bb{}\u00bb][et_pb_row _builder_version=\u00bb4.17.4&#8243; _module_preset=\u00bbdefault\u00bb global_colors_info=\u00bb{}\u00bb][et_pb_column type=\u00bb4_4&#8243; _builder_version=\u00bb4.16&#8243; _module_preset=\u00bbdefault\u00bb custom_padding=\u00bb|||\u00bb global_colors_info=\u00bb{}\u00bb custom_padding__hover=\u00bb|||\u00bb][et_pb_text _builder_version=\u00bb4.27.4&#8243; _module_preset=\u00bbdefault\u00bb text_font=\u00bbRoboto||||\u00bb text_font_size=\u00bb16px\u00bb text_line_height=\u00bb1.9em\u00bb background_size=\u00bbinitial\u00bb background_position=\u00bbtop_left\u00bb background_repeat=\u00bbrepeat\u00bb custom_margin=\u00bb0px||||false|false\u00bb custom_padding=\u00bb||60px|\u00bb animation_style=\u00bbslide\u00bb animation_direction=\u00bbtop\u00bb animation_delay=\u00bb400ms\u00bb animation_intensity_slide=\u00bb4%\u00bb hover_enabled=\u00bb0&#8243; locked=\u00bboff\u00bb global_colors_info=\u00bb{}\u00bb sticky_enabled=\u00bb0&#8243;]<\/p>\n<p><strong>2024\u00a0: Instalaci\u00f3n de 3000m<sup>2<\/sup>\u00a0de paneles <\/strong><strong>fotovoltaicos<\/strong><\/p>\n<p><strong>2023: <\/strong><strong>Plantaci\u00f3n de 200 pinos Silvestres conocidos como \u201cpinos rurales\u201d en Haute-Loire<\/strong><\/p>\n<p><strong>2022: Implementaci\u00f3n de monitoreo ambiental de la cantera de arcilla verde (fauna y flora)<\/strong><\/p>\n<p><strong>Mejora continua del proceso: obtenci\u00f3n de nuevos Certificados de Ahorro Energ\u00e9tico<\/strong><\/p>\n<p><strong>2019: ARGILE DU VELAY apoya la polinizaci\u00f3n y la revegetaci\u00f3n del planeta <img decoding=\"async\" src=\"https:\/\/dev.argileduvelay.com\/wp-content\/uploads\/2022\/12\/grainette.jpg\" alt=\"Grainette\" width=\"100\" \/><br \/><\/strong><\/p>\n<p><strong>2016: Sustituci\u00f3n de motores de combusti\u00f3n por motores el\u00e9ctricos<\/strong><\/p>\n<p>ARGILE DU VELAY contin\u00faa sus esfuerzos para reducir su huella de carbono, en particular reduciendo su consumo de combustible<\/p>\n<p>As\u00ed, la renovaci\u00f3n del manejo de materiales permite disminuir el consumo de 7200L\/a\u00f1o, es decir, una reducci\u00f3n de las emisiones de 21 toneladas de CO\u00b2 para el a\u00f1o 2016<\/p>\n<p><strong>2015: Nuevos Certificados de Ahorro de Energ\u00eda<\/strong><\/p>\n<p>Argile du Velay obtiene nuevos Certificados de Ahorro Energ\u00e9tico gracias a sus obras de rehabilitaci\u00f3n energ\u00e9tica<\/p>\n<p><strong>2013: Modernizaci\u00f3n del proceso industrial y obtenci\u00f3n de 7 Certificados de Ahorro Energ\u00e9tico<\/strong><\/p>\n<p>Como parte de la renovaci\u00f3n y modernizaci\u00f3n de nuestra herramienta de producci\u00f3n, se han puesto en marcha m\u00e1quinas y tecnolog\u00edas (electricidad y aire comprimido) m\u00e1s limpias y que consumen menos energ\u00eda.<\/p>\n<p>Este avance de procesos ha permitido obtener Certificados de Ahorro Energ\u00e9tico<\/p>\n<p>&nbsp;<\/p>\n<p>[\/et_pb_text][\/et_pb_column][\/et_pb_row][et_pb_row _builder_version=\u00bb4.18.0&#8243; _module_preset=\u00bbdefault\u00bb global_colors_info=\u00bb{}\u00bb][et_pb_column type=\u00bb4_4&#8243; _builder_version=\u00bb4.18.0&#8243; _module_preset=\u00bbdefault\u00bb global_colors_info=\u00bb{}\u00bb][et_pb_text _builder_version=\u00bb4.19.2&#8243; _module_preset=\u00bbdefault\u00bb text_font=\u00bbRoboto||||\u00bb text_font_size=\u00bb16px\u00bb text_line_height=\u00bb1.9em\u00bb background_size=\u00bbinitial\u00bb background_position=\u00bbtop_left\u00bb background_repeat=\u00bbrepeat\u00bb custom_margin=\u00bb0px||||false|false\u00bb custom_padding=\u00bb||60px|\u00bb animation_style=\u00bbslide\u00bb animation_direction=\u00bbtop\u00bb animation_delay=\u00bb400ms\u00bb animation_intensity_slide=\u00bb4%\u00bb locked=\u00bboff\u00bb global_colors_info=\u00bb{}\u00bb]<\/p>\n<p><strong>2012: Hoja de balance de Carbono: cuantificaci\u00f3n de nuestro impacto ecol\u00f3gico para implementar acciones correctivas y reducir el impacto de nuestra actividad en el medio ambiente<\/strong><\/p>\n<p><strong>2011: Modificaci\u00f3n del sistema de drenaje pluvial para recuperar y almacenar una capacidad de 60.000L<\/strong><\/p>\n<p><strong>2010: Equipamiento del techo de la \u00faltima ampliaci\u00f3n en la planta de producci\u00f3n con 1.000 m\u00b2 de paneles fotovoltaicos, capaces de generar el equivalente al consumo anual de 50 hogares franceses y evitando la emisi\u00f3n de 9T de CO\u00b2\/a\u00f1o<\/strong><\/p>\n<p><strong>2007: Cambio radical en el modo de transformaci\u00f3n de la arcilla. Ahorro del 30% en combustibles f\u00f3siles, eliminaci\u00f3n de agua en nuestro proceso de fabricaci\u00f3n y reducci\u00f3n de emisiones de CO\u00b2 en m\u00e1s de 1000T\/a\u00f1o. Gracias a estas acciones, ARGILE DU VELAY gan\u00f3 en 2008 el reconocimiento por implementar tecnolog\u00edas limpias y eficientes, un premio a la ecoeficiencia que otorga ADEME.<\/strong><\/p>\n<p>[\/et_pb_text][\/et_pb_column][\/et_pb_row][\/et_pb_section][et_pb_section fb_built=\u00bb1&#8243; _builder_version=\u00bb4.18.0&#8243; _module_preset=\u00bbdefault\u00bb custom_padding=\u00bb0px||0px||false|false\u00bb global_colors_info=\u00bb{}\u00bb][et_pb_row _builder_version=\u00bb4.18.0&#8243; _module_preset=\u00bbdefault\u00bb global_colors_info=\u00bb{}\u00bb][et_pb_column type=\u00bb4_4&#8243; _builder_version=\u00bb4.16&#8243; _module_preset=\u00bbdefault\u00bb custom_padding=\u00bb|||\u00bb global_colors_info=\u00bb{}\u00bb custom_padding__hover=\u00bb|||\u00bb][et_pb_text admin_label=\u00bbTitle\u00bb _builder_version=\u00bb4.18.0&#8243; _module_preset=\u00bbdefault\u00bb text_font=\u00bb||||\u00bb text_text_color=\u00bb#1a1a1a\u00bb header_font=\u00bbOswald|700||||on|||\u00bb header_text_align=\u00bbleft\u00bb header_font_size=\u00bb50px\u00bb header_line_height=\u00bb1.3em\u00bb custom_margin=\u00bb|||\u00bb custom_padding=\u00bb|||\u00bb animation_style=\u00bbslide\u00bb animation_direction=\u00bbtop\u00bb animation_intensity_slide=\u00bb10%\u00bb locked=\u00bboff\u00bb global_colors_info=\u00bb{}\u00bb]<\/p>\n<h1>EN CONCLUSI\u00d3N<\/h1>\n<p>[\/et_pb_text][et_pb_divider divider_position=\u00bbcenter\u00bb divider_weight=\u00bb3px\u00bb disabled_on=\u00bbon|on|off%22&#8243; _builder_version=\u00bb4.18.0&#8243; _module_preset=\u00bbdefault\u00bb max_width=\u00bb150px\u00bb height=\u00bbfalse\u00bb custom_margin=\u00bb30px|||\u00bb animation_style=\u00bbslide\u00bb animation_direction=\u00bbtop\u00bb animation_delay=\u00bb100ms\u00bb animation_intensity_slide=\u00bb10%\u00bb locked=\u00bboff\u00bb global_colors_info=\u00bb{}\u00bb][\/et_pb_divider][\/et_pb_column][\/et_pb_row][\/et_pb_section][et_pb_section fb_built=\u00bb1&#8243; _builder_version=\u00bb4.18.0&#8243; _module_preset=\u00bbdefault\u00bb custom_margin=\u00bb||100px||false|false\u00bb custom_padding=\u00bb0px||0px||false|false\u00bb global_colors_info=\u00bb{}\u00bb][et_pb_row _builder_version=\u00bb4.18.0&#8243; _module_preset=\u00bbdefault\u00bb global_colors_info=\u00bb{}\u00bb][et_pb_column type=\u00bb4_4&#8243; _builder_version=\u00bb4.18.0&#8243; _module_preset=\u00bbdefault\u00bb global_colors_info=\u00bb{}\u00bb][et_pb_text _builder_version=\u00bb4.19.2&#8243; _module_preset=\u00bbdefault\u00bb text_font=\u00bbRoboto||||\u00bb text_font_size=\u00bb16px\u00bb text_line_height=\u00bb1.9em\u00bb background_size=\u00bbinitial\u00bb background_position=\u00bbtop_left\u00bb background_repeat=\u00bbrepeat\u00bb custom_margin=\u00bb0px||||false|false\u00bb custom_padding=\u00bb||60px|\u00bb animation_style=\u00bbslide\u00bb animation_direction=\u00bbtop\u00bb animation_delay=\u00bb400ms\u00bb animation_intensity_slide=\u00bb4%\u00bb locked=\u00bboff\u00bb global_colors_info=\u00bb{}\u00bb]<\/p>\n<p>El compromiso de ARGILE DU VELAY implica un estricto respeto al medio ambiente, tanto en la oferta de productos como en los procesos productivos internos. Debido a que la arcilla es un producto 100% natural, la empresa est\u00e1 comprometida como ciudadano corporativo.<\/p>\n<p>[\/et_pb_text][\/et_pb_column][\/et_pb_row][\/et_pb_section]<\/p>\n","protected":false},"excerpt":{"rendered":"<p>Acciones por el medio ambienteARGILE DU VELAY : el productor de arcilla con la huella de carbono m\u00e1s baja de Francia y sus yacimientos ubicados en una zona ZNIEFF (\u00e1rea natural de inter\u00e9s ecol\u00f3gico, faun\u00edstico y flor\u00edstico) desde 2016.2024\u00a0: Instalaci\u00f3n de 3000m2\u00a0de paneles fotovoltaicos 2023: Plantaci\u00f3n de 200 pinos Silvestres conocidos como \u201cpinos rurales\u201d en [&hellip;]<\/p>\n","protected":false},"author":1,"featured_media":0,"parent":2913,"menu_order":0,"comment_status":"closed","ping_status":"closed","template":"","meta":{"_et_pb_use_builder":"on","_et_pb_old_content":"","_et_gb_content_width":"","footnotes":""},"class_list":["post-2916","page","type-page","status-publish","hentry"],"yoast_head":"<!-- This site is optimized with the Yoast SEO plugin v27.3 - https:\/\/yoast.com\/product\/yoast-seo-wordpress\/ -->\n<title>Acciones por el medio ambiente de ARGILE DU VELAY<\/title>\n<meta name=\"description\" content=\"ARGILE DU VELAY ha implementado muchas acciones para proteger el medio ambiente en su producci\u00f3n y procesamiento de arcilla verde en Francia.\" \/>\n<meta name=\"robots\" content=\"index, follow, max-snippet:-1, max-image-preview:large, max-video-preview:-1\" \/>\n<link rel=\"canonical\" href=\"https:\/\/argileduvelay.com\/es\/valores\/acciones-por-el-medio-ambiente\/\" \/>\n<meta property=\"og:locale\" content=\"es_ES\" \/>\n<meta property=\"og:type\" content=\"article\" \/>\n<meta property=\"og:title\" content=\"Acciones por el medio ambiente de ARGILE DU VELAY\" \/>\n<meta property=\"og:description\" content=\"ARGILE DU VELAY ha implementado muchas acciones para proteger el medio ambiente en su producci\u00f3n y procesamiento de arcilla verde en Francia.\" \/>\n<meta property=\"og:url\" content=\"https:\/\/argileduvelay.com\/es\/valores\/acciones-por-el-medio-ambiente\/\" \/>\n<meta property=\"og:site_name\" content=\"Argile du Velay\" \/>\n<meta property=\"article:publisher\" content=\"https:\/\/www.facebook.com\/argile.duvelay\" \/>\n<meta property=\"article:modified_time\" content=\"2025-03-06T17:58:18+00:00\" \/>\n<meta property=\"og:image\" content=\"https:\/\/dev.argileduvelay.com\/wp-content\/uploads\/2022\/12\/grainette.jpg\" \/>\n<meta name=\"twitter:card\" content=\"summary_large_image\" \/>\n<meta name=\"twitter:label1\" content=\"Tiempo de lectura\" \/>\n\t<meta name=\"twitter:data1\" content=\"4 minutos\" \/>\n<script type=\"application\/ld+json\" class=\"yoast-schema-graph\">{\"@context\":\"https:\\\/\\\/schema.org\",\"@graph\":[{\"@type\":\"WebPage\",\"@id\":\"https:\\\/\\\/argileduvelay.com\\\/es\\\/valores\\\/acciones-por-el-medio-ambiente\\\/\",\"url\":\"https:\\\/\\\/argileduvelay.com\\\/es\\\/valores\\\/acciones-por-el-medio-ambiente\\\/\",\"name\":\"Acciones por el medio ambiente de ARGILE DU VELAY\",\"isPartOf\":{\"@id\":\"https:\\\/\\\/argileduvelay.com\\\/es\\\/#website\"},\"primaryImageOfPage\":{\"@id\":\"https:\\\/\\\/argileduvelay.com\\\/es\\\/valores\\\/acciones-por-el-medio-ambiente\\\/#primaryimage\"},\"image\":{\"@id\":\"https:\\\/\\\/argileduvelay.com\\\/es\\\/valores\\\/acciones-por-el-medio-ambiente\\\/#primaryimage\"},\"thumbnailUrl\":\"https:\\\/\\\/dev.argileduvelay.com\\\/wp-content\\\/uploads\\\/2022\\\/12\\\/grainette.jpg\",\"datePublished\":\"2022-10-26T17:24:43+00:00\",\"dateModified\":\"2025-03-06T17:58:18+00:00\",\"description\":\"ARGILE DU VELAY ha implementado muchas acciones para proteger el medio ambiente en su producci\u00f3n y procesamiento de arcilla verde en Francia.\",\"breadcrumb\":{\"@id\":\"https:\\\/\\\/argileduvelay.com\\\/es\\\/valores\\\/acciones-por-el-medio-ambiente\\\/#breadcrumb\"},\"inLanguage\":\"es\",\"potentialAction\":[{\"@type\":\"ReadAction\",\"target\":[\"https:\\\/\\\/argileduvelay.com\\\/es\\\/valores\\\/acciones-por-el-medio-ambiente\\\/\"]}]},{\"@type\":\"ImageObject\",\"inLanguage\":\"es\",\"@id\":\"https:\\\/\\\/argileduvelay.com\\\/es\\\/valores\\\/acciones-por-el-medio-ambiente\\\/#primaryimage\",\"url\":\"https:\\\/\\\/dev.argileduvelay.com\\\/wp-content\\\/uploads\\\/2022\\\/12\\\/grainette.jpg\",\"contentUrl\":\"https:\\\/\\\/dev.argileduvelay.com\\\/wp-content\\\/uploads\\\/2022\\\/12\\\/grainette.jpg\"},{\"@type\":\"BreadcrumbList\",\"@id\":\"https:\\\/\\\/argileduvelay.com\\\/es\\\/valores\\\/acciones-por-el-medio-ambiente\\\/#breadcrumb\",\"itemListElement\":[{\"@type\":\"ListItem\",\"position\":1,\"name\":\"Accueil\",\"item\":\"https:\\\/\\\/argileduvelay.com\\\/es\\\/\"},{\"@type\":\"ListItem\",\"position\":2,\"name\":\"Arcilla verde org\u00e1nica: nuestros valores\",\"item\":\"https:\\\/\\\/argileduvelay.com\\\/es\\\/valores\\\/\"},{\"@type\":\"ListItem\",\"position\":3,\"name\":\"Acciones por el medio ambiente de Argile du Velay\"}]},{\"@type\":\"WebSite\",\"@id\":\"https:\\\/\\\/argileduvelay.com\\\/es\\\/#website\",\"url\":\"https:\\\/\\\/argileduvelay.com\\\/es\\\/\",\"name\":\"Argile du Velay\",\"description\":\"Fabricant fran\u00e7ais d'argile verte bio pour cosm\u00e9tique, hygi\u00e8ne animale, spa...\",\"publisher\":{\"@id\":\"https:\\\/\\\/argileduvelay.com\\\/es\\\/#organization\"},\"potentialAction\":[{\"@type\":\"SearchAction\",\"target\":{\"@type\":\"EntryPoint\",\"urlTemplate\":\"https:\\\/\\\/argileduvelay.com\\\/es\\\/?s={search_term_string}\"},\"query-input\":{\"@type\":\"PropertyValueSpecification\",\"valueRequired\":true,\"valueName\":\"search_term_string\"}}],\"inLanguage\":\"es\"},{\"@type\":\"Organization\",\"@id\":\"https:\\\/\\\/argileduvelay.com\\\/es\\\/#organization\",\"name\":\"Argile du Velay\",\"url\":\"https:\\\/\\\/argileduvelay.com\\\/es\\\/\",\"logo\":{\"@type\":\"ImageObject\",\"inLanguage\":\"es\",\"@id\":\"https:\\\/\\\/argileduvelay.com\\\/es\\\/#\\\/schema\\\/logo\\\/image\\\/\",\"url\":\"https:\\\/\\\/argileduvelay.com\\\/wp-content\\\/uploads\\\/2022\\\/09\\\/logo_ARGILE_DU_VELAY-HD-ok.png\",\"contentUrl\":\"https:\\\/\\\/argileduvelay.com\\\/wp-content\\\/uploads\\\/2022\\\/09\\\/logo_ARGILE_DU_VELAY-HD-ok.png\",\"width\":2520,\"height\":1450,\"caption\":\"Argile du Velay\"},\"image\":{\"@id\":\"https:\\\/\\\/argileduvelay.com\\\/es\\\/#\\\/schema\\\/logo\\\/image\\\/\"},\"sameAs\":[\"https:\\\/\\\/www.facebook.com\\\/argile.duvelay\",\"https:\\\/\\\/www.instagram.com\\\/argileduvelay43\\\/\",\"https:\\\/\\\/www.linkedin.com\\\/company\\\/argile-du-velay\\\/\"]}]}<\/script>\n<!-- \/ Yoast SEO plugin. -->","yoast_head_json":{"title":"Acciones por el medio ambiente de ARGILE DU VELAY","description":"ARGILE DU VELAY ha implementado muchas acciones para proteger el medio ambiente en su producci\u00f3n y procesamiento de arcilla verde en Francia.","robots":{"index":"index","follow":"follow","max-snippet":"max-snippet:-1","max-image-preview":"max-image-preview:large","max-video-preview":"max-video-preview:-1"},"canonical":"https:\/\/argileduvelay.com\/es\/valores\/acciones-por-el-medio-ambiente\/","og_locale":"es_ES","og_type":"article","og_title":"Acciones por el medio ambiente de ARGILE DU VELAY","og_description":"ARGILE DU VELAY ha implementado muchas acciones para proteger el medio ambiente en su producci\u00f3n y procesamiento de arcilla verde en Francia.","og_url":"https:\/\/argileduvelay.com\/es\/valores\/acciones-por-el-medio-ambiente\/","og_site_name":"Argile du Velay","article_publisher":"https:\/\/www.facebook.com\/argile.duvelay","article_modified_time":"2025-03-06T17:58:18+00:00","og_image":[{"url":"https:\/\/dev.argileduvelay.com\/wp-content\/uploads\/2022\/12\/grainette.jpg","type":"","width":"","height":""}],"twitter_card":"summary_large_image","twitter_misc":{"Tiempo de lectura":"4 minutos"},"schema":{"@context":"https:\/\/schema.org","@graph":[{"@type":"WebPage","@id":"https:\/\/argileduvelay.com\/es\/valores\/acciones-por-el-medio-ambiente\/","url":"https:\/\/argileduvelay.com\/es\/valores\/acciones-por-el-medio-ambiente\/","name":"Acciones por el medio ambiente de ARGILE DU VELAY","isPartOf":{"@id":"https:\/\/argileduvelay.com\/es\/#website"},"primaryImageOfPage":{"@id":"https:\/\/argileduvelay.com\/es\/valores\/acciones-por-el-medio-ambiente\/#primaryimage"},"image":{"@id":"https:\/\/argileduvelay.com\/es\/valores\/acciones-por-el-medio-ambiente\/#primaryimage"},"thumbnailUrl":"https:\/\/dev.argileduvelay.com\/wp-content\/uploads\/2022\/12\/grainette.jpg","datePublished":"2022-10-26T17:24:43+00:00","dateModified":"2025-03-06T17:58:18+00:00","description":"ARGILE DU VELAY ha implementado muchas acciones para proteger el medio ambiente en su producci\u00f3n y procesamiento de arcilla verde en Francia.","breadcrumb":{"@id":"https:\/\/argileduvelay.com\/es\/valores\/acciones-por-el-medio-ambiente\/#breadcrumb"},"inLanguage":"es","potentialAction":[{"@type":"ReadAction","target":["https:\/\/argileduvelay.com\/es\/valores\/acciones-por-el-medio-ambiente\/"]}]},{"@type":"ImageObject","inLanguage":"es","@id":"https:\/\/argileduvelay.com\/es\/valores\/acciones-por-el-medio-ambiente\/#primaryimage","url":"https:\/\/dev.argileduvelay.com\/wp-content\/uploads\/2022\/12\/grainette.jpg","contentUrl":"https:\/\/dev.argileduvelay.com\/wp-content\/uploads\/2022\/12\/grainette.jpg"},{"@type":"BreadcrumbList","@id":"https:\/\/argileduvelay.com\/es\/valores\/acciones-por-el-medio-ambiente\/#breadcrumb","itemListElement":[{"@type":"ListItem","position":1,"name":"Accueil","item":"https:\/\/argileduvelay.com\/es\/"},{"@type":"ListItem","position":2,"name":"Arcilla verde org\u00e1nica: nuestros valores","item":"https:\/\/argileduvelay.com\/es\/valores\/"},{"@type":"ListItem","position":3,"name":"Acciones por el medio ambiente de Argile du Velay"}]},{"@type":"WebSite","@id":"https:\/\/argileduvelay.com\/es\/#website","url":"https:\/\/argileduvelay.com\/es\/","name":"Argile du Velay","description":"Fabricant fran\u00e7ais d'argile verte bio pour cosm\u00e9tique, hygi\u00e8ne animale, spa...","publisher":{"@id":"https:\/\/argileduvelay.com\/es\/#organization"},"potentialAction":[{"@type":"SearchAction","target":{"@type":"EntryPoint","urlTemplate":"https:\/\/argileduvelay.com\/es\/?s={search_term_string}"},"query-input":{"@type":"PropertyValueSpecification","valueRequired":true,"valueName":"search_term_string"}}],"inLanguage":"es"},{"@type":"Organization","@id":"https:\/\/argileduvelay.com\/es\/#organization","name":"Argile du Velay","url":"https:\/\/argileduvelay.com\/es\/","logo":{"@type":"ImageObject","inLanguage":"es","@id":"https:\/\/argileduvelay.com\/es\/#\/schema\/logo\/image\/","url":"https:\/\/argileduvelay.com\/wp-content\/uploads\/2022\/09\/logo_ARGILE_DU_VELAY-HD-ok.png","contentUrl":"https:\/\/argileduvelay.com\/wp-content\/uploads\/2022\/09\/logo_ARGILE_DU_VELAY-HD-ok.png","width":2520,"height":1450,"caption":"Argile du Velay"},"image":{"@id":"https:\/\/argileduvelay.com\/es\/#\/schema\/logo\/image\/"},"sameAs":["https:\/\/www.facebook.com\/argile.duvelay","https:\/\/www.instagram.com\/argileduvelay43\/","https:\/\/www.linkedin.com\/company\/argile-du-velay\/"]}]}},"_links":{"self":[{"href":"https:\/\/argileduvelay.com\/es\/wp-json\/wp\/v2\/pages\/2916","targetHints":{"allow":["GET"]}}],"collection":[{"href":"https:\/\/argileduvelay.com\/es\/wp-json\/wp\/v2\/pages"}],"about":[{"href":"https:\/\/argileduvelay.com\/es\/wp-json\/wp\/v2\/types\/page"}],"author":[{"embeddable":true,"href":"https:\/\/argileduvelay.com\/es\/wp-json\/wp\/v2\/users\/1"}],"replies":[{"embeddable":true,"href":"https:\/\/argileduvelay.com\/es\/wp-json\/wp\/v2\/comments?post=2916"}],"version-history":[{"count":14,"href":"https:\/\/argileduvelay.com\/es\/wp-json\/wp\/v2\/pages\/2916\/revisions"}],"predecessor-version":[{"id":3470,"href":"https:\/\/argileduvelay.com\/es\/wp-json\/wp\/v2\/pages\/2916\/revisions\/3470"}],"up":[{"embeddable":true,"href":"https:\/\/argileduvelay.com\/es\/wp-json\/wp\/v2\/pages\/2913"}],"wp:attachment":[{"href":"https:\/\/argileduvelay.com\/es\/wp-json\/wp\/v2\/media?parent=2916"}],"curies":[{"name":"wp","href":"https:\/\/api.w.org\/{rel}","templated":true}]}}