{"id":2928,"date":"2022-10-28T18:03:51","date_gmt":"2022-10-28T16:03:51","guid":{"rendered":"https:\/\/argileduvelay.com\/contactenos\/"},"modified":"2025-01-15T12:11:17","modified_gmt":"2025-01-15T11:11:17","slug":"contactenos","status":"publish","type":"page","link":"https:\/\/argileduvelay.com\/es\/contactenos\/","title":{"rendered":"CONT\u00c1CTENOS"},"content":{"rendered":"<p>[et_pb_section fb_built=\u00bb1&#8243; fullwidth=\u00bbon\u00bb admin_label=\u00bbHero\u00bb _builder_version=\u00bb4.16&#8243; _module_preset=\u00bbdefault\u00bb background_color=\u00bb#233b4e\u00bb parallax=\u00bbon\u00bb custom_padding=\u00bb0px|0px|0px|0px\u00bb global_colors_info=\u00bb{}\u00bb][et_pb_fullwidth_header title=\u00bbCONT\u00c1CTENOS\u00bb background_overlay_color=\u00bbRGBA(255,255,255,0)\u00bb content_max_width=\u00bb700px\u00bb admin_label=\u00bbHero Section\u00bb _builder_version=\u00bb4.19.2&#8243; _module_preset=\u00bbdefault\u00bb title_font=\u00bbOswald|on||on|\u00bb title_font_size=\u00bb60px\u00bb title_line_height=\u00bb1.3em\u00bb content_font=\u00bbRoboto||||\u00bb content_font_size=\u00bb20px\u00bb subhead_font_size=\u00bb36px\u00bb subhead_line_height=\u00bb1.3em\u00bb background_color=\u00bbrgba(255, 255, 255, 0)\u00bb background_image=\u00bbhttps:\/\/argileduvelay.com\/wp-content\/uploads\/2022\/12\/bienvenue.jpg\u00bb custom_button_one=\u00bbon\u00bb button_one_border_radius=\u00bb0px\u00bb button_one_letter_spacing=\u00bb4px\u00bb button_one_font=\u00bbOswald|on||on|\u00bb button_one_icon=\u00bb&#x24;||divi||400&#8243; button_one_icon_color=\u00bb#ffffff\u00bb custom_margin=\u00bb|||\u00bb custom_padding=\u00bb150px||150px|\u00bb custom_padding_tablet=\u00bb60px||60px|\u00bb custom_padding_phone=\u00bb\u00bb custom_padding_last_edited=\u00bbon|tablet\u00bb animation_style=\u00bbzoom\u00bb animation_direction=\u00bbbottom\u00bb animation_intensity_zoom=\u00bb4%\u00bb title_text_shadow_style=\u00bbpreset5&#8243; content_text_shadow_style=\u00bbpreset5&#8243; subhead_text_shadow_style=\u00bbpreset5&#8243; text_shadow_style=\u00bbpreset5&#8243; button_one_text_color_hover=\u00bb#ffffff\u00bb button_one_border_color_hover=\u00bb#ffffff\u00bb button_one_border_radius_hover=\u00bb0px\u00bb button_one_letter_spacing_hover=\u00bb4px\u00bb button_one_bg_color_hover=\u00bbrgba(0,0,0,0)\u00bb global_colors_info=\u00bb{}\u00bb button_one_text_size__hover_enabled=\u00bboff\u00bb button_two_text_size__hover_enabled=\u00bboff\u00bb button_one_text_color__hover_enabled=\u00bbon\u00bb button_one_text_color__hover=\u00bb#ffffff\u00bb button_two_text_color__hover_enabled=\u00bboff\u00bb button_one_border_width__hover_enabled=\u00bboff\u00bb button_two_border_width__hover_enabled=\u00bboff\u00bb button_one_border_color__hover_enabled=\u00bbon\u00bb button_one_border_color__hover=\u00bb#ffffff\u00bb button_two_border_color__hover_enabled=\u00bboff\u00bb button_one_border_radius__hover_enabled=\u00bbon\u00bb button_one_border_radius__hover=\u00bb0px\u00bb button_two_border_radius__hover_enabled=\u00bboff\u00bb button_one_letter_spacing__hover_enabled=\u00bbon\u00bb button_one_letter_spacing__hover=\u00bb4px\u00bb button_two_letter_spacing__hover_enabled=\u00bboff\u00bb button_one_bg_color__hover_enabled=\u00bbon\u00bb button_one_bg_color__hover=\u00bbrgba(0,0,0,0)\u00bb button_two_bg_color__hover_enabled=\u00bboff\u00bb][\/et_pb_fullwidth_header][\/et_pb_section][et_pb_section fb_built=\u00bb1&#8243; custom_padding_last_edited=\u00bbon|tablet\u00bb admin_label=\u00bbContact Form\u00bb _builder_version=\u00bb4.16&#8243; custom_padding=\u00bb110px||110px|\u00bb custom_padding_tablet=\u00bb60px|||\u00bb custom_padding_phone=\u00bb\u00bb global_colors_info=\u00bb{}\u00bb][et_pb_row column_structure=\u00bb1_2,1_2&#8243; _builder_version=\u00bb4.16&#8243; background_size=\u00bbinitial\u00bb background_position=\u00bbtop_left\u00bb background_repeat=\u00bbrepeat\u00bb global_colors_info=\u00bb{}\u00bb][et_pb_column type=\u00bb1_2&#8243; _builder_version=\u00bb4.16&#8243; custom_padding=\u00bb|||\u00bb global_colors_info=\u00bb{}\u00bb custom_padding__hover=\u00bb|||\u00bb][et_pb_text admin_label=\u00bbContact Title\u00bb _builder_version=\u00bb4.18.0&#8243; text_font=\u00bb||||\u00bb text_text_color=\u00bb#1a1a1a\u00bb header_font=\u00bbOswald|on||on|\u00bb header_text_align=\u00bbleft\u00bb header_font_size=\u00bb60px\u00bb header_line_height=\u00bb1.3em\u00bb background_size=\u00bbinitial\u00bb background_position=\u00bbtop_left\u00bb background_repeat=\u00bbrepeat\u00bb max_width=\u00bb450px\u00bb custom_margin=\u00bb|||\u00bb custom_padding=\u00bb|||\u00bb animation_style=\u00bbslide\u00bb animation_direction=\u00bbtop\u00bb animation_intensity_slide=\u00bb10%\u00bb locked=\u00bboff\u00bb global_colors_info=\u00bb{}\u00bb]<\/p>\n<h1>CONT\u00c1CTENOS<\/h1>\n<p>[\/et_pb_text][et_pb_divider color=\u00bb#8CA25B\u00bb divider_position=\u00bbcenter\u00bb divider_weight=\u00bb3px\u00bb disabled_on=\u00bboff|off|off%22&#8243; admin_label=\u00bbDivider\u00bb _builder_version=\u00bb4.18.0&#8243; max_width=\u00bb150px\u00bb height=\u00bbfalse\u00bb custom_margin=\u00bb30px|||\u00bb animation_style=\u00bbslide\u00bb animation_direction=\u00bbtop\u00bb animation_delay=\u00bb100ms\u00bb animation_intensity_slide=\u00bb10%\u00bb locked=\u00bboff\u00bb global_colors_info=\u00bb{}\u00bb][\/et_pb_divider][et_pb_text admin_label=\u00bbContact Subtitle\u00bb _builder_version=\u00bb4.19.2&#8243; text_font=\u00bbRoboto||||\u00bb text_text_color=\u00bb#1a1a1a\u00bb text_font_size=\u00bb24px\u00bb text_line_height=\u00bb1.4em\u00bb background_size=\u00bbinitial\u00bb background_position=\u00bbtop_left\u00bb background_repeat=\u00bbrepeat\u00bb max_width=\u00bb450px\u00bb custom_padding=\u00bb30px|||\u00bb animation_style=\u00bbslide\u00bb animation_direction=\u00bbtop\u00bb animation_delay=\u00bb200ms\u00bb animation_intensity_slide=\u00bb10%\u00bb locked=\u00bboff\u00bb global_colors_info=\u00bb{}\u00bb]<\/p>\n<p>Argile du Velay, principal fabricante frances de arcilla verde.<\/p>\n<p>[\/et_pb_text][et_pb_text admin_label=\u00bbContact Text\u00bb _builder_version=\u00bb4.18.0&#8243; text_font=\u00bbRoboto||||\u00bb text_font_size=\u00bb16px\u00bb text_line_height=\u00bb1.9em\u00bb background_size=\u00bbinitial\u00bb background_position=\u00bbtop_left\u00bb background_repeat=\u00bbrepeat\u00bb max_width=\u00bb450px\u00bb custom_margin=\u00bb60|||\u00bb custom_padding=\u00bb||60px|\u00bb animation_style=\u00bbslide\u00bb animation_direction=\u00bbtop\u00bb animation_delay=\u00bb400ms\u00bb animation_intensity_slide=\u00bb4%\u00bb locked=\u00bboff\u00bb global_colors_info=\u00bb{}\u00bb]<\/p>\n<p>Utilice el siguiente formulario para cualquier solicitud.<\/p>\n<p>[\/et_pb_text][et_pb_image src=\u00bbhttps:\/\/argileduvelay.com\/wp-content\/uploads\/2022\/10\/Label-sans-fond.png\u00bb alt=\u00bbLa Arcilla Verde de Velay\u00bb title_text=\u00bbLabel-sans-fond\u00bb _builder_version=\u00bb4.18.0&#8243; _module_preset=\u00bbdefault\u00bb global_colors_info=\u00bb{}\u00bb][\/et_pb_image][\/et_pb_column][et_pb_column type=\u00bb1_2&#8243; _builder_version=\u00bb4.16&#8243; custom_padding=\u00bb|||\u00bb global_colors_info=\u00bb{}\u00bb custom_padding__hover=\u00bb|||\u00bb][et_pb_contact_form email=\u00bbargileduvelay@celypse.fr\u00bb submit_button_text=\u00bbENVIAR\u00bb module_id=\u00bbet_pb_contact_form_0&#8243; _builder_version=\u00bb4.27.4&#8243; form_field_background_color=\u00bb#ffffff\u00bb form_field_font=\u00bbRoboto|on|||\u00bb form_field_font_size=\u00bb16px\u00bb custom_button=\u00bbon\u00bb button_text_color=\u00bb#FFFFFF\u00bb button_bg_color=\u00bb#8ca25b\u00bb button_border_width=\u00bb2px\u00bb button_border_color=\u00bb#6FA300&#8243; button_border_radius=\u00bb0px\u00bb button_letter_spacing=\u00bb4px\u00bb button_font=\u00bb|on||on|\u00bb button_icon=\u00bb&#x24;||divi||400&#8243; button_icon_color=\u00bb#1a1a1a\u00bb custom_margin=\u00bb12px|||\u00bb animation_style=\u00bbfold\u00bb animation_direction=\u00bbright\u00bb animation_intensity_fold=\u00bb20%\u00bb hover_enabled=\u00bb0&#8243; border_width_all=\u00bb1px\u00bb border_color_all=\u00bbrgba(0,0,0,0.12)\u00bb border_style_all=\u00bbsolid\u00bb use_border_color=\u00bbon\u00bb border_color=\u00bbrgba(0,0,0,0.12)\u00bb form_background_color=\u00bb#ffffff\u00bb locked=\u00bboff\u00bb global_colors_info=\u00bb{}\u00bb sticky_enabled=\u00bb0&#8243;][et_pb_contact_field field_id=\u00bbNom\u00bb field_title=\u00bbNOMBRE COMPLETO\u00bb fullwidth_field=\u00bbon\u00bb _builder_version=\u00bb4.18.0&#8243; global_colors_info=\u00bb{}\u00bb button_text_size__hover_enabled=\u00bboff\u00bb button_one_text_size__hover_enabled=\u00bboff\u00bb button_two_text_size__hover_enabled=\u00bboff\u00bb button_text_color__hover_enabled=\u00bboff\u00bb button_one_text_color__hover_enabled=\u00bboff\u00bb button_two_text_color__hover_enabled=\u00bboff\u00bb button_border_width__hover_enabled=\u00bboff\u00bb button_one_border_width__hover_enabled=\u00bboff\u00bb button_two_border_width__hover_enabled=\u00bboff\u00bb button_border_color__hover_enabled=\u00bboff\u00bb button_one_border_color__hover_enabled=\u00bboff\u00bb button_two_border_color__hover_enabled=\u00bboff\u00bb button_border_radius__hover_enabled=\u00bboff\u00bb button_one_border_radius__hover_enabled=\u00bboff\u00bb button_two_border_radius__hover_enabled=\u00bboff\u00bb button_letter_spacing__hover_enabled=\u00bboff\u00bb button_one_letter_spacing__hover_enabled=\u00bboff\u00bb button_two_letter_spacing__hover_enabled=\u00bboff\u00bb button_bg_color__hover_enabled=\u00bboff\u00bb button_one_bg_color__hover_enabled=\u00bboff\u00bb button_two_bg_color__hover_enabled=\u00bboff\u00bb][\/et_pb_contact_field][et_pb_contact_field field_id=\u00bbEmail\u00bb field_title=\u00bbCORREO ELECTR\u00d3NICO\u00bb field_type=\u00bbemail\u00bb fullwidth_field=\u00bbon\u00bb _builder_version=\u00bb4.18.0&#8243; global_colors_info=\u00bb{}\u00bb button_text_size__hover_enabled=\u00bboff\u00bb button_one_text_size__hover_enabled=\u00bboff\u00bb button_two_text_size__hover_enabled=\u00bboff\u00bb button_text_color__hover_enabled=\u00bboff\u00bb button_one_text_color__hover_enabled=\u00bboff\u00bb button_two_text_color__hover_enabled=\u00bboff\u00bb button_border_width__hover_enabled=\u00bboff\u00bb button_one_border_width__hover_enabled=\u00bboff\u00bb button_two_border_width__hover_enabled=\u00bboff\u00bb button_border_color__hover_enabled=\u00bboff\u00bb button_one_border_color__hover_enabled=\u00bboff\u00bb button_two_border_color__hover_enabled=\u00bboff\u00bb button_border_radius__hover_enabled=\u00bboff\u00bb button_one_border_radius__hover_enabled=\u00bboff\u00bb button_two_border_radius__hover_enabled=\u00bboff\u00bb button_letter_spacing__hover_enabled=\u00bboff\u00bb button_one_letter_spacing__hover_enabled=\u00bboff\u00bb button_two_letter_spacing__hover_enabled=\u00bboff\u00bb button_bg_color__hover_enabled=\u00bboff\u00bb button_one_bg_color__hover_enabled=\u00bboff\u00bb button_two_bg_color__hover_enabled=\u00bboff\u00bb][\/et_pb_contact_field][et_pb_contact_field field_id=\u00bbSociete\u00bb field_title=\u00bbCOMPA\u00d1\u00cdA\/EMPRESA\u00bb fullwidth_field=\u00bbon\u00bb _builder_version=\u00bb4.18.0&#8243; _module_preset=\u00bbdefault\u00bb global_colors_info=\u00bb{}\u00bb][\/et_pb_contact_field][et_pb_contact_field field_id=\u00bbActivite\u00bb field_title=\u00bbACTIVIDAD\u00bb fullwidth_field=\u00bbon\u00bb _builder_version=\u00bb4.18.0&#8243; _module_preset=\u00bbdefault\u00bb global_colors_info=\u00bb{}\u00bb][\/et_pb_contact_field][et_pb_contact_field field_id=\u00bbSiret\u00bb field_title=\u00bbSIRET\u00bb fullwidth_field=\u00bbon\u00bb _builder_version=\u00bb4.18.0&#8243; _module_preset=\u00bbdefault\u00bb global_colors_info=\u00bb{}\u00bb][\/et_pb_contact_field][et_pb_contact_field field_id=\u00bbAdresse\u00bb field_title=\u00bbDIRECCION\u00bb fullwidth_field=\u00bbon\u00bb _builder_version=\u00bb4.18.0&#8243; _module_preset=\u00bbdefault\u00bb global_colors_info=\u00bb{}\u00bb][\/et_pb_contact_field][et_pb_contact_field field_id=\u00bbCP\u00bb field_title=\u00bbCODIGO POSTAL\u00bb fullwidth_field=\u00bbon\u00bb _builder_version=\u00bb4.18.0&#8243; _module_preset=\u00bbdefault\u00bb global_colors_info=\u00bb{}\u00bb][\/et_pb_contact_field][et_pb_contact_field field_id=\u00bbVille\u00bb field_title=\u00bbCIUDAD\u00bb fullwidth_field=\u00bbon\u00bb _builder_version=\u00bb4.18.0&#8243; _module_preset=\u00bbdefault\u00bb global_colors_info=\u00bb{}\u00bb][\/et_pb_contact_field][et_pb_contact_field field_id=\u00bbPays\u00bb field_title=\u00bbPAIS\u00bb fullwidth_field=\u00bbon\u00bb _builder_version=\u00bb4.18.0&#8243; _module_preset=\u00bbdefault\u00bb global_colors_info=\u00bb{}\u00bb][\/et_pb_contact_field][et_pb_contact_field field_id=\u00bbT\u00e9l\u00e9phone\u00bb field_title=\u00bbTELEFONO\u00bb allowed_symbols=\u00bbnumbers\u00bb fullwidth_field=\u00bbon\u00bb _builder_version=\u00bb4.18.0&#8243; global_colors_info=\u00bb{}\u00bb button_text_size__hover_enabled=\u00bboff\u00bb button_one_text_size__hover_enabled=\u00bboff\u00bb button_two_text_size__hover_enabled=\u00bboff\u00bb button_text_color__hover_enabled=\u00bboff\u00bb button_one_text_color__hover_enabled=\u00bboff\u00bb button_two_text_color__hover_enabled=\u00bboff\u00bb button_border_width__hover_enabled=\u00bboff\u00bb button_one_border_width__hover_enabled=\u00bboff\u00bb button_two_border_width__hover_enabled=\u00bboff\u00bb button_border_color__hover_enabled=\u00bboff\u00bb button_one_border_color__hover_enabled=\u00bboff\u00bb button_two_border_color__hover_enabled=\u00bboff\u00bb button_border_radius__hover_enabled=\u00bboff\u00bb button_one_border_radius__hover_enabled=\u00bboff\u00bb button_two_border_radius__hover_enabled=\u00bboff\u00bb button_letter_spacing__hover_enabled=\u00bboff\u00bb button_one_letter_spacing__hover_enabled=\u00bboff\u00bb button_two_letter_spacing__hover_enabled=\u00bboff\u00bb button_bg_color__hover_enabled=\u00bboff\u00bb button_one_bg_color__hover_enabled=\u00bboff\u00bb button_two_bg_color__hover_enabled=\u00bboff\u00bb][\/et_pb_contact_field][et_pb_contact_field field_id=\u00bbObjet\u00bb field_title=\u00bbASUNTO\u00bb fullwidth_field=\u00bbon\u00bb _builder_version=\u00bb4.18.0&#8243; _module_preset=\u00bbdefault\u00bb global_colors_info=\u00bb{}\u00bb][\/et_pb_contact_field][et_pb_contact_field field_id=\u00bbMessage\u00bb field_title=\u00bbMENSAJE\u00bb field_type=\u00bbtext\u00bb fullwidth_field=\u00bbon\u00bb _builder_version=\u00bb4.16&#8243; global_colors_info=\u00bb{}\u00bb button_text_size__hover_enabled=\u00bboff\u00bb button_one_text_size__hover_enabled=\u00bboff\u00bb button_two_text_size__hover_enabled=\u00bboff\u00bb button_text_color__hover_enabled=\u00bboff\u00bb button_one_text_color__hover_enabled=\u00bboff\u00bb button_two_text_color__hover_enabled=\u00bboff\u00bb button_border_width__hover_enabled=\u00bboff\u00bb button_one_border_width__hover_enabled=\u00bboff\u00bb button_two_border_width__hover_enabled=\u00bboff\u00bb button_border_color__hover_enabled=\u00bboff\u00bb button_one_border_color__hover_enabled=\u00bboff\u00bb button_two_border_color__hover_enabled=\u00bboff\u00bb button_border_radius__hover_enabled=\u00bboff\u00bb button_one_border_radius__hover_enabled=\u00bboff\u00bb button_two_border_radius__hover_enabled=\u00bboff\u00bb button_letter_spacing__hover_enabled=\u00bboff\u00bb button_one_letter_spacing__hover_enabled=\u00bboff\u00bb button_two_letter_spacing__hover_enabled=\u00bboff\u00bb button_bg_color__hover_enabled=\u00bboff\u00bb button_one_bg_color__hover_enabled=\u00bboff\u00bb button_two_bg_color__hover_enabled=\u00bboff\u00bb][\/et_pb_contact_field][\/et_pb_contact_form][\/et_pb_column][\/et_pb_row][\/et_pb_section][et_pb_section fb_built=\u00bb1&#8243; fullwidth=\u00bbon\u00bb admin_label=\u00bbHero\u00bb _builder_version=\u00bb4.16&#8243; _module_preset=\u00bbdefault\u00bb background_color=\u00bb#233b4e\u00bb parallax=\u00bbon\u00bb custom_padding=\u00bb0px|0px|0px|0px\u00bb global_colors_info=\u00bb{}\u00bb][et_pb_fullwidth_image src=\u00bbhttps:\/\/argileduvelay.com\/wp-content\/uploads\/2022\/11\/carte-full-V4-scaled.jpg\u00bb title_text=\u00bbcarte-full-V4&#8243; _builder_version=\u00bb4.18.1&#8243; _module_preset=\u00bbdefault\u00bb global_colors_info=\u00bb{}\u00bb][\/et_pb_fullwidth_image][\/et_pb_section]<\/p>\n","protected":false},"excerpt":{"rendered":"<p>CONT\u00c1CTENOSArgile du Velay, principal fabricante frances de arcilla verde.Utilice el siguiente formulario para cualquier solicitud.<\/p>\n","protected":false},"author":1,"featured_media":0,"parent":0,"menu_order":0,"comment_status":"closed","ping_status":"closed","template":"","meta":{"_et_pb_use_builder":"on","_et_pb_old_content":"","_et_gb_content_width":"","footnotes":""},"class_list":["post-2928","page","type-page","status-publish","hentry"],"yoast_head":"<!-- This site is optimized with the Yoast SEO plugin v27.3 - https:\/\/yoast.com\/product\/yoast-seo-wordpress\/ -->\n<title>\u00bfEst\u00e1 buscando un proveedor de arcilla?<\/title>\n<meta name=\"description\" content=\"ARGILE DU VELAY es el principal proveedor franc\u00e9s de arcilla. Nuestra arcilla se extrae y transforma en Francia, utilizando m\u00e9todos respetuosos con el medio ambiente.\" \/>\n<meta name=\"robots\" content=\"index, follow, max-snippet:-1, max-image-preview:large, max-video-preview:-1\" \/>\n<link rel=\"canonical\" href=\"https:\/\/argileduvelay.com\/es\/contactenos\/\" \/>\n<meta property=\"og:locale\" content=\"es_ES\" \/>\n<meta property=\"og:type\" content=\"article\" \/>\n<meta property=\"og:title\" content=\"\u00bfEst\u00e1 buscando un proveedor de arcilla?\" \/>\n<meta property=\"og:description\" content=\"ARGILE DU VELAY es el principal proveedor franc\u00e9s de arcilla. Nuestra arcilla se extrae y transforma en Francia, utilizando m\u00e9todos respetuosos con el medio ambiente.\" \/>\n<meta property=\"og:url\" content=\"https:\/\/argileduvelay.com\/es\/contactenos\/\" \/>\n<meta property=\"og:site_name\" content=\"Argile du Velay\" \/>\n<meta property=\"article:publisher\" content=\"https:\/\/www.facebook.com\/argile.duvelay\" \/>\n<meta property=\"article:modified_time\" content=\"2025-01-15T11:11:17+00:00\" \/>\n<meta name=\"twitter:card\" content=\"summary_large_image\" \/>\n<meta name=\"twitter:label1\" content=\"Tiempo de lectura\" \/>\n\t<meta name=\"twitter:data1\" content=\"3 minutos\" \/>\n<script type=\"application\/ld+json\" class=\"yoast-schema-graph\">{\"@context\":\"https:\\\/\\\/schema.org\",\"@graph\":[{\"@type\":\"WebPage\",\"@id\":\"https:\\\/\\\/argileduvelay.com\\\/es\\\/contactenos\\\/\",\"url\":\"https:\\\/\\\/argileduvelay.com\\\/es\\\/contactenos\\\/\",\"name\":\"\u00bfEst\u00e1 buscando un proveedor de arcilla?\",\"isPartOf\":{\"@id\":\"https:\\\/\\\/argileduvelay.com\\\/es\\\/#website\"},\"datePublished\":\"2022-10-28T16:03:51+00:00\",\"dateModified\":\"2025-01-15T11:11:17+00:00\",\"description\":\"ARGILE DU VELAY es el principal proveedor franc\u00e9s de arcilla. Nuestra arcilla se extrae y transforma en Francia, utilizando m\u00e9todos respetuosos con el medio ambiente.\",\"breadcrumb\":{\"@id\":\"https:\\\/\\\/argileduvelay.com\\\/es\\\/contactenos\\\/#breadcrumb\"},\"inLanguage\":\"es\",\"potentialAction\":[{\"@type\":\"ReadAction\",\"target\":[\"https:\\\/\\\/argileduvelay.com\\\/es\\\/contactenos\\\/\"]}]},{\"@type\":\"BreadcrumbList\",\"@id\":\"https:\\\/\\\/argileduvelay.com\\\/es\\\/contactenos\\\/#breadcrumb\",\"itemListElement\":[{\"@type\":\"ListItem\",\"position\":1,\"name\":\"Accueil\",\"item\":\"https:\\\/\\\/argileduvelay.com\\\/es\\\/\"},{\"@type\":\"ListItem\",\"position\":2,\"name\":\"CONT\u00c1CTENOS\"}]},{\"@type\":\"WebSite\",\"@id\":\"https:\\\/\\\/argileduvelay.com\\\/es\\\/#website\",\"url\":\"https:\\\/\\\/argileduvelay.com\\\/es\\\/\",\"name\":\"Argile du Velay\",\"description\":\"Fabricant fran\u00e7ais d'argile verte bio pour cosm\u00e9tique, hygi\u00e8ne animale, spa...\",\"publisher\":{\"@id\":\"https:\\\/\\\/argileduvelay.com\\\/es\\\/#organization\"},\"potentialAction\":[{\"@type\":\"SearchAction\",\"target\":{\"@type\":\"EntryPoint\",\"urlTemplate\":\"https:\\\/\\\/argileduvelay.com\\\/es\\\/?s={search_term_string}\"},\"query-input\":{\"@type\":\"PropertyValueSpecification\",\"valueRequired\":true,\"valueName\":\"search_term_string\"}}],\"inLanguage\":\"es\"},{\"@type\":\"Organization\",\"@id\":\"https:\\\/\\\/argileduvelay.com\\\/es\\\/#organization\",\"name\":\"Argile du Velay\",\"url\":\"https:\\\/\\\/argileduvelay.com\\\/es\\\/\",\"logo\":{\"@type\":\"ImageObject\",\"inLanguage\":\"es\",\"@id\":\"https:\\\/\\\/argileduvelay.com\\\/es\\\/#\\\/schema\\\/logo\\\/image\\\/\",\"url\":\"https:\\\/\\\/argileduvelay.com\\\/wp-content\\\/uploads\\\/2022\\\/09\\\/logo_ARGILE_DU_VELAY-HD-ok.png\",\"contentUrl\":\"https:\\\/\\\/argileduvelay.com\\\/wp-content\\\/uploads\\\/2022\\\/09\\\/logo_ARGILE_DU_VELAY-HD-ok.png\",\"width\":2520,\"height\":1450,\"caption\":\"Argile du Velay\"},\"image\":{\"@id\":\"https:\\\/\\\/argileduvelay.com\\\/es\\\/#\\\/schema\\\/logo\\\/image\\\/\"},\"sameAs\":[\"https:\\\/\\\/www.facebook.com\\\/argile.duvelay\",\"https:\\\/\\\/www.instagram.com\\\/argileduvelay43\\\/\",\"https:\\\/\\\/www.linkedin.com\\\/company\\\/argile-du-velay\\\/\"]}]}<\/script>\n<!-- \/ Yoast SEO plugin. -->","yoast_head_json":{"title":"\u00bfEst\u00e1 buscando un proveedor de arcilla?","description":"ARGILE DU VELAY es el principal proveedor franc\u00e9s de arcilla. Nuestra arcilla se extrae y transforma en Francia, utilizando m\u00e9todos respetuosos con el medio ambiente.","robots":{"index":"index","follow":"follow","max-snippet":"max-snippet:-1","max-image-preview":"max-image-preview:large","max-video-preview":"max-video-preview:-1"},"canonical":"https:\/\/argileduvelay.com\/es\/contactenos\/","og_locale":"es_ES","og_type":"article","og_title":"\u00bfEst\u00e1 buscando un proveedor de arcilla?","og_description":"ARGILE DU VELAY es el principal proveedor franc\u00e9s de arcilla. Nuestra arcilla se extrae y transforma en Francia, utilizando m\u00e9todos respetuosos con el medio ambiente.","og_url":"https:\/\/argileduvelay.com\/es\/contactenos\/","og_site_name":"Argile du Velay","article_publisher":"https:\/\/www.facebook.com\/argile.duvelay","article_modified_time":"2025-01-15T11:11:17+00:00","twitter_card":"summary_large_image","twitter_misc":{"Tiempo de lectura":"3 minutos"},"schema":{"@context":"https:\/\/schema.org","@graph":[{"@type":"WebPage","@id":"https:\/\/argileduvelay.com\/es\/contactenos\/","url":"https:\/\/argileduvelay.com\/es\/contactenos\/","name":"\u00bfEst\u00e1 buscando un proveedor de arcilla?","isPartOf":{"@id":"https:\/\/argileduvelay.com\/es\/#website"},"datePublished":"2022-10-28T16:03:51+00:00","dateModified":"2025-01-15T11:11:17+00:00","description":"ARGILE DU VELAY es el principal proveedor franc\u00e9s de arcilla. Nuestra arcilla se extrae y transforma en Francia, utilizando m\u00e9todos respetuosos con el medio ambiente.","breadcrumb":{"@id":"https:\/\/argileduvelay.com\/es\/contactenos\/#breadcrumb"},"inLanguage":"es","potentialAction":[{"@type":"ReadAction","target":["https:\/\/argileduvelay.com\/es\/contactenos\/"]}]},{"@type":"BreadcrumbList","@id":"https:\/\/argileduvelay.com\/es\/contactenos\/#breadcrumb","itemListElement":[{"@type":"ListItem","position":1,"name":"Accueil","item":"https:\/\/argileduvelay.com\/es\/"},{"@type":"ListItem","position":2,"name":"CONT\u00c1CTENOS"}]},{"@type":"WebSite","@id":"https:\/\/argileduvelay.com\/es\/#website","url":"https:\/\/argileduvelay.com\/es\/","name":"Argile du Velay","description":"Fabricant fran\u00e7ais d'argile verte bio pour cosm\u00e9tique, hygi\u00e8ne animale, spa...","publisher":{"@id":"https:\/\/argileduvelay.com\/es\/#organization"},"potentialAction":[{"@type":"SearchAction","target":{"@type":"EntryPoint","urlTemplate":"https:\/\/argileduvelay.com\/es\/?s={search_term_string}"},"query-input":{"@type":"PropertyValueSpecification","valueRequired":true,"valueName":"search_term_string"}}],"inLanguage":"es"},{"@type":"Organization","@id":"https:\/\/argileduvelay.com\/es\/#organization","name":"Argile du Velay","url":"https:\/\/argileduvelay.com\/es\/","logo":{"@type":"ImageObject","inLanguage":"es","@id":"https:\/\/argileduvelay.com\/es\/#\/schema\/logo\/image\/","url":"https:\/\/argileduvelay.com\/wp-content\/uploads\/2022\/09\/logo_ARGILE_DU_VELAY-HD-ok.png","contentUrl":"https:\/\/argileduvelay.com\/wp-content\/uploads\/2022\/09\/logo_ARGILE_DU_VELAY-HD-ok.png","width":2520,"height":1450,"caption":"Argile du Velay"},"image":{"@id":"https:\/\/argileduvelay.com\/es\/#\/schema\/logo\/image\/"},"sameAs":["https:\/\/www.facebook.com\/argile.duvelay","https:\/\/www.instagram.com\/argileduvelay43\/","https:\/\/www.linkedin.com\/company\/argile-du-velay\/"]}]}},"_links":{"self":[{"href":"https:\/\/argileduvelay.com\/es\/wp-json\/wp\/v2\/pages\/2928","targetHints":{"allow":["GET"]}}],"collection":[{"href":"https:\/\/argileduvelay.com\/es\/wp-json\/wp\/v2\/pages"}],"about":[{"href":"https:\/\/argileduvelay.com\/es\/wp-json\/wp\/v2\/types\/page"}],"author":[{"embeddable":true,"href":"https:\/\/argileduvelay.com\/es\/wp-json\/wp\/v2\/users\/1"}],"replies":[{"embeddable":true,"href":"https:\/\/argileduvelay.com\/es\/wp-json\/wp\/v2\/comments?post=2928"}],"version-history":[{"count":10,"href":"https:\/\/argileduvelay.com\/es\/wp-json\/wp\/v2\/pages\/2928\/revisions"}],"predecessor-version":[{"id":3461,"href":"https:\/\/argileduvelay.com\/es\/wp-json\/wp\/v2\/pages\/2928\/revisions\/3461"}],"wp:attachment":[{"href":"https:\/\/argileduvelay.com\/es\/wp-json\/wp\/v2\/media?parent=2928"}],"curies":[{"name":"wp","href":"https:\/\/api.w.org\/{rel}","templated":true}]}}