{"id":2941,"date":"2022-10-24T20:05:00","date_gmt":"2022-10-24T18:05:00","guid":{"rendered":"https:\/\/argileduvelay.com\/oferta\/como-elegir-una-arcilla-de-calidad\/"},"modified":"2023-04-19T19:04:09","modified_gmt":"2023-04-19T17:04:09","slug":"como-elegir-una-arcilla-de-calidad","status":"publish","type":"page","link":"https:\/\/argileduvelay.com\/es\/oferta\/como-elegir-una-arcilla-de-calidad\/","title":{"rendered":"\u00bfCOMO ELEGIR UNA ARCILLA DE CALIDAD?"},"content":{"rendered":"<p>[et_pb_section fb_built=\u00bb1&#8243; admin_label=\u00bbHero\u00bb _builder_version=\u00bb4.19.2&#8243; _module_preset=\u00bbdefault\u00bb background_image=\u00bbhttps:\/\/argileduvelay.com\/wp-content\/uploads\/2022\/12\/comment-choisir.jpg\u00bb custom_padding=\u00bb110px|||\u00bb saved_tabs=\u00bball\u00bb global_colors_info=\u00bb{}\u00bb][et_pb_row module_class=\u00bb et_pb_row_fullwidth\u00bb _builder_version=\u00bb4.17.4&#8243; _module_preset=\u00bbdefault\u00bb width_tablet=\u00bb100%\u00bb width_phone=\u00bb100%\u00bb width_last_edited=\u00bbon|desktop\u00bb max_width_tablet=\u00bb100%\u00bb max_width_phone=\u00bb100%\u00bb max_width_last_edited=\u00bbon|desktop\u00bb custom_margin=\u00bb|||\u00bb custom_padding=\u00bb|||\u00bb make_fullwidth=\u00bbon\u00bb global_colors_info=\u00bb{}\u00bb][et_pb_column type=\u00bb4_4&#8243; _builder_version=\u00bb4.16&#8243; _module_preset=\u00bbdefault\u00bb background_position=\u00bbtop_left\u00bb custom_padding=\u00bb|||\u00bb global_colors_info=\u00bb{}\u00bb custom_padding__hover=\u00bb|||\u00bb][et_pb_text admin_label=\u00bbHero Title\u00bb _builder_version=\u00bb4.19.2&#8243; _module_preset=\u00bbdefault\u00bb text_font=\u00bb||||\u00bb text_text_color=\u00bb#1a1a1a\u00bb header_font=\u00bbOswald|700||||on|||\u00bb header_text_align=\u00bbleft\u00bb header_font_size=\u00bb50px\u00bb header_line_height=\u00bb1.3em\u00bb custom_margin=\u00bb||10px|30px|false|false\u00bb custom_margin_last_edited=\u00bboff|phone\u00bb custom_padding=\u00bb|||\u00bb custom_padding_tablet=\u00bb|||\u00bb custom_padding_phone=\u00bb|||\u00bb custom_padding_last_edited=\u00bbon|desktop\u00bb animation_style=\u00bbslide\u00bb animation_direction=\u00bbtop\u00bb animation_intensity_slide=\u00bb10%\u00bb text_text_shadow_style=\u00bbpreset2&#8243; locked=\u00bboff\u00bb global_colors_info=\u00bb{}\u00bb custom_margin__hover_enabled=\u00bboff|desktop\u00bb]<\/p>\n<h1>\u00bfCOMO ELEGIR UNA ARCILLA DE CALIDAD?<\/h1>\n<p>[\/et_pb_text][et_pb_divider divider_position=\u00bbcenter\u00bb divider_weight=\u00bb3px\u00bb disabled_on=\u00bbon|on|off%22&#8243; _builder_version=\u00bb4.17.4&#8243; _module_preset=\u00bbdefault\u00bb max_width=\u00bb150px\u00bb height=\u00bbfalse\u00bb custom_margin=\u00bb0px||100px|30px|false|false\u00bb animation_style=\u00bbslide\u00bb animation_direction=\u00bbtop\u00bb animation_delay=\u00bb100ms\u00bb animation_intensity_slide=\u00bb10%\u00bb locked=\u00bboff\u00bb global_colors_info=\u00bb{}\u00bb][\/et_pb_divider][\/et_pb_column][\/et_pb_row][\/et_pb_section][et_pb_section fb_built=\u00bb1&#8243; _builder_version=\u00bb4.18.0&#8243; _module_preset=\u00bbdefault\u00bb custom_padding=\u00bb80px||||false|false\u00bb global_colors_info=\u00bb{}\u00bb][et_pb_row _builder_version=\u00bb4.17.4&#8243; _module_preset=\u00bbdefault\u00bb global_colors_info=\u00bb{}\u00bb][et_pb_column type=\u00bb4_4&#8243; _builder_version=\u00bb4.16&#8243; _module_preset=\u00bbdefault\u00bb custom_padding=\u00bb|||\u00bb global_colors_info=\u00bb{}\u00bb custom_padding__hover=\u00bb|||\u00bb][et_pb_text admin_label=\u00bbSub Title\u00bb _builder_version=\u00bb4.18.0&#8243; _module_preset=\u00bbdefault\u00bb text_font=\u00bbRoboto|700|||||||\u00bb text_text_color=\u00bb#8CA25B\u00bb text_font_size=\u00bb24px\u00bb text_line_height=\u00bb1.4em\u00bb background_size=\u00bbinitial\u00bb background_position=\u00bbtop_left\u00bb background_repeat=\u00bbrepeat\u00bb custom_padding=\u00bb30px|||\u00bb animation_style=\u00bbslide\u00bb animation_direction=\u00bbtop\u00bb animation_delay=\u00bb200ms\u00bb animation_intensity_slide=\u00bb10%\u00bb locked=\u00bboff\u00bb global_colors_info=\u00bb{}\u00bb]<\/p>\n<p>Para compensar la ausencia de una normativa francesa y europea sobre la clasificaci\u00f3n de la arcilla, es importante:<\/p>\n<p>[\/et_pb_text][\/et_pb_column][\/et_pb_row][\/et_pb_section][et_pb_section fb_built=\u00bb1&#8243; _builder_version=\u00bb4.18.0&#8243; _module_preset=\u00bbdefault\u00bb custom_padding=\u00bb0px||0px||false|false\u00bb global_colors_info=\u00bb{}\u00bb][et_pb_row _builder_version=\u00bb4.18.0&#8243; _module_preset=\u00bbdefault\u00bb global_colors_info=\u00bb{}\u00bb][et_pb_column type=\u00bb4_4&#8243; _builder_version=\u00bb4.18.0&#8243; _module_preset=\u00bbdefault\u00bb global_colors_info=\u00bb{}\u00bb][et_pb_text _builder_version=\u00bb4.18.0&#8243; _module_preset=\u00bbdefault\u00bb text_font=\u00bbRoboto||||||||\u00bb text_font_size=\u00bb16px\u00bb text_line_height=\u00bb1.9em\u00bb global_colors_info=\u00bb{}\u00bb]<\/p>\n<p>1\u2013 <strong>Conocer el origen<\/strong> de la arcilla utilizada: \u00bfViene de una cantera en medio de la naturaleza o de una cantera subterr\u00e1nea en Francia o en el extranjero?<\/p>\n<p>=&gt; ARGILE DU VELAY explota una cantera clasificada ZNIEFF (\u00e1rea natural de inter\u00e9s ecol\u00f3gico, faun\u00edstico y flor\u00edstico) al aire libre, al pie de los volcanes de Auvernia, lejos de toda contaminaci\u00f3n industrial.<\/p>\n<p>2 &#8211; <strong>La pureza mineral\u00f3gica de algunas<\/strong> \u00abarcillas\u00bb que encontramos en el mercado, tienen un porcentaje entre el 30 y el 50% de arcilla, el resto son impurezas, como cuarzo, arena, carbonatos y otros minerales. Esto har\u00e1 que el beneficio deseado sea menor con tan poca arcilla. Esto har\u00e1 que el beneficio deseado sea menor con tan poca arcilla.<\/p>\n<p>=&gt; La Arcilla Verde de Velay contiene 80% de arcilla, garantizada sin cuarzo, naturalmente rica en oligoelementos.<\/p>\n<p>3 \u2013 <strong>Inf\u00f3rmese sobre la existencia de impurezas qu\u00edmicas<\/strong>: dioxinas y PCB cerca de cero; ning\u00fan tratamiento qu\u00edmico (ionizaci\u00f3n, adici\u00f3n de pigmentos, etc.); ausencia de pesticidas en la arcilla.<\/p>\n<p>4- <strong>Arcillas etiquetadas por una referenciacion natural<\/strong> de tipo Ecocert suministradas en Agricultura Ecol\u00f3gica, Ecocert Cosmos en cosm\u00e9tica o Feed Chain Alliance en la alimentaci\u00f3n animal.<\/p>\n<p>&nbsp;<\/p>\n<h3 class=\"header\"><span class=\"mod-title\"><span class=\"color\">Un<\/span> producto certificado <\/span><\/h3>\n<div class=\"mod-content clearfix\">\n<div class=\"mod-inner clearfix\">\n<div class=\"customblanc\">\n<p><strong>La Arcilla Verde de Velay es un producto certificado, respetando los siguientes est\u00e1ndares naturales: <\/strong><\/p>\n<\/div>\n<\/div>\n<\/div>\n<p>[\/et_pb_text][\/et_pb_column][\/et_pb_row][\/et_pb_section][et_pb_section fb_built=\u00bb1&#8243; _builder_version=\u00bb4.18.0&#8243; _module_preset=\u00bbdefault\u00bb global_colors_info=\u00bb{}\u00bb][et_pb_row column_structure=\u00bb1_4,1_4,1_4,1_4&#8243; _builder_version=\u00bb4.18.0&#8243; _module_preset=\u00bbdefault\u00bb global_colors_info=\u00bb{}\u00bb][et_pb_column type=\u00bb1_4&#8243; _builder_version=\u00bb4.18.0&#8243; _module_preset=\u00bbdefault\u00bb global_colors_info=\u00bb{}\u00bb][et_pb_image src=\u00bbhttps:\/\/argileduvelay.com\/wp-content\/uploads\/2022\/10\/ecocert-intrants.png\u00bb alt=\u00bbEco produit d&#8217;or\u00bb title_text=\u00bbecocert-intrants\u00bb _builder_version=\u00bb4.18.0&#8243; _module_preset=\u00bbdefault\u00bb global_colors_info=\u00bb{}\u00bb][\/et_pb_image][\/et_pb_column][et_pb_column type=\u00bb1_4&#8243; _builder_version=\u00bb4.18.0&#8243; _module_preset=\u00bbdefault\u00bb global_colors_info=\u00bb{}\u00bb][et_pb_image src=\u00bbhttps:\/\/argileduvelay.com\/wp-content\/uploads\/2022\/10\/Feed_Chain_Alliance-centree.png\u00bb alt=\u00bbEco produit d&#8217;or\u00bb title_text=\u00bbFeed_Chain_Alliance-centree\u00bb align=\u00bbcenter\u00bb _builder_version=\u00bb4.19.2&#8243; _module_preset=\u00bbdefault\u00bb global_colors_info=\u00bb{}\u00bb][\/et_pb_image][\/et_pb_column][et_pb_column type=\u00bb1_4&#8243; _builder_version=\u00bb4.18.0&#8243; _module_preset=\u00bbdefault\u00bb global_colors_info=\u00bb{}\u00bb][et_pb_image src=\u00bbhttps:\/\/argileduvelay.com\/wp-content\/uploads\/2022\/10\/ecocert-rose-1.png\u00bb alt=\u00bbCOSMOS APPROVED\u00bb title_text=\u00bbecocert-rose\u00bb _builder_version=\u00bb4.18.0&#8243; _module_preset=\u00bbdefault\u00bb global_colors_info=\u00bb{}\u00bb][\/et_pb_image][\/et_pb_column][et_pb_column type=\u00bb1_4&#8243; _builder_version=\u00bb4.18.0&#8243; _module_preset=\u00bbdefault\u00bb global_colors_info=\u00bb{}\u00bb][et_pb_image src=\u00bbhttps:\/\/argileduvelay.com\/wp-content\/uploads\/2022\/10\/Natrue-approved.png\u00bb alt=\u00bbNatrue Approved\u00bb title_text=\u00bbNatrue-approved\u00bb _builder_version=\u00bb4.19.2&#8243; _module_preset=\u00bbdefault\u00bb global_colors_info=\u00bb{}\u00bb][\/et_pb_image][\/et_pb_column][\/et_pb_row][et_pb_row _builder_version=\u00bb4.19.2&#8243; _module_preset=\u00bbdefault\u00bb][et_pb_column _builder_version=\u00bb4.19.2&#8243; _module_preset=\u00bbdefault\u00bb type=\u00bb4_4&#8243;][et_pb_text _builder_version=\u00bb4.19.2&#8243; _module_preset=\u00bbdefault\u00bb hover_enabled=\u00bb0&#8243; sticky_enabled=\u00bb0&#8243;]<\/p>\n<p>La Arcilla Verde de Velay es 100% natural y como tal puede recibir la etiqueta \u00abNAT\u00bb. Se analiza regularmente (control de productos por nuestro laboratorio interno y en colaboraci\u00f3n con laboratorios acreditados, a saber, metales pesados, PBC, dioxinas, s\u00edlice).<\/p>\n<p>[\/et_pb_text][\/et_pb_column][\/et_pb_row][\/et_pb_section]<\/p>\n","protected":false},"excerpt":{"rendered":"<p>\u00bfCOMO ELEGIR UNA ARCILLA DE CALIDAD?Para compensar la ausencia de una normativa francesa y europea sobre la clasificaci\u00f3n de la arcilla, es importante:1\u2013 Conocer el origen de la arcilla utilizada: \u00bfViene de una cantera en medio de la naturaleza o de una cantera subterr\u00e1nea en Francia o en el extranjero? =&gt; ARGILE DU VELAY explota [&hellip;]<\/p>\n","protected":false},"author":1,"featured_media":0,"parent":2937,"menu_order":0,"comment_status":"closed","ping_status":"closed","template":"","meta":{"_et_pb_use_builder":"on","_et_pb_old_content":"","_et_gb_content_width":"","footnotes":""},"class_list":["post-2941","page","type-page","status-publish","hentry"],"yoast_head":"<!-- This site is optimized with the Yoast SEO plugin v27.3 - https:\/\/yoast.com\/product\/yoast-seo-wordpress\/ -->\n<title>\u00bfCOMO ELEGIR UNA ARCILLA DE CALIDAD? - Argile du Velay<\/title>\n<meta name=\"description\" content=\"Varios puntos son importantes para comprobar para tener una arcilla org\u00e1nica de calidad. \u00a1Argile du Velay le ayuda a hacer balance!\" \/>\n<meta name=\"robots\" content=\"index, follow, max-snippet:-1, max-image-preview:large, max-video-preview:-1\" \/>\n<link rel=\"canonical\" href=\"https:\/\/argileduvelay.com\/es\/oferta\/como-elegir-una-arcilla-de-calidad\/\" \/>\n<meta property=\"og:locale\" content=\"es_ES\" \/>\n<meta property=\"og:type\" content=\"article\" \/>\n<meta property=\"og:title\" content=\"\u00bfCOMO ELEGIR UNA ARCILLA DE CALIDAD? - Argile du Velay\" \/>\n<meta property=\"og:description\" content=\"Varios puntos son importantes para comprobar para tener una arcilla org\u00e1nica de calidad. \u00a1Argile du Velay le ayuda a hacer balance!\" \/>\n<meta property=\"og:url\" content=\"https:\/\/argileduvelay.com\/es\/oferta\/como-elegir-una-arcilla-de-calidad\/\" \/>\n<meta property=\"og:site_name\" content=\"Argile du Velay\" \/>\n<meta property=\"article:publisher\" content=\"https:\/\/www.facebook.com\/argile.duvelay\" \/>\n<meta property=\"article:modified_time\" content=\"2023-04-19T17:04:09+00:00\" \/>\n<meta name=\"twitter:card\" content=\"summary_large_image\" \/>\n<meta name=\"twitter:label1\" content=\"Tiempo de lectura\" \/>\n\t<meta name=\"twitter:data1\" content=\"5 minutos\" \/>\n<script type=\"application\/ld+json\" class=\"yoast-schema-graph\">{\"@context\":\"https:\\\/\\\/schema.org\",\"@graph\":[{\"@type\":\"WebPage\",\"@id\":\"https:\\\/\\\/argileduvelay.com\\\/es\\\/oferta\\\/como-elegir-una-arcilla-de-calidad\\\/\",\"url\":\"https:\\\/\\\/argileduvelay.com\\\/es\\\/oferta\\\/como-elegir-una-arcilla-de-calidad\\\/\",\"name\":\"\u00bfCOMO ELEGIR UNA ARCILLA DE CALIDAD? - Argile du Velay\",\"isPartOf\":{\"@id\":\"https:\\\/\\\/argileduvelay.com\\\/es\\\/#website\"},\"datePublished\":\"2022-10-24T18:05:00+00:00\",\"dateModified\":\"2023-04-19T17:04:09+00:00\",\"description\":\"Varios puntos son importantes para comprobar para tener una arcilla org\u00e1nica de calidad. \u00a1Argile du Velay le ayuda a hacer balance!\",\"breadcrumb\":{\"@id\":\"https:\\\/\\\/argileduvelay.com\\\/es\\\/oferta\\\/como-elegir-una-arcilla-de-calidad\\\/#breadcrumb\"},\"inLanguage\":\"es\",\"potentialAction\":[{\"@type\":\"ReadAction\",\"target\":[\"https:\\\/\\\/argileduvelay.com\\\/es\\\/oferta\\\/como-elegir-una-arcilla-de-calidad\\\/\"]}]},{\"@type\":\"BreadcrumbList\",\"@id\":\"https:\\\/\\\/argileduvelay.com\\\/es\\\/oferta\\\/como-elegir-una-arcilla-de-calidad\\\/#breadcrumb\",\"itemListElement\":[{\"@type\":\"ListItem\",\"position\":1,\"name\":\"Accueil\",\"item\":\"https:\\\/\\\/argileduvelay.com\\\/es\\\/\"},{\"@type\":\"ListItem\",\"position\":2,\"name\":\"Suministro de arcilla verde para cosm\u00e9tica, salud, caballos, ropa de cama, bienestar animal, alimentaci\u00f3n animal&#8230;\",\"item\":\"https:\\\/\\\/argileduvelay.com\\\/es\\\/oferta\\\/\"},{\"@type\":\"ListItem\",\"position\":3,\"name\":\"\u00bfCOMO ELEGIR UNA ARCILLA DE CALIDAD?\"}]},{\"@type\":\"WebSite\",\"@id\":\"https:\\\/\\\/argileduvelay.com\\\/es\\\/#website\",\"url\":\"https:\\\/\\\/argileduvelay.com\\\/es\\\/\",\"name\":\"Argile du Velay\",\"description\":\"Fabricant fran\u00e7ais d'argile verte bio pour cosm\u00e9tique, hygi\u00e8ne animale, spa...\",\"publisher\":{\"@id\":\"https:\\\/\\\/argileduvelay.com\\\/es\\\/#organization\"},\"potentialAction\":[{\"@type\":\"SearchAction\",\"target\":{\"@type\":\"EntryPoint\",\"urlTemplate\":\"https:\\\/\\\/argileduvelay.com\\\/es\\\/?s={search_term_string}\"},\"query-input\":{\"@type\":\"PropertyValueSpecification\",\"valueRequired\":true,\"valueName\":\"search_term_string\"}}],\"inLanguage\":\"es\"},{\"@type\":\"Organization\",\"@id\":\"https:\\\/\\\/argileduvelay.com\\\/es\\\/#organization\",\"name\":\"Argile du Velay\",\"url\":\"https:\\\/\\\/argileduvelay.com\\\/es\\\/\",\"logo\":{\"@type\":\"ImageObject\",\"inLanguage\":\"es\",\"@id\":\"https:\\\/\\\/argileduvelay.com\\\/es\\\/#\\\/schema\\\/logo\\\/image\\\/\",\"url\":\"https:\\\/\\\/argileduvelay.com\\\/wp-content\\\/uploads\\\/2022\\\/09\\\/logo_ARGILE_DU_VELAY-HD-ok.png\",\"contentUrl\":\"https:\\\/\\\/argileduvelay.com\\\/wp-content\\\/uploads\\\/2022\\\/09\\\/logo_ARGILE_DU_VELAY-HD-ok.png\",\"width\":2520,\"height\":1450,\"caption\":\"Argile du Velay\"},\"image\":{\"@id\":\"https:\\\/\\\/argileduvelay.com\\\/es\\\/#\\\/schema\\\/logo\\\/image\\\/\"},\"sameAs\":[\"https:\\\/\\\/www.facebook.com\\\/argile.duvelay\",\"https:\\\/\\\/www.instagram.com\\\/argileduvelay43\\\/\",\"https:\\\/\\\/www.linkedin.com\\\/company\\\/argile-du-velay\\\/\"]}]}<\/script>\n<!-- \/ Yoast SEO plugin. -->","yoast_head_json":{"title":"\u00bfCOMO ELEGIR UNA ARCILLA DE CALIDAD? - Argile du Velay","description":"Varios puntos son importantes para comprobar para tener una arcilla org\u00e1nica de calidad. \u00a1Argile du Velay le ayuda a hacer balance!","robots":{"index":"index","follow":"follow","max-snippet":"max-snippet:-1","max-image-preview":"max-image-preview:large","max-video-preview":"max-video-preview:-1"},"canonical":"https:\/\/argileduvelay.com\/es\/oferta\/como-elegir-una-arcilla-de-calidad\/","og_locale":"es_ES","og_type":"article","og_title":"\u00bfCOMO ELEGIR UNA ARCILLA DE CALIDAD? - Argile du Velay","og_description":"Varios puntos son importantes para comprobar para tener una arcilla org\u00e1nica de calidad. \u00a1Argile du Velay le ayuda a hacer balance!","og_url":"https:\/\/argileduvelay.com\/es\/oferta\/como-elegir-una-arcilla-de-calidad\/","og_site_name":"Argile du Velay","article_publisher":"https:\/\/www.facebook.com\/argile.duvelay","article_modified_time":"2023-04-19T17:04:09+00:00","twitter_card":"summary_large_image","twitter_misc":{"Tiempo de lectura":"5 minutos"},"schema":{"@context":"https:\/\/schema.org","@graph":[{"@type":"WebPage","@id":"https:\/\/argileduvelay.com\/es\/oferta\/como-elegir-una-arcilla-de-calidad\/","url":"https:\/\/argileduvelay.com\/es\/oferta\/como-elegir-una-arcilla-de-calidad\/","name":"\u00bfCOMO ELEGIR UNA ARCILLA DE CALIDAD? - Argile du Velay","isPartOf":{"@id":"https:\/\/argileduvelay.com\/es\/#website"},"datePublished":"2022-10-24T18:05:00+00:00","dateModified":"2023-04-19T17:04:09+00:00","description":"Varios puntos son importantes para comprobar para tener una arcilla org\u00e1nica de calidad. \u00a1Argile du Velay le ayuda a hacer balance!","breadcrumb":{"@id":"https:\/\/argileduvelay.com\/es\/oferta\/como-elegir-una-arcilla-de-calidad\/#breadcrumb"},"inLanguage":"es","potentialAction":[{"@type":"ReadAction","target":["https:\/\/argileduvelay.com\/es\/oferta\/como-elegir-una-arcilla-de-calidad\/"]}]},{"@type":"BreadcrumbList","@id":"https:\/\/argileduvelay.com\/es\/oferta\/como-elegir-una-arcilla-de-calidad\/#breadcrumb","itemListElement":[{"@type":"ListItem","position":1,"name":"Accueil","item":"https:\/\/argileduvelay.com\/es\/"},{"@type":"ListItem","position":2,"name":"Suministro de arcilla verde para cosm\u00e9tica, salud, caballos, ropa de cama, bienestar animal, alimentaci\u00f3n animal&#8230;","item":"https:\/\/argileduvelay.com\/es\/oferta\/"},{"@type":"ListItem","position":3,"name":"\u00bfCOMO ELEGIR UNA ARCILLA DE CALIDAD?"}]},{"@type":"WebSite","@id":"https:\/\/argileduvelay.com\/es\/#website","url":"https:\/\/argileduvelay.com\/es\/","name":"Argile du Velay","description":"Fabricant fran\u00e7ais d'argile verte bio pour cosm\u00e9tique, hygi\u00e8ne animale, spa...","publisher":{"@id":"https:\/\/argileduvelay.com\/es\/#organization"},"potentialAction":[{"@type":"SearchAction","target":{"@type":"EntryPoint","urlTemplate":"https:\/\/argileduvelay.com\/es\/?s={search_term_string}"},"query-input":{"@type":"PropertyValueSpecification","valueRequired":true,"valueName":"search_term_string"}}],"inLanguage":"es"},{"@type":"Organization","@id":"https:\/\/argileduvelay.com\/es\/#organization","name":"Argile du Velay","url":"https:\/\/argileduvelay.com\/es\/","logo":{"@type":"ImageObject","inLanguage":"es","@id":"https:\/\/argileduvelay.com\/es\/#\/schema\/logo\/image\/","url":"https:\/\/argileduvelay.com\/wp-content\/uploads\/2022\/09\/logo_ARGILE_DU_VELAY-HD-ok.png","contentUrl":"https:\/\/argileduvelay.com\/wp-content\/uploads\/2022\/09\/logo_ARGILE_DU_VELAY-HD-ok.png","width":2520,"height":1450,"caption":"Argile du Velay"},"image":{"@id":"https:\/\/argileduvelay.com\/es\/#\/schema\/logo\/image\/"},"sameAs":["https:\/\/www.facebook.com\/argile.duvelay","https:\/\/www.instagram.com\/argileduvelay43\/","https:\/\/www.linkedin.com\/company\/argile-du-velay\/"]}]}},"_links":{"self":[{"href":"https:\/\/argileduvelay.com\/es\/wp-json\/wp\/v2\/pages\/2941","targetHints":{"allow":["GET"]}}],"collection":[{"href":"https:\/\/argileduvelay.com\/es\/wp-json\/wp\/v2\/pages"}],"about":[{"href":"https:\/\/argileduvelay.com\/es\/wp-json\/wp\/v2\/types\/page"}],"author":[{"embeddable":true,"href":"https:\/\/argileduvelay.com\/es\/wp-json\/wp\/v2\/users\/1"}],"replies":[{"embeddable":true,"href":"https:\/\/argileduvelay.com\/es\/wp-json\/wp\/v2\/comments?post=2941"}],"version-history":[{"count":8,"href":"https:\/\/argileduvelay.com\/es\/wp-json\/wp\/v2\/pages\/2941\/revisions"}],"predecessor-version":[{"id":3123,"href":"https:\/\/argileduvelay.com\/es\/wp-json\/wp\/v2\/pages\/2941\/revisions\/3123"}],"up":[{"embeddable":true,"href":"https:\/\/argileduvelay.com\/es\/wp-json\/wp\/v2\/pages\/2937"}],"wp:attachment":[{"href":"https:\/\/argileduvelay.com\/es\/wp-json\/wp\/v2\/media?parent=2941"}],"curies":[{"name":"wp","href":"https:\/\/api.w.org\/{rel}","templated":true}]}}