{"id":2950,"date":"2022-10-13T10:36:38","date_gmt":"2022-10-13T08:36:38","guid":{"rendered":"https:\/\/argileduvelay.com\/oferta\/laboratorio-ava\/"},"modified":"2025-11-24T13:39:59","modified_gmt":"2025-11-24T12:39:59","slug":"laboratorio-ava","status":"publish","type":"page","link":"https:\/\/argileduvelay.com\/es\/oferta\/laboratorio-ava\/","title":{"rendered":"Laboratorio AVA, fabricante de cosm\u00e9ticos a base de arcilla"},"content":{"rendered":"<p>[et_pb_section fb_built=\u00bb1&#8243; admin_label=\u00bbHero\u00bb _builder_version=\u00bb4.27.4&#8243; _module_preset=\u00bbdefault\u00bb background_image=\u00bbhttps:\/\/argileduvelay.com\/wp-content\/uploads\/2025\/11\/ava-hd-nouv.jpg\u00bb custom_padding=\u00bb110px|||\u00bb saved_tabs=\u00bball\u00bb global_colors_info=\u00bb{}\u00bb][et_pb_row module_class=\u00bb et_pb_row_fullwidth\u00bb _builder_version=\u00bb4.17.4&#8243; _module_preset=\u00bbdefault\u00bb width_tablet=\u00bb100%\u00bb width_phone=\u00bb100%\u00bb width_last_edited=\u00bbon|desktop\u00bb max_width_tablet=\u00bb100%\u00bb max_width_phone=\u00bb100%\u00bb max_width_last_edited=\u00bbon|desktop\u00bb custom_margin=\u00bb|||\u00bb custom_padding=\u00bb|||\u00bb make_fullwidth=\u00bbon\u00bb global_colors_info=\u00bb{}\u00bb][et_pb_column type=\u00bb4_4&#8243; _builder_version=\u00bb4.16&#8243; _module_preset=\u00bbdefault\u00bb background_position=\u00bbtop_left\u00bb custom_padding=\u00bb|||\u00bb global_colors_info=\u00bb{}\u00bb custom_padding__hover=\u00bb|||\u00bb][et_pb_text admin_label=\u00bbHero Title\u00bb _builder_version=\u00bb4.19.2&#8243; _module_preset=\u00bbdefault\u00bb text_font=\u00bb||||\u00bb text_text_color=\u00bb#FFFFFF\u00bb header_font=\u00bbOswald|700||||on|||\u00bb header_text_align=\u00bbleft\u00bb header_font_size=\u00bb50px\u00bb header_line_height=\u00bb1.3em\u00bb custom_margin=\u00bb||10px|30px|false|false\u00bb custom_margin_last_edited=\u00bboff|phone\u00bb custom_padding=\u00bb|||\u00bb custom_padding_tablet=\u00bb|||\u00bb custom_padding_phone=\u00bb|||\u00bb custom_padding_last_edited=\u00bbon|desktop\u00bb animation_style=\u00bbslide\u00bb animation_direction=\u00bbtop\u00bb animation_intensity_slide=\u00bb10%\u00bb text_text_shadow_style=\u00bbpreset2&#8243; locked=\u00bboff\u00bb global_colors_info=\u00bb{}\u00bb custom_margin__hover_enabled=\u00bboff|desktop\u00bb]<\/p>\n<h1>Laboratorio AVA<\/h1>\n<p>[\/et_pb_text][et_pb_divider divider_position=\u00bbcenter\u00bb divider_weight=\u00bb3px\u00bb disabled_on=\u00bbon|on|off%22&#8243; _builder_version=\u00bb4.17.4&#8243; _module_preset=\u00bbdefault\u00bb max_width=\u00bb150px\u00bb height=\u00bbfalse\u00bb custom_margin=\u00bb0px||100px|30px|false|false\u00bb animation_style=\u00bbslide\u00bb animation_direction=\u00bbtop\u00bb animation_delay=\u00bb100ms\u00bb animation_intensity_slide=\u00bb10%\u00bb locked=\u00bboff\u00bb global_colors_info=\u00bb{}\u00bb][\/et_pb_divider][\/et_pb_column][\/et_pb_row][\/et_pb_section][et_pb_section fb_built=\u00bb1&#8243; _builder_version=\u00bb4.18.0&#8243; _module_preset=\u00bbdefault\u00bb custom_padding=\u00bb80px||||false|false\u00bb global_colors_info=\u00bb{}\u00bb][et_pb_row _builder_version=\u00bb4.17.4&#8243; _module_preset=\u00bbdefault\u00bb global_colors_info=\u00bb{}\u00bb][et_pb_column type=\u00bb4_4&#8243; _builder_version=\u00bb4.16&#8243; _module_preset=\u00bbdefault\u00bb custom_padding=\u00bb|||\u00bb global_colors_info=\u00bb{}\u00bb custom_padding__hover=\u00bb|||\u00bb][et_pb_text admin_label=\u00bbSub Title\u00bb _builder_version=\u00bb4.19.4&#8243; _module_preset=\u00bbdefault\u00bb text_font=\u00bbRoboto|700|||||||\u00bb text_text_color=\u00bb#8CA25B\u00bb text_font_size=\u00bb24px\u00bb text_line_height=\u00bb1.4em\u00bb background_size=\u00bbinitial\u00bb background_position=\u00bbtop_left\u00bb background_repeat=\u00bbrepeat\u00bb custom_padding=\u00bb30px|||\u00bb animation_style=\u00bbslide\u00bb animation_direction=\u00bbtop\u00bb animation_delay=\u00bb200ms\u00bb animation_intensity_slide=\u00bb10%\u00bb locked=\u00bboff\u00bb global_colors_info=\u00bb{}\u00bb]<\/p>\n<p>ARGILE DU VELAY trabaja en asociaci\u00f3n con el Laboratorio AVA para desarrollar y fabricar productos acabados que puedan satisfacer las expectativas y necesidades de los clientes.<\/p>\n<p>Este laboratorio, innovador en su tecnolog\u00eda, est\u00e1 ubicado en la misma zona de actividad que ARGILE DU VELAY.<\/p>\n<p>[\/et_pb_text][\/et_pb_column][\/et_pb_row][\/et_pb_section][et_pb_section fb_built=\u00bb1&#8243; _builder_version=\u00bb4.18.0&#8243; _module_preset=\u00bbdefault\u00bb custom_padding=\u00bb0px||0px||false|false\u00bb global_colors_info=\u00bb{}\u00bb][et_pb_row column_structure=\u00bb1_3,2_3&#8243; _builder_version=\u00bb4.17.4&#8243; _module_preset=\u00bbdefault\u00bb global_colors_info=\u00bb{}\u00bb][et_pb_column type=\u00bb1_3&#8243; _builder_version=\u00bb4.16&#8243; _module_preset=\u00bbdefault\u00bb custom_padding=\u00bb|||\u00bb global_colors_info=\u00bb{}\u00bb custom_padding__hover=\u00bb|||\u00bb][et_pb_image src=\u00bbhttps:\/\/argileduvelay.com\/wp-content\/uploads\/2022\/12\/Laboratoire-AVA.png\u00bb alt=\u00bbLaboratoire AVA, laboratorio cosm\u00e9tico franc\u00e9s a base de Arcilla\u00bb title_text=\u00bbLaboratorio AVA\u00bb force_fullwidth=\u00bbon\u00bb align_tablet=\u00bbcenter\u00bb align_phone=\u00bbcenter\u00bb align_last_edited=\u00bbon|desktop\u00bb _builder_version=\u00bb4.19.2&#8243; _module_preset=\u00bbdefault\u00bb custom_margin=\u00bb|||\u00bb animation_style=\u00bbslide\u00bb animation_direction=\u00bb%22fade_in%22&#8243; animation_duration=\u00bb500ms\u00bb animation_intensity_slide=\u00bb10%\u00bb animation=\u00bbfade_in\u00bb global_colors_info=\u00bb{}\u00bb][\/et_pb_image][\/et_pb_column][et_pb_column type=\u00bb2_3&#8243; _builder_version=\u00bb4.16&#8243; _module_preset=\u00bbdefault\u00bb custom_padding=\u00bb|||\u00bb global_colors_info=\u00bb{}\u00bb custom_padding__hover=\u00bb|||\u00bb][et_pb_text _builder_version=\u00bb4.19.2&#8243; _module_preset=\u00bbdefault\u00bb text_font=\u00bbRoboto||||\u00bb text_font_size=\u00bb16px\u00bb text_line_height=\u00bb1.9em\u00bb background_size=\u00bbinitial\u00bb background_position=\u00bbtop_left\u00bb background_repeat=\u00bbrepeat\u00bb max_width=\u00bb450px\u00bb custom_margin=\u00bb0px||||false|false\u00bb custom_padding=\u00bb||60px|\u00bb animation_style=\u00bbslide\u00bb animation_direction=\u00bbtop\u00bb animation_delay=\u00bb400ms\u00bb animation_intensity_slide=\u00bb4%\u00bb locked=\u00bboff\u00bb global_colors_info=\u00bb{}\u00bb]<\/p>\n<p>El laboratorio, autorizado para fabricar productos ecol\u00f3gicos, puede ofrecerle:<\/p>\n<ul>\n<li>Cajas de arcilla en polvo<\/li>\n<li>Pastas de arcilla listas para usar<\/li>\n<li>Mascarillas listas para usar<\/li>\n<li>Pastas de dientes de arcilla<\/li>\n<li>Champ\u00fas<\/li>\n<li>Otros<\/li>\n<\/ul>\n<p>[\/et_pb_text][\/et_pb_column][\/et_pb_row][\/et_pb_section]<\/p>\n","protected":false},"excerpt":{"rendered":"<p>Laboratorio AVAARGILE DU VELAY trabaja en asociaci\u00f3n con el Laboratorio AVA para desarrollar y fabricar productos acabados que puedan satisfacer las expectativas y necesidades de los clientes. Este laboratorio, innovador en su tecnolog\u00eda, est\u00e1 ubicado en la misma zona de actividad que ARGILE DU VELAY.El laboratorio, autorizado para fabricar productos ecol\u00f3gicos, puede ofrecerle: Cajas de [&hellip;]<\/p>\n","protected":false},"author":1,"featured_media":0,"parent":2937,"menu_order":0,"comment_status":"closed","ping_status":"closed","template":"","meta":{"_et_pb_use_builder":"on","_et_pb_old_content":"","_et_gb_content_width":"","footnotes":""},"class_list":["post-2950","page","type-page","status-publish","hentry"],"yoast_head":"<!-- This site is optimized with the Yoast SEO plugin v27.3 - https:\/\/yoast.com\/product\/yoast-seo-wordpress\/ -->\n<title>Laboratorio AVA, fabricante de cosm\u00e9ticos a base de arcilla<\/title>\n<meta name=\"description\" content=\"El laboratorio AVA fabrica y desarrolla toda una gama de productos cosm\u00e9ticos a base de arcilla: polvo de arcilla, mascarilla de arcilla, pasta de arcilla, pasta de dientes de arcilla, champ\u00fas de arcilla, ...\" \/>\n<meta name=\"robots\" content=\"index, follow, max-snippet:-1, max-image-preview:large, max-video-preview:-1\" \/>\n<link rel=\"canonical\" href=\"https:\/\/argileduvelay.com\/es\/oferta\/laboratorio-ava\/\" \/>\n<meta property=\"og:locale\" content=\"es_ES\" \/>\n<meta property=\"og:type\" content=\"article\" \/>\n<meta property=\"og:title\" content=\"Laboratorio AVA, fabricante de cosm\u00e9ticos a base de arcilla\" \/>\n<meta property=\"og:description\" content=\"El laboratorio AVA fabrica y desarrolla toda una gama de productos cosm\u00e9ticos a base de arcilla: polvo de arcilla, mascarilla de arcilla, pasta de arcilla, pasta de dientes de arcilla, champ\u00fas de arcilla, ...\" \/>\n<meta property=\"og:url\" content=\"https:\/\/argileduvelay.com\/es\/oferta\/laboratorio-ava\/\" \/>\n<meta property=\"og:site_name\" content=\"Argile du Velay\" \/>\n<meta property=\"article:publisher\" content=\"https:\/\/www.facebook.com\/argile.duvelay\" \/>\n<meta property=\"article:modified_time\" content=\"2025-11-24T12:39:59+00:00\" \/>\n<meta name=\"twitter:card\" content=\"summary_large_image\" \/>\n<meta name=\"twitter:label1\" content=\"Tiempo de lectura\" \/>\n\t<meta name=\"twitter:data1\" content=\"1 minuto\" \/>\n<script type=\"application\/ld+json\" class=\"yoast-schema-graph\">{\"@context\":\"https:\\\/\\\/schema.org\",\"@graph\":[{\"@type\":\"WebPage\",\"@id\":\"https:\\\/\\\/argileduvelay.com\\\/es\\\/oferta\\\/laboratorio-ava\\\/\",\"url\":\"https:\\\/\\\/argileduvelay.com\\\/es\\\/oferta\\\/laboratorio-ava\\\/\",\"name\":\"Laboratorio AVA, fabricante de cosm\u00e9ticos a base de arcilla\",\"isPartOf\":{\"@id\":\"https:\\\/\\\/argileduvelay.com\\\/es\\\/#website\"},\"datePublished\":\"2022-10-13T08:36:38+00:00\",\"dateModified\":\"2025-11-24T12:39:59+00:00\",\"description\":\"El laboratorio AVA fabrica y desarrolla toda una gama de productos cosm\u00e9ticos a base de arcilla: polvo de arcilla, mascarilla de arcilla, pasta de arcilla, pasta de dientes de arcilla, champ\u00fas de arcilla, ...\",\"breadcrumb\":{\"@id\":\"https:\\\/\\\/argileduvelay.com\\\/es\\\/oferta\\\/laboratorio-ava\\\/#breadcrumb\"},\"inLanguage\":\"es\",\"potentialAction\":[{\"@type\":\"ReadAction\",\"target\":[\"https:\\\/\\\/argileduvelay.com\\\/es\\\/oferta\\\/laboratorio-ava\\\/\"]}]},{\"@type\":\"BreadcrumbList\",\"@id\":\"https:\\\/\\\/argileduvelay.com\\\/es\\\/oferta\\\/laboratorio-ava\\\/#breadcrumb\",\"itemListElement\":[{\"@type\":\"ListItem\",\"position\":1,\"name\":\"Accueil\",\"item\":\"https:\\\/\\\/argileduvelay.com\\\/es\\\/\"},{\"@type\":\"ListItem\",\"position\":2,\"name\":\"Suministro de arcilla verde para cosm\u00e9tica, salud, caballos, ropa de cama, bienestar animal, alimentaci\u00f3n animal&#8230;\",\"item\":\"https:\\\/\\\/argileduvelay.com\\\/es\\\/oferta\\\/\"},{\"@type\":\"ListItem\",\"position\":3,\"name\":\"Laboratorio AVA, fabricante de cosm\u00e9ticos a base de arcilla\"}]},{\"@type\":\"WebSite\",\"@id\":\"https:\\\/\\\/argileduvelay.com\\\/es\\\/#website\",\"url\":\"https:\\\/\\\/argileduvelay.com\\\/es\\\/\",\"name\":\"Argile du Velay\",\"description\":\"Fabricant fran\u00e7ais d'argile verte bio pour cosm\u00e9tique, hygi\u00e8ne animale, spa...\",\"publisher\":{\"@id\":\"https:\\\/\\\/argileduvelay.com\\\/es\\\/#organization\"},\"potentialAction\":[{\"@type\":\"SearchAction\",\"target\":{\"@type\":\"EntryPoint\",\"urlTemplate\":\"https:\\\/\\\/argileduvelay.com\\\/es\\\/?s={search_term_string}\"},\"query-input\":{\"@type\":\"PropertyValueSpecification\",\"valueRequired\":true,\"valueName\":\"search_term_string\"}}],\"inLanguage\":\"es\"},{\"@type\":\"Organization\",\"@id\":\"https:\\\/\\\/argileduvelay.com\\\/es\\\/#organization\",\"name\":\"Argile du Velay\",\"url\":\"https:\\\/\\\/argileduvelay.com\\\/es\\\/\",\"logo\":{\"@type\":\"ImageObject\",\"inLanguage\":\"es\",\"@id\":\"https:\\\/\\\/argileduvelay.com\\\/es\\\/#\\\/schema\\\/logo\\\/image\\\/\",\"url\":\"https:\\\/\\\/argileduvelay.com\\\/wp-content\\\/uploads\\\/2022\\\/09\\\/logo_ARGILE_DU_VELAY-HD-ok.png\",\"contentUrl\":\"https:\\\/\\\/argileduvelay.com\\\/wp-content\\\/uploads\\\/2022\\\/09\\\/logo_ARGILE_DU_VELAY-HD-ok.png\",\"width\":2520,\"height\":1450,\"caption\":\"Argile du Velay\"},\"image\":{\"@id\":\"https:\\\/\\\/argileduvelay.com\\\/es\\\/#\\\/schema\\\/logo\\\/image\\\/\"},\"sameAs\":[\"https:\\\/\\\/www.facebook.com\\\/argile.duvelay\",\"https:\\\/\\\/www.instagram.com\\\/argileduvelay43\\\/\",\"https:\\\/\\\/www.linkedin.com\\\/company\\\/argile-du-velay\\\/\"]}]}<\/script>\n<!-- \/ Yoast SEO plugin. -->","yoast_head_json":{"title":"Laboratorio AVA, fabricante de cosm\u00e9ticos a base de arcilla","description":"El laboratorio AVA fabrica y desarrolla toda una gama de productos cosm\u00e9ticos a base de arcilla: polvo de arcilla, mascarilla de arcilla, pasta de arcilla, pasta de dientes de arcilla, champ\u00fas de arcilla, ...","robots":{"index":"index","follow":"follow","max-snippet":"max-snippet:-1","max-image-preview":"max-image-preview:large","max-video-preview":"max-video-preview:-1"},"canonical":"https:\/\/argileduvelay.com\/es\/oferta\/laboratorio-ava\/","og_locale":"es_ES","og_type":"article","og_title":"Laboratorio AVA, fabricante de cosm\u00e9ticos a base de arcilla","og_description":"El laboratorio AVA fabrica y desarrolla toda una gama de productos cosm\u00e9ticos a base de arcilla: polvo de arcilla, mascarilla de arcilla, pasta de arcilla, pasta de dientes de arcilla, champ\u00fas de arcilla, ...","og_url":"https:\/\/argileduvelay.com\/es\/oferta\/laboratorio-ava\/","og_site_name":"Argile du Velay","article_publisher":"https:\/\/www.facebook.com\/argile.duvelay","article_modified_time":"2025-11-24T12:39:59+00:00","twitter_card":"summary_large_image","twitter_misc":{"Tiempo de lectura":"1 minuto"},"schema":{"@context":"https:\/\/schema.org","@graph":[{"@type":"WebPage","@id":"https:\/\/argileduvelay.com\/es\/oferta\/laboratorio-ava\/","url":"https:\/\/argileduvelay.com\/es\/oferta\/laboratorio-ava\/","name":"Laboratorio AVA, fabricante de cosm\u00e9ticos a base de arcilla","isPartOf":{"@id":"https:\/\/argileduvelay.com\/es\/#website"},"datePublished":"2022-10-13T08:36:38+00:00","dateModified":"2025-11-24T12:39:59+00:00","description":"El laboratorio AVA fabrica y desarrolla toda una gama de productos cosm\u00e9ticos a base de arcilla: polvo de arcilla, mascarilla de arcilla, pasta de arcilla, pasta de dientes de arcilla, champ\u00fas de arcilla, ...","breadcrumb":{"@id":"https:\/\/argileduvelay.com\/es\/oferta\/laboratorio-ava\/#breadcrumb"},"inLanguage":"es","potentialAction":[{"@type":"ReadAction","target":["https:\/\/argileduvelay.com\/es\/oferta\/laboratorio-ava\/"]}]},{"@type":"BreadcrumbList","@id":"https:\/\/argileduvelay.com\/es\/oferta\/laboratorio-ava\/#breadcrumb","itemListElement":[{"@type":"ListItem","position":1,"name":"Accueil","item":"https:\/\/argileduvelay.com\/es\/"},{"@type":"ListItem","position":2,"name":"Suministro de arcilla verde para cosm\u00e9tica, salud, caballos, ropa de cama, bienestar animal, alimentaci\u00f3n animal&#8230;","item":"https:\/\/argileduvelay.com\/es\/oferta\/"},{"@type":"ListItem","position":3,"name":"Laboratorio AVA, fabricante de cosm\u00e9ticos a base de arcilla"}]},{"@type":"WebSite","@id":"https:\/\/argileduvelay.com\/es\/#website","url":"https:\/\/argileduvelay.com\/es\/","name":"Argile du Velay","description":"Fabricant fran\u00e7ais d'argile verte bio pour cosm\u00e9tique, hygi\u00e8ne animale, spa...","publisher":{"@id":"https:\/\/argileduvelay.com\/es\/#organization"},"potentialAction":[{"@type":"SearchAction","target":{"@type":"EntryPoint","urlTemplate":"https:\/\/argileduvelay.com\/es\/?s={search_term_string}"},"query-input":{"@type":"PropertyValueSpecification","valueRequired":true,"valueName":"search_term_string"}}],"inLanguage":"es"},{"@type":"Organization","@id":"https:\/\/argileduvelay.com\/es\/#organization","name":"Argile du Velay","url":"https:\/\/argileduvelay.com\/es\/","logo":{"@type":"ImageObject","inLanguage":"es","@id":"https:\/\/argileduvelay.com\/es\/#\/schema\/logo\/image\/","url":"https:\/\/argileduvelay.com\/wp-content\/uploads\/2022\/09\/logo_ARGILE_DU_VELAY-HD-ok.png","contentUrl":"https:\/\/argileduvelay.com\/wp-content\/uploads\/2022\/09\/logo_ARGILE_DU_VELAY-HD-ok.png","width":2520,"height":1450,"caption":"Argile du Velay"},"image":{"@id":"https:\/\/argileduvelay.com\/es\/#\/schema\/logo\/image\/"},"sameAs":["https:\/\/www.facebook.com\/argile.duvelay","https:\/\/www.instagram.com\/argileduvelay43\/","https:\/\/www.linkedin.com\/company\/argile-du-velay\/"]}]}},"_links":{"self":[{"href":"https:\/\/argileduvelay.com\/es\/wp-json\/wp\/v2\/pages\/2950","targetHints":{"allow":["GET"]}}],"collection":[{"href":"https:\/\/argileduvelay.com\/es\/wp-json\/wp\/v2\/pages"}],"about":[{"href":"https:\/\/argileduvelay.com\/es\/wp-json\/wp\/v2\/types\/page"}],"author":[{"embeddable":true,"href":"https:\/\/argileduvelay.com\/es\/wp-json\/wp\/v2\/users\/1"}],"replies":[{"embeddable":true,"href":"https:\/\/argileduvelay.com\/es\/wp-json\/wp\/v2\/comments?post=2950"}],"version-history":[{"count":4,"href":"https:\/\/argileduvelay.com\/es\/wp-json\/wp\/v2\/pages\/2950\/revisions"}],"predecessor-version":[{"id":3511,"href":"https:\/\/argileduvelay.com\/es\/wp-json\/wp\/v2\/pages\/2950\/revisions\/3511"}],"up":[{"embeddable":true,"href":"https:\/\/argileduvelay.com\/es\/wp-json\/wp\/v2\/pages\/2937"}],"wp:attachment":[{"href":"https:\/\/argileduvelay.com\/es\/wp-json\/wp\/v2\/media?parent=2950"}],"curies":[{"name":"wp","href":"https:\/\/api.w.org\/{rel}","templated":true}]}}