{"id":2959,"date":"2022-10-17T18:30:20","date_gmt":"2022-10-17T16:30:20","guid":{"rendered":"https:\/\/argileduvelay.com\/oferta\/cuidados-animales-y-cuidados-equinos\/"},"modified":"2023-12-12T13:49:12","modified_gmt":"2023-12-12T12:49:12","slug":"cuidados-animales-y-cuidados-equinos","status":"publish","type":"page","link":"https:\/\/argileduvelay.com\/es\/oferta\/cuidados-animales-y-cuidados-equinos\/","title":{"rendered":"Los beneficios de la arcilla para el cuidado del caballo"},"content":{"rendered":"<p>[et_pb_section fb_built=\u00bb1&#8243; admin_label=\u00bbHero\u00bb _builder_version=\u00bb4.19.2&#8243; _module_preset=\u00bbdefault\u00bb background_image=\u00bbhttps:\/\/argileduvelay.com\/wp-content\/uploads\/2022\/12\/soins-equins.jpg\u00bb custom_padding=\u00bb110px|||\u00bb saved_tabs=\u00bball\u00bb global_colors_info=\u00bb{}\u00bb][et_pb_row module_class=\u00bb et_pb_row_fullwidth\u00bb _builder_version=\u00bb4.17.4&#8243; _module_preset=\u00bbdefault\u00bb width_tablet=\u00bb100%\u00bb width_phone=\u00bb100%\u00bb width_last_edited=\u00bbon|desktop\u00bb max_width_tablet=\u00bb100%\u00bb max_width_phone=\u00bb100%\u00bb max_width_last_edited=\u00bbon|desktop\u00bb custom_margin=\u00bb|||\u00bb custom_padding=\u00bb|||\u00bb make_fullwidth=\u00bbon\u00bb global_colors_info=\u00bb{}\u00bb][et_pb_column type=\u00bb4_4&#8243; _builder_version=\u00bb4.16&#8243; _module_preset=\u00bbdefault\u00bb background_position=\u00bbtop_left\u00bb custom_padding=\u00bb|||\u00bb global_colors_info=\u00bb{}\u00bb custom_padding__hover=\u00bb|||\u00bb][et_pb_text admin_label=\u00bbHero Title\u00bb _builder_version=\u00bb4.19.2&#8243; _module_preset=\u00bbdefault\u00bb text_font=\u00bb||||\u00bb text_text_color=\u00bb#1a1a1a\u00bb header_font=\u00bbOswald|700||||on|||\u00bb header_text_align=\u00bbleft\u00bb header_font_size=\u00bb50px\u00bb header_line_height=\u00bb1.3em\u00bb background_layout=\u00bbdark\u00bb custom_margin=\u00bb||10px|30px|false|false\u00bb custom_margin_last_edited=\u00bboff|phone\u00bb custom_padding=\u00bb|||\u00bb custom_padding_tablet=\u00bb|||\u00bb custom_padding_phone=\u00bb|||\u00bb custom_padding_last_edited=\u00bbon|desktop\u00bb animation_style=\u00bbslide\u00bb animation_direction=\u00bbtop\u00bb animation_intensity_slide=\u00bb10%\u00bb text_text_shadow_style=\u00bbpreset2&#8243; header_text_shadow_style=\u00bbpreset5&#8243; locked=\u00bboff\u00bb global_colors_info=\u00bb{}\u00bb custom_margin__hover_enabled=\u00bboff|desktop\u00bb]<\/p>\n<h1>Cuidado de animales y cuidado de equinos<\/h1>\n<p>[\/et_pb_text][et_pb_divider divider_position=\u00bbcenter\u00bb divider_weight=\u00bb3px\u00bb disabled_on=\u00bbon|on|off%22&#8243; _builder_version=\u00bb4.17.4&#8243; _module_preset=\u00bbdefault\u00bb max_width=\u00bb150px\u00bb height=\u00bbfalse\u00bb custom_margin=\u00bb0px||100px|30px|false|false\u00bb animation_style=\u00bbslide\u00bb animation_direction=\u00bbtop\u00bb animation_delay=\u00bb100ms\u00bb animation_intensity_slide=\u00bb10%\u00bb locked=\u00bboff\u00bb global_colors_info=\u00bb{}\u00bb][\/et_pb_divider][\/et_pb_column][\/et_pb_row][\/et_pb_section][et_pb_section fb_built=\u00bb1&#8243; _builder_version=\u00bb4.18.0&#8243; _module_preset=\u00bbdefault\u00bb custom_padding=\u00bb80px||||false|false\u00bb global_colors_info=\u00bb{}\u00bb][et_pb_row _builder_version=\u00bb4.17.4&#8243; _module_preset=\u00bbdefault\u00bb global_colors_info=\u00bb{}\u00bb][et_pb_column type=\u00bb4_4&#8243; _builder_version=\u00bb4.16&#8243; _module_preset=\u00bbdefault\u00bb custom_padding=\u00bb|||\u00bb global_colors_info=\u00bb{}\u00bb custom_padding__hover=\u00bb|||\u00bb][et_pb_text admin_label=\u00bbSub Title\u00bb _builder_version=\u00bb4.23.1&#8243; _module_preset=\u00bbdefault\u00bb text_font=\u00bbRoboto|700|||||||\u00bb text_text_color=\u00bb#8CA25B\u00bb text_font_size=\u00bb24px\u00bb text_line_height=\u00bb1.4em\u00bb background_size=\u00bbinitial\u00bb background_position=\u00bbtop_left\u00bb background_repeat=\u00bbrepeat\u00bb custom_padding=\u00bb30px|||\u00bb animation_style=\u00bbslide\u00bb animation_direction=\u00bbtop\u00bb animation_delay=\u00bb200ms\u00bb animation_intensity_slide=\u00bb10%\u00bb locked=\u00bboff\u00bb global_colors_info=\u00bb{}\u00bb]<\/p>\n<p><strong>La Arcilla Verde de Velay<\/strong>\u00a0es una soluci\u00f3n alternativa y eficaz para el cuidado de los animales. Al ser un ingrediente natural, la arcilla no es considerada dopante por la Federaci\u00f3n Equina Internacional (FEI).<\/p>\n<p>[\/et_pb_text][\/et_pb_column][\/et_pb_row][\/et_pb_section][et_pb_section fb_built=\u00bb1&#8243; _builder_version=\u00bb4.18.0&#8243; _module_preset=\u00bbdefault\u00bb custom_padding=\u00bb0px||0px||false|false\u00bb global_colors_info=\u00bb{}\u00bb][et_pb_row _builder_version=\u00bb4.18.0&#8243; _module_preset=\u00bbdefault\u00bb global_colors_info=\u00bb{}\u00bb][et_pb_column type=\u00bb4_4&#8243; _builder_version=\u00bb4.18.0&#8243; _module_preset=\u00bbdefault\u00bb global_colors_info=\u00bb{}\u00bb][et_pb_text _builder_version=\u00bb4.23.1&#8243; _module_preset=\u00bbdefault\u00bb text_font=\u00bbRoboto||||||||\u00bb text_font_size=\u00bb16px\u00bb text_line_height=\u00bb1.9em\u00bb global_colors_info=\u00bb{}\u00bb]<\/p>\n<p>Durante milenios, los animales han utilizado instintivamente la arcilla como fuente de oligoelementos. Tiene muchas propiedades. Tiene muchas propiedades.<\/p>\n<p>En uso externo, como cataplasma, la Arcilla Verde de Velay tiene m\u00faltiples beneficios:<\/p>\n<ul>\n<li>100% natural y no fibroso (seguro para su salud y la de su mascota)<\/li>\n<li>Favorece la descongesti\u00f3n de las extremidades gracias a su alta pureza<\/li>\n<li>Alivia la inflamaci\u00f3n debido a su capacidad de absorci\u00f3n<\/li>\n<li>Favorece la cicatrizaci\u00f3n de heridas y la regeneraci\u00f3n celular<\/li>\n<li>Alivia y reduce el edema y la hinchaz\u00f3n<\/li>\n<li>Protege contra \u201cla fiebre del barro\u201d<\/li>\n<\/ul>\n<p>[\/et_pb_text][\/et_pb_column][\/et_pb_row][\/et_pb_section][et_pb_section fb_built=\u00bb1&#8243; _builder_version=\u00bb4.18.0&#8243; _module_preset=\u00bbdefault\u00bb custom_padding=\u00bb||30px||false|false\u00bb global_colors_info=\u00bb{}\u00bb][et_pb_row _builder_version=\u00bb4.17.4&#8243; _module_preset=\u00bbdefault\u00bb global_colors_info=\u00bb{}\u00bb][et_pb_column type=\u00bb4_4&#8243; _builder_version=\u00bb4.16&#8243; _module_preset=\u00bbdefault\u00bb custom_padding=\u00bb|||\u00bb global_colors_info=\u00bb{}\u00bb custom_padding__hover=\u00bb|||\u00bb][et_pb_text admin_label=\u00bbTitle\u00bb _builder_version=\u00bb4.19.2&#8243; _module_preset=\u00bbdefault\u00bb text_font=\u00bb||||\u00bb text_text_color=\u00bb#1a1a1a\u00bb header_font=\u00bbOswald|700||||on|||\u00bb header_text_align=\u00bbleft\u00bb header_font_size=\u00bb50px\u00bb header_line_height=\u00bb1.3em\u00bb header_2_font=\u00bb|||||on|||\u00bb header_2_font_size=\u00bb40px\u00bb header_3_font=\u00bbRoboto||||||||\u00bb custom_margin=\u00bb0px||||false|false\u00bb custom_padding=\u00bb|||\u00bb animation_style=\u00bbslide\u00bb animation_direction=\u00bbtop\u00bb animation_intensity_slide=\u00bb10%\u00bb locked=\u00bboff\u00bb global_colors_info=\u00bb{}\u00bb]<\/p>\n<h3>Las cataplasmas de <strong>Arcilla Verde de Velay<\/strong> se pueden utilizar para infecciones de la piel, quemaduras, heridas, inflamaciones, hematomas, abscesos, dolores musculares y tendinosos.<\/h3>\n<p>[\/et_pb_text][\/et_pb_column][\/et_pb_row][et_pb_row _builder_version=\u00bb4.23.1&#8243; _module_preset=\u00bbdefault\u00bb custom_margin=\u00bb||50px||false|false\u00bb global_colors_info=\u00bb{}\u00bb][et_pb_column type=\u00bb4_4&#8243; _builder_version=\u00bb4.18.0&#8243; _module_preset=\u00bbdefault\u00bb global_colors_info=\u00bb{}\u00bb][et_pb_text _builder_version=\u00bb4.23.1&#8243; _module_preset=\u00bbdefault\u00bb text_font=\u00bbRoboto||||||||\u00bb text_font_size=\u00bb16px\u00bb text_line_height=\u00bb1.9em\u00bb global_colors_info=\u00bb{}\u00bb]<\/p>\n<p>Tratamiento de una herida en una yegua herida utilizando la cataplasma de arcilla verde de Velay, sin tratamientos medicinales adicionales:<\/p>\n<p>[\/et_pb_text][et_pb_image src=\u00bbhttps:\/\/argileduvelay.com\/wp-content\/uploads\/2023\/11\/gale.jpg\u00bb title_text=\u00bbsarna\u00bb _builder_version=\u00bb4.23.1&#8243; _module_preset=\u00bbdefault\u00bb global_colors_info=\u00bb{}\u00bb][\/et_pb_image][et_pb_text _builder_version=\u00bb4.23.1&#8243; _module_preset=\u00bbdefault\u00bb global_colors_info=\u00bb{}\u00bb]<\/p>\n<p style=\"text-align: right;\"><em>Fotos\u00a0: Sylvie Moser \u2013 Secourisme Equin &#8211; Canad\u00e1<\/em><\/p>\n<p style=\"text-align: right;\">\u00a0<\/p>\n<p>[\/et_pb_text][\/et_pb_column][\/et_pb_row][\/et_pb_section][et_pb_section fb_built=\u00bb1&#8243; _builder_version=\u00bb4.18.0&#8243; _module_preset=\u00bbdefault\u00bb custom_margin=\u00bb||60px||false|false\u00bb custom_padding=\u00bb0px||0px||false|false\u00bb global_colors_info=\u00bb{}\u00bb][et_pb_row _builder_version=\u00bb4.17.4&#8243; _module_preset=\u00bbdefault\u00bb global_colors_info=\u00bb{}\u00bb][et_pb_column type=\u00bb4_4&#8243; _builder_version=\u00bb4.16&#8243; _module_preset=\u00bbdefault\u00bb custom_padding=\u00bb|||\u00bb global_colors_info=\u00bb{}\u00bb custom_padding__hover=\u00bb|||\u00bb][et_pb_text _builder_version=\u00bb4.23.1&#8243; _module_preset=\u00bbdefault\u00bb text_font=\u00bbRoboto||||\u00bb text_font_size=\u00bb16px\u00bb text_line_height=\u00bb1.9em\u00bb background_size=\u00bbinitial\u00bb background_position=\u00bbtop_left\u00bb background_repeat=\u00bbrepeat\u00bb custom_margin=\u00bb0px||||false|false\u00bb custom_padding=\u00bb||0px||false|false\u00bb animation_style=\u00bbslide\u00bb animation_direction=\u00bbtop\u00bb animation_delay=\u00bb400ms\u00bb animation_intensity_slide=\u00bb4%\u00bb locked=\u00bboff\u00bb global_colors_info=\u00bb{}\u00bb]<\/p>\n<p>Para uso interno, como suplemento diet\u00e9tico:<\/p>\n<ul>\n<li>Es un aditivo tecnol\u00f3gico, 100% natural, garantizado sin cuarzo, autorizado por la normativa europea y certificado FCA (Feed Chain Alliance) para la alimentaci\u00f3n animal<\/li>\n<li>Equilibra el pH y absorbe las micotoxinas (aflatoxinas b1) en el \u00e1rea gastrointestinal evitando la propagaci\u00f3n en los \u00f3rganos<\/li>\n<li>Ayuda a curar las mucosas g\u00e1stricas y limita la recurrencia de las \u00falceras.<\/li>\n<\/ul>\n<p><img loading=\"lazy\" decoding=\"async\" class=\"wp-image-3382 aligncenter size-full\" src=\"https:\/\/argileduvelay.com\/wp-content\/uploads\/2023\/11\/pansement-1.jpg\" alt=\"\" width=\"1500\" height=\"1125\" srcset=\"https:\/\/argileduvelay.com\/wp-content\/uploads\/2023\/11\/pansement-1.jpg 1500w, https:\/\/argileduvelay.com\/wp-content\/uploads\/2023\/11\/pansement-1-1280x960.jpg 1280w, https:\/\/argileduvelay.com\/wp-content\/uploads\/2023\/11\/pansement-1-980x735.jpg 980w, https:\/\/argileduvelay.com\/wp-content\/uploads\/2023\/11\/pansement-1-480x360.jpg 480w\" sizes=\"(min-width: 0px) and (max-width: 480px) 480px, (min-width: 481px) and (max-width: 980px) 980px, (min-width: 981px) and (max-width: 1280px) 1280px, (min-width: 1281px) 1500px, 100vw\" \/><\/p>\n<p>Jeringa de 60ml Arcilla verde Velay: complemento eficaz en casos de \u00falceras g\u00e1stricas en caballos (estudio cl\u00ednico Equ\u2019institut 2023)<\/p>\n<p>ARGILE DU VELAY ofrece el ingrediente, pero tambi\u00e9n el apoyo durante el desarrollo de sus propios productos, para el cuidado de los animales a base de arcilla verde.<\/p>\n<p>\u00a1Los productos terminados, listos para usar como la cataplasma, champ\u00fa, jerinda, pasta de dientes de arcilla, est\u00e1n disponibles y pueden desarrollarse bajo su propia marca!<\/p>\n<p>&nbsp;<\/p>\n<p>[\/et_pb_text][\/et_pb_column][\/et_pb_row][\/et_pb_section][et_pb_section fb_built=\u00bb1&#8243; _builder_version=\u00bb4.18.0&#8243; _module_preset=\u00bbdefault\u00bb global_colors_info=\u00bb{}\u00bb][et_pb_row column_structure=\u00bb1_3,1_3,1_3&#8243; _builder_version=\u00bb4.18.0&#8243; _module_preset=\u00bbdefault\u00bb global_colors_info=\u00bb{}\u00bb][et_pb_column type=\u00bb1_3&#8243; _builder_version=\u00bb4.18.0&#8243; _module_preset=\u00bbdefault\u00bb global_colors_info=\u00bb{}\u00bb][et_pb_image src=\u00bbhttps:\/\/argileduvelay.com\/wp-content\/uploads\/2022\/10\/ecocert-intrants.png\u00bb alt=\u00bbCOSMOS APPROVED\u00bb title_text=\u00bbecocert-intrants\u00bb _builder_version=\u00bb4.18.0&#8243; _module_preset=\u00bbdefault\u00bb global_colors_info=\u00bb{}\u00bb][\/et_pb_image][\/et_pb_column][et_pb_column type=\u00bb1_3&#8243; _builder_version=\u00bb4.18.0&#8243; _module_preset=\u00bbdefault\u00bb global_colors_info=\u00bb{}\u00bb][et_pb_text _builder_version=\u00bb4.19.4&#8243; _module_preset=\u00bbdefault\u00bb header_3_text_color=\u00bb#8CA25B\u00bb global_colors_info=\u00bb{}\u00bb]<\/p>\n<h3>Ventajas<\/h3>\n<p><strong>La Arcilla Verde de Velay:<\/strong> una alternativa 100% natural y eficaz para el cuidado de los animales.<\/p>\n<p>[\/et_pb_text][\/et_pb_column][et_pb_column type=\u00bb1_3&#8243; _builder_version=\u00bb4.18.0&#8243; _module_preset=\u00bbdefault\u00bb global_colors_info=\u00bb{}\u00bb][et_pb_image src=\u00bbhttps:\/\/argileduvelay.com\/wp-content\/uploads\/2022\/10\/Feed_Chain_Alliance-centree.png\u00bb title_text=\u00bbFeed_Chain_Alliance-centree\u00bb _builder_version=\u00bb4.18.0&#8243; _module_preset=\u00bbdefault\u00bb global_colors_info=\u00bb{}\u00bb][\/et_pb_image][\/et_pb_column][\/et_pb_row][\/et_pb_section]<\/p>\n","protected":false},"excerpt":{"rendered":"<p>Cuidado de animales y cuidado de equinosLa Arcilla Verde de Velay\u00a0es una soluci\u00f3n alternativa y eficaz para el cuidado de los animales. Al ser un ingrediente natural, la arcilla no es considerada dopante por la Federaci\u00f3n Equina Internacional (FEI).Durante milenios, los animales han utilizado instintivamente la arcilla como fuente de oligoelementos. Tiene muchas propiedades. Tiene [&hellip;]<\/p>\n","protected":false},"author":1,"featured_media":0,"parent":2937,"menu_order":0,"comment_status":"closed","ping_status":"closed","template":"","meta":{"_et_pb_use_builder":"on","_et_pb_old_content":"","_et_gb_content_width":"","footnotes":""},"class_list":["post-2959","page","type-page","status-publish","hentry"],"yoast_head":"<!-- This site is optimized with the Yoast SEO plugin v27.3 - https:\/\/yoast.com\/product\/yoast-seo-wordpress\/ -->\n<title>Los beneficios de la arcilla para el cuidado del caballo<\/title>\n<meta name=\"description\" content=\"La arcilla es muy \u00fatil para el cuidado de los caballos. Los beneficios de la arcilla para los caballos son numerosos porque la arcilla aporta todo tipo de cuidados a los caballos. La arcilla promueve el bienestar animal.\" \/>\n<meta name=\"robots\" content=\"index, follow, max-snippet:-1, max-image-preview:large, max-video-preview:-1\" \/>\n<link rel=\"canonical\" href=\"https:\/\/argileduvelay.com\/es\/oferta\/cuidados-animales-y-cuidados-equinos\/\" \/>\n<meta property=\"og:locale\" content=\"es_ES\" \/>\n<meta property=\"og:type\" content=\"article\" \/>\n<meta property=\"og:title\" content=\"Los beneficios de la arcilla para el cuidado del caballo\" \/>\n<meta property=\"og:description\" content=\"La arcilla es muy \u00fatil para el cuidado de los caballos. Los beneficios de la arcilla para los caballos son numerosos porque la arcilla aporta todo tipo de cuidados a los caballos. La arcilla promueve el bienestar animal.\" \/>\n<meta property=\"og:url\" content=\"https:\/\/argileduvelay.com\/es\/oferta\/cuidados-animales-y-cuidados-equinos\/\" \/>\n<meta property=\"og:site_name\" content=\"Argile du Velay\" \/>\n<meta property=\"article:publisher\" content=\"https:\/\/www.facebook.com\/argile.duvelay\" \/>\n<meta property=\"article:modified_time\" content=\"2023-12-12T12:49:12+00:00\" \/>\n<meta property=\"og:image\" content=\"https:\/\/argileduvelay.com\/wp-content\/uploads\/2023\/11\/pansement-1.jpg\" \/>\n<meta name=\"twitter:card\" content=\"summary_large_image\" \/>\n<meta name=\"twitter:label1\" content=\"Tiempo de lectura\" \/>\n\t<meta name=\"twitter:data1\" content=\"6 minutos\" \/>\n<script type=\"application\/ld+json\" class=\"yoast-schema-graph\">{\"@context\":\"https:\\\/\\\/schema.org\",\"@graph\":[{\"@type\":\"WebPage\",\"@id\":\"https:\\\/\\\/argileduvelay.com\\\/es\\\/oferta\\\/cuidados-animales-y-cuidados-equinos\\\/\",\"url\":\"https:\\\/\\\/argileduvelay.com\\\/es\\\/oferta\\\/cuidados-animales-y-cuidados-equinos\\\/\",\"name\":\"Los beneficios de la arcilla para el cuidado del caballo\",\"isPartOf\":{\"@id\":\"https:\\\/\\\/argileduvelay.com\\\/es\\\/#website\"},\"primaryImageOfPage\":{\"@id\":\"https:\\\/\\\/argileduvelay.com\\\/es\\\/oferta\\\/cuidados-animales-y-cuidados-equinos\\\/#primaryimage\"},\"image\":{\"@id\":\"https:\\\/\\\/argileduvelay.com\\\/es\\\/oferta\\\/cuidados-animales-y-cuidados-equinos\\\/#primaryimage\"},\"thumbnailUrl\":\"https:\\\/\\\/argileduvelay.com\\\/wp-content\\\/uploads\\\/2023\\\/11\\\/pansement-1.jpg\",\"datePublished\":\"2022-10-17T16:30:20+00:00\",\"dateModified\":\"2023-12-12T12:49:12+00:00\",\"description\":\"La arcilla es muy \u00fatil para el cuidado de los caballos. Los beneficios de la arcilla para los caballos son numerosos porque la arcilla aporta todo tipo de cuidados a los caballos. La arcilla promueve el bienestar animal.\",\"breadcrumb\":{\"@id\":\"https:\\\/\\\/argileduvelay.com\\\/es\\\/oferta\\\/cuidados-animales-y-cuidados-equinos\\\/#breadcrumb\"},\"inLanguage\":\"es\",\"potentialAction\":[{\"@type\":\"ReadAction\",\"target\":[\"https:\\\/\\\/argileduvelay.com\\\/es\\\/oferta\\\/cuidados-animales-y-cuidados-equinos\\\/\"]}]},{\"@type\":\"ImageObject\",\"inLanguage\":\"es\",\"@id\":\"https:\\\/\\\/argileduvelay.com\\\/es\\\/oferta\\\/cuidados-animales-y-cuidados-equinos\\\/#primaryimage\",\"url\":\"https:\\\/\\\/argileduvelay.com\\\/wp-content\\\/uploads\\\/2023\\\/11\\\/pansement-1.jpg\",\"contentUrl\":\"https:\\\/\\\/argileduvelay.com\\\/wp-content\\\/uploads\\\/2023\\\/11\\\/pansement-1.jpg\"},{\"@type\":\"BreadcrumbList\",\"@id\":\"https:\\\/\\\/argileduvelay.com\\\/es\\\/oferta\\\/cuidados-animales-y-cuidados-equinos\\\/#breadcrumb\",\"itemListElement\":[{\"@type\":\"ListItem\",\"position\":1,\"name\":\"Accueil\",\"item\":\"https:\\\/\\\/argileduvelay.com\\\/es\\\/\"},{\"@type\":\"ListItem\",\"position\":2,\"name\":\"Suministro de arcilla verde para cosm\u00e9tica, salud, caballos, ropa de cama, bienestar animal, alimentaci\u00f3n animal&#8230;\",\"item\":\"https:\\\/\\\/argileduvelay.com\\\/es\\\/oferta\\\/\"},{\"@type\":\"ListItem\",\"position\":3,\"name\":\"Los beneficios de la arcilla para el cuidado del caballo\"}]},{\"@type\":\"WebSite\",\"@id\":\"https:\\\/\\\/argileduvelay.com\\\/es\\\/#website\",\"url\":\"https:\\\/\\\/argileduvelay.com\\\/es\\\/\",\"name\":\"Argile du Velay\",\"description\":\"Fabricant fran\u00e7ais d'argile verte bio pour cosm\u00e9tique, hygi\u00e8ne animale, spa...\",\"publisher\":{\"@id\":\"https:\\\/\\\/argileduvelay.com\\\/es\\\/#organization\"},\"potentialAction\":[{\"@type\":\"SearchAction\",\"target\":{\"@type\":\"EntryPoint\",\"urlTemplate\":\"https:\\\/\\\/argileduvelay.com\\\/es\\\/?s={search_term_string}\"},\"query-input\":{\"@type\":\"PropertyValueSpecification\",\"valueRequired\":true,\"valueName\":\"search_term_string\"}}],\"inLanguage\":\"es\"},{\"@type\":\"Organization\",\"@id\":\"https:\\\/\\\/argileduvelay.com\\\/es\\\/#organization\",\"name\":\"Argile du Velay\",\"url\":\"https:\\\/\\\/argileduvelay.com\\\/es\\\/\",\"logo\":{\"@type\":\"ImageObject\",\"inLanguage\":\"es\",\"@id\":\"https:\\\/\\\/argileduvelay.com\\\/es\\\/#\\\/schema\\\/logo\\\/image\\\/\",\"url\":\"https:\\\/\\\/argileduvelay.com\\\/wp-content\\\/uploads\\\/2022\\\/09\\\/logo_ARGILE_DU_VELAY-HD-ok.png\",\"contentUrl\":\"https:\\\/\\\/argileduvelay.com\\\/wp-content\\\/uploads\\\/2022\\\/09\\\/logo_ARGILE_DU_VELAY-HD-ok.png\",\"width\":2520,\"height\":1450,\"caption\":\"Argile du Velay\"},\"image\":{\"@id\":\"https:\\\/\\\/argileduvelay.com\\\/es\\\/#\\\/schema\\\/logo\\\/image\\\/\"},\"sameAs\":[\"https:\\\/\\\/www.facebook.com\\\/argile.duvelay\",\"https:\\\/\\\/www.instagram.com\\\/argileduvelay43\\\/\",\"https:\\\/\\\/www.linkedin.com\\\/company\\\/argile-du-velay\\\/\"]}]}<\/script>\n<!-- \/ Yoast SEO plugin. -->","yoast_head_json":{"title":"Los beneficios de la arcilla para el cuidado del caballo","description":"La arcilla es muy \u00fatil para el cuidado de los caballos. Los beneficios de la arcilla para los caballos son numerosos porque la arcilla aporta todo tipo de cuidados a los caballos. La arcilla promueve el bienestar animal.","robots":{"index":"index","follow":"follow","max-snippet":"max-snippet:-1","max-image-preview":"max-image-preview:large","max-video-preview":"max-video-preview:-1"},"canonical":"https:\/\/argileduvelay.com\/es\/oferta\/cuidados-animales-y-cuidados-equinos\/","og_locale":"es_ES","og_type":"article","og_title":"Los beneficios de la arcilla para el cuidado del caballo","og_description":"La arcilla es muy \u00fatil para el cuidado de los caballos. Los beneficios de la arcilla para los caballos son numerosos porque la arcilla aporta todo tipo de cuidados a los caballos. La arcilla promueve el bienestar animal.","og_url":"https:\/\/argileduvelay.com\/es\/oferta\/cuidados-animales-y-cuidados-equinos\/","og_site_name":"Argile du Velay","article_publisher":"https:\/\/www.facebook.com\/argile.duvelay","article_modified_time":"2023-12-12T12:49:12+00:00","og_image":[{"url":"https:\/\/argileduvelay.com\/wp-content\/uploads\/2023\/11\/pansement-1.jpg","type":"","width":"","height":""}],"twitter_card":"summary_large_image","twitter_misc":{"Tiempo de lectura":"6 minutos"},"schema":{"@context":"https:\/\/schema.org","@graph":[{"@type":"WebPage","@id":"https:\/\/argileduvelay.com\/es\/oferta\/cuidados-animales-y-cuidados-equinos\/","url":"https:\/\/argileduvelay.com\/es\/oferta\/cuidados-animales-y-cuidados-equinos\/","name":"Los beneficios de la arcilla para el cuidado del caballo","isPartOf":{"@id":"https:\/\/argileduvelay.com\/es\/#website"},"primaryImageOfPage":{"@id":"https:\/\/argileduvelay.com\/es\/oferta\/cuidados-animales-y-cuidados-equinos\/#primaryimage"},"image":{"@id":"https:\/\/argileduvelay.com\/es\/oferta\/cuidados-animales-y-cuidados-equinos\/#primaryimage"},"thumbnailUrl":"https:\/\/argileduvelay.com\/wp-content\/uploads\/2023\/11\/pansement-1.jpg","datePublished":"2022-10-17T16:30:20+00:00","dateModified":"2023-12-12T12:49:12+00:00","description":"La arcilla es muy \u00fatil para el cuidado de los caballos. Los beneficios de la arcilla para los caballos son numerosos porque la arcilla aporta todo tipo de cuidados a los caballos. La arcilla promueve el bienestar animal.","breadcrumb":{"@id":"https:\/\/argileduvelay.com\/es\/oferta\/cuidados-animales-y-cuidados-equinos\/#breadcrumb"},"inLanguage":"es","potentialAction":[{"@type":"ReadAction","target":["https:\/\/argileduvelay.com\/es\/oferta\/cuidados-animales-y-cuidados-equinos\/"]}]},{"@type":"ImageObject","inLanguage":"es","@id":"https:\/\/argileduvelay.com\/es\/oferta\/cuidados-animales-y-cuidados-equinos\/#primaryimage","url":"https:\/\/argileduvelay.com\/wp-content\/uploads\/2023\/11\/pansement-1.jpg","contentUrl":"https:\/\/argileduvelay.com\/wp-content\/uploads\/2023\/11\/pansement-1.jpg"},{"@type":"BreadcrumbList","@id":"https:\/\/argileduvelay.com\/es\/oferta\/cuidados-animales-y-cuidados-equinos\/#breadcrumb","itemListElement":[{"@type":"ListItem","position":1,"name":"Accueil","item":"https:\/\/argileduvelay.com\/es\/"},{"@type":"ListItem","position":2,"name":"Suministro de arcilla verde para cosm\u00e9tica, salud, caballos, ropa de cama, bienestar animal, alimentaci\u00f3n animal&#8230;","item":"https:\/\/argileduvelay.com\/es\/oferta\/"},{"@type":"ListItem","position":3,"name":"Los beneficios de la arcilla para el cuidado del caballo"}]},{"@type":"WebSite","@id":"https:\/\/argileduvelay.com\/es\/#website","url":"https:\/\/argileduvelay.com\/es\/","name":"Argile du Velay","description":"Fabricant fran\u00e7ais d'argile verte bio pour cosm\u00e9tique, hygi\u00e8ne animale, spa...","publisher":{"@id":"https:\/\/argileduvelay.com\/es\/#organization"},"potentialAction":[{"@type":"SearchAction","target":{"@type":"EntryPoint","urlTemplate":"https:\/\/argileduvelay.com\/es\/?s={search_term_string}"},"query-input":{"@type":"PropertyValueSpecification","valueRequired":true,"valueName":"search_term_string"}}],"inLanguage":"es"},{"@type":"Organization","@id":"https:\/\/argileduvelay.com\/es\/#organization","name":"Argile du Velay","url":"https:\/\/argileduvelay.com\/es\/","logo":{"@type":"ImageObject","inLanguage":"es","@id":"https:\/\/argileduvelay.com\/es\/#\/schema\/logo\/image\/","url":"https:\/\/argileduvelay.com\/wp-content\/uploads\/2022\/09\/logo_ARGILE_DU_VELAY-HD-ok.png","contentUrl":"https:\/\/argileduvelay.com\/wp-content\/uploads\/2022\/09\/logo_ARGILE_DU_VELAY-HD-ok.png","width":2520,"height":1450,"caption":"Argile du Velay"},"image":{"@id":"https:\/\/argileduvelay.com\/es\/#\/schema\/logo\/image\/"},"sameAs":["https:\/\/www.facebook.com\/argile.duvelay","https:\/\/www.instagram.com\/argileduvelay43\/","https:\/\/www.linkedin.com\/company\/argile-du-velay\/"]}]}},"_links":{"self":[{"href":"https:\/\/argileduvelay.com\/es\/wp-json\/wp\/v2\/pages\/2959","targetHints":{"allow":["GET"]}}],"collection":[{"href":"https:\/\/argileduvelay.com\/es\/wp-json\/wp\/v2\/pages"}],"about":[{"href":"https:\/\/argileduvelay.com\/es\/wp-json\/wp\/v2\/types\/page"}],"author":[{"embeddable":true,"href":"https:\/\/argileduvelay.com\/es\/wp-json\/wp\/v2\/users\/1"}],"replies":[{"embeddable":true,"href":"https:\/\/argileduvelay.com\/es\/wp-json\/wp\/v2\/comments?post=2959"}],"version-history":[{"count":4,"href":"https:\/\/argileduvelay.com\/es\/wp-json\/wp\/v2\/pages\/2959\/revisions"}],"predecessor-version":[{"id":3404,"href":"https:\/\/argileduvelay.com\/es\/wp-json\/wp\/v2\/pages\/2959\/revisions\/3404"}],"up":[{"embeddable":true,"href":"https:\/\/argileduvelay.com\/es\/wp-json\/wp\/v2\/pages\/2937"}],"wp:attachment":[{"href":"https:\/\/argileduvelay.com\/es\/wp-json\/wp\/v2\/media?parent=2959"}],"curies":[{"name":"wp","href":"https:\/\/api.w.org\/{rel}","templated":true}]}}