{"id":2962,"date":"2022-10-24T19:35:21","date_gmt":"2022-10-24T17:35:21","guid":{"rendered":"https:\/\/argileduvelay.com\/oferta\/alimentacion-animal\/"},"modified":"2025-08-04T12:12:46","modified_gmt":"2025-08-04T10:12:46","slug":"alimentacion-animal","status":"publish","type":"page","link":"https:\/\/argileduvelay.com\/es\/oferta\/alimentacion-animal\/","title":{"rendered":"Proveedor de arcilla para alimentaci\u00f3n animal"},"content":{"rendered":"<p>[et_pb_section fb_built=\u00bb1&#8243; admin_label=\u00bbHero\u00bb _builder_version=\u00bb4.19.2&#8243; _module_preset=\u00bbdefault\u00bb background_image=\u00bbhttps:\/\/argileduvelay.com\/wp-content\/uploads\/2023\/01\/alimentation-animale.jpg\u00bb custom_padding=\u00bb110px|||\u00bb saved_tabs=\u00bball\u00bb global_colors_info=\u00bb{}\u00bb][et_pb_row module_class=\u00bb et_pb_row_fullwidth\u00bb _builder_version=\u00bb4.17.4&#8243; _module_preset=\u00bbdefault\u00bb width_tablet=\u00bb100%\u00bb width_phone=\u00bb100%\u00bb width_last_edited=\u00bbon|desktop\u00bb max_width_tablet=\u00bb100%\u00bb max_width_phone=\u00bb100%\u00bb max_width_last_edited=\u00bbon|desktop\u00bb custom_margin=\u00bb|||\u00bb custom_padding=\u00bb|||\u00bb make_fullwidth=\u00bbon\u00bb global_colors_info=\u00bb{}\u00bb][et_pb_column type=\u00bb4_4&#8243; _builder_version=\u00bb4.16&#8243; _module_preset=\u00bbdefault\u00bb background_position=\u00bbtop_left\u00bb custom_padding=\u00bb|||\u00bb global_colors_info=\u00bb{}\u00bb custom_padding__hover=\u00bb|||\u00bb][et_pb_text admin_label=\u00bbHero Title\u00bb _builder_version=\u00bb4.19.2&#8243; _module_preset=\u00bbdefault\u00bb text_font=\u00bb||||\u00bb text_text_color=\u00bb#1a1a1a\u00bb header_font=\u00bbOswald|700||||on|||\u00bb header_text_align=\u00bbleft\u00bb header_font_size=\u00bb50px\u00bb header_line_height=\u00bb1.3em\u00bb custom_margin=\u00bb||10px|30px|false|false\u00bb custom_margin_last_edited=\u00bboff|phone\u00bb custom_padding=\u00bb|||\u00bb custom_padding_tablet=\u00bb|||\u00bb custom_padding_phone=\u00bb|||\u00bb custom_padding_last_edited=\u00bbon|desktop\u00bb animation_style=\u00bbslide\u00bb animation_direction=\u00bbtop\u00bb animation_intensity_slide=\u00bb10%\u00bb text_text_shadow_style=\u00bbpreset2&#8243; locked=\u00bboff\u00bb global_colors_info=\u00bb{}\u00bb custom_margin__hover_enabled=\u00bboff|desktop\u00bb]<\/p>\n<h1>alimentaci\u00f3n animal<\/h1>\n<p>[\/et_pb_text][et_pb_divider divider_position=\u00bbcenter\u00bb divider_weight=\u00bb3px\u00bb disabled_on=\u00bbon|on|off%22&#8243; _builder_version=\u00bb4.17.4&#8243; _module_preset=\u00bbdefault\u00bb max_width=\u00bb150px\u00bb height=\u00bbfalse\u00bb custom_margin=\u00bb0px||100px|30px|false|false\u00bb animation_style=\u00bbslide\u00bb animation_direction=\u00bbtop\u00bb animation_delay=\u00bb100ms\u00bb animation_intensity_slide=\u00bb10%\u00bb locked=\u00bboff\u00bb global_colors_info=\u00bb{}\u00bb][\/et_pb_divider][\/et_pb_column][\/et_pb_row][\/et_pb_section][et_pb_section fb_built=\u00bb1&#8243; _builder_version=\u00bb4.18.0&#8243; _module_preset=\u00bbdefault\u00bb custom_padding=\u00bb80px||||false|false\u00bb global_colors_info=\u00bb{}\u00bb][et_pb_row _builder_version=\u00bb4.17.4&#8243; _module_preset=\u00bbdefault\u00bb global_colors_info=\u00bb{}\u00bb][et_pb_column type=\u00bb4_4&#8243; _builder_version=\u00bb4.16&#8243; _module_preset=\u00bbdefault\u00bb custom_padding=\u00bb|||\u00bb global_colors_info=\u00bb{}\u00bb custom_padding__hover=\u00bb|||\u00bb][et_pb_text admin_label=\u00bbSub Title\u00bb _builder_version=\u00bb4.19.2&#8243; _module_preset=\u00bbdefault\u00bb text_font=\u00bbRoboto|700|||||||\u00bb text_text_color=\u00bb#8CA25B\u00bb text_font_size=\u00bb24px\u00bb text_line_height=\u00bb1.4em\u00bb background_size=\u00bbinitial\u00bb background_position=\u00bbtop_left\u00bb background_repeat=\u00bbrepeat\u00bb custom_padding=\u00bb30px|||\u00bb animation_style=\u00bbslide\u00bb animation_direction=\u00bbtop\u00bb animation_delay=\u00bb200ms\u00bb animation_intensity_slide=\u00bb10%\u00bb locked=\u00bboff\u00bb global_colors_info=\u00bb{}\u00bb]<\/p>\n<p><strong>La Arcilla Verde de Velay es un aditivo 100% natural aprobado para todas las especies<\/strong><\/p>\n<p>[\/et_pb_text][\/et_pb_column][\/et_pb_row][\/et_pb_section][et_pb_section fb_built=\u00bb1&#8243; _builder_version=\u00bb4.18.0&#8243; _module_preset=\u00bbdefault\u00bb custom_padding=\u00bb0px||0px||false|false\u00bb global_colors_info=\u00bb{}\u00bb][et_pb_row _builder_version=\u00bb4.18.0&#8243; _module_preset=\u00bbdefault\u00bb global_colors_info=\u00bb{}\u00bb][et_pb_column type=\u00bb4_4&#8243; _builder_version=\u00bb4.18.0&#8243; _module_preset=\u00bbdefault\u00bb global_colors_info=\u00bb{}\u00bb][et_pb_text _builder_version=\u00bb4.18.0&#8243; _module_preset=\u00bbdefault\u00bb text_font=\u00bbRoboto||||||||\u00bb text_font_size=\u00bb16px\u00bb text_line_height=\u00bb1.9em\u00bb global_colors_info=\u00bb{}\u00bb]<\/p>\n<p>Comer arcilla es una forma natural de mantener el bienestar de los animales. Los aportes naturales de minerales y oligoelementos mejoran la digesti\u00f3n.<\/p>\n<p><strong>La Arcilla Verde de Velay es un aditivo 100% natural para la alimentaci\u00f3n animal<\/strong>, dise\u00f1ado para todas las especies animales: aves, bovinos, porcinos, ovinos, equinos, peces&#8230; garantizado libre de cuarzo, libre de amianto, autorizado por la normativa europea y <strong>certificado FCA ( Feed Chain Alliance)<\/strong> para alimentaci\u00f3n animal.<\/p>\n<p><strong>N\u00famero de identificaci\u00f3n del aditivo: 1g599, reglamento de la UE N\u00b02019\/10 \u2013 aditivo para alimentos de los animales, aprobado para todo tipo de especi<\/strong>e animal <a href=\"https:\/\/eur-lex.europa.eu\/legal-content\/FR\/TXT\/PDF\/?uri=CELEX:32019R0010&amp;qid=1557143895525&amp;from=FR\">(<strong>haga clic aqu\u00ed para descargar<\/strong>) <br \/><\/a><\/p>\n<p>La Arcilla Verde de Velay es:<\/p>\n<p>Un <strong>Aditivo Tecnol\u00f3gico eficaz:<\/strong><\/p>\n<ul>\n<li>Antiaglomerante: la fluidez de la Arcilla Verde Velay es excelente y cumple con los requisitos de los usos de Premix, sin riesgo de abombamiento del silo en comparaci\u00f3n con la sepiolita o la bentonita<\/li>\n<li>Aglutinante: mejora la durabilidad de los pellets gracias a su alta capacidad de aglomeraci\u00f3n<\/li>\n<\/ul>\n<p>Un <strong>ingrediente activo<\/strong> que tiene muchas <strong>propiedades cient\u00edficamente aprobadas, t<\/strong><span style=\"font-size: 16px;\">otalmente seguro para la alimentaci\u00f3n animal de todas las especies sea cual sea la dosis (del 2 al 10 % \u2013 Ensayos de tolerancia in vivo realizados en un instituto de investigaci\u00f3n espa\u00f1ol)<\/span><\/p>\n<p><span style=\"font-size: 16px; color: #ffffff;\">Absorbe las micotoxinas en el \u00e1rea gastrointestinal (aflatoxina B1 y fumonisinas B1 y B2), evitando as\u00ed la absorci\u00f3n en la sangre y la propagaci\u00f3n en los \u00f3rganos<\/span><\/p>\n<p><span style=\"font-size: 16px; color: #ffffff;\">Reduce significativamente la aflatoxina M1 en la leche de vaca en un 17% (ensayos in vivo realizados en un instituto de investigaci\u00f3n espa\u00f1ol)<\/span><\/p>\n<p><span style=\"font-size: 16px; color: #ffffff;\">Reduce eficazmente la presencia de fumonisinas B1 y B2 en heces y orina. (Pruebas in vivo realizadas en un instituto de investigaci\u00f3n espa\u00f1ol en ganado porcino y aves)<\/span><\/p>\n<p><span style=\"font-size: 16px; color: #ffffff;\">Alivia la diarrea durante su fase aguda y favorece la vuelta al tr\u00e1nsito normal (terneros, corderos, etc.)<\/span><\/p>\n<p>[\/et_pb_text][\/et_pb_column][\/et_pb_row][\/et_pb_section][et_pb_section fb_built=\u00bb1&#8243; _builder_version=\u00bb4.18.0&#8243; _module_preset=\u00bbdefault\u00bb custom_padding=\u00bb||30px||false|false\u00bb global_colors_info=\u00bb{}\u00bb][et_pb_row _builder_version=\u00bb4.17.4&#8243; _module_preset=\u00bbdefault\u00bb global_colors_info=\u00bb{}\u00bb][et_pb_column type=\u00bb4_4&#8243; _builder_version=\u00bb4.16&#8243; _module_preset=\u00bbdefault\u00bb custom_padding=\u00bb|||\u00bb global_colors_info=\u00bb{}\u00bb custom_padding__hover=\u00bb|||\u00bb][et_pb_text admin_label=\u00bbTitle\u00bb _builder_version=\u00bb4.18.0&#8243; _module_preset=\u00bbdefault\u00bb text_font=\u00bb||||\u00bb text_text_color=\u00bb#1a1a1a\u00bb header_font=\u00bbOswald|700||||on|||\u00bb header_text_align=\u00bbleft\u00bb header_font_size=\u00bb50px\u00bb header_line_height=\u00bb1.3em\u00bb header_2_font=\u00bb|||||on|||\u00bb header_2_font_size=\u00bb40px\u00bb header_3_font=\u00bbRoboto||||||||\u00bb custom_margin=\u00bb0px||||false|false\u00bb custom_padding=\u00bb|||\u00bb animation_style=\u00bbslide\u00bb animation_direction=\u00bbtop\u00bb animation_intensity_slide=\u00bb10%\u00bb locked=\u00bboff\u00bb global_colors_info=\u00bb{}\u00bb]<\/p>\n<h3>\u00a1ARGILE DU VELAY, garant\u00eda de calidad y seguridad para la alimentaci\u00f3n animal!<\/h3>\n<p>[\/et_pb_text][\/et_pb_column][\/et_pb_row][\/et_pb_section][et_pb_section fb_built=\u00bb1&#8243; _builder_version=\u00bb4.18.0&#8243; _module_preset=\u00bbdefault\u00bb global_colors_info=\u00bb{}\u00bb][et_pb_row column_structure=\u00bb1_3,1_3,1_3&#8243; _builder_version=\u00bb4.18.0&#8243; _module_preset=\u00bbdefault\u00bb global_colors_info=\u00bb{}\u00bb][et_pb_column type=\u00bb1_3&#8243; _builder_version=\u00bb4.18.0&#8243; _module_preset=\u00bbdefault\u00bb global_colors_info=\u00bb{}\u00bb][et_pb_image src=\u00bbhttps:\/\/argileduvelay.com\/wp-content\/uploads\/2022\/10\/Feed_Chain_Alliance-centree.png\u00bb title_text=\u00bbFeed_Chain_Alliance-centree\u00bb _builder_version=\u00bb4.18.0&#8243; _module_preset=\u00bbdefault\u00bb global_colors_info=\u00bb{}\u00bb][\/et_pb_image][\/et_pb_column][et_pb_column type=\u00bb1_3&#8243; _builder_version=\u00bb4.18.0&#8243; _module_preset=\u00bbdefault\u00bb global_colors_info=\u00bb{}\u00bb][et_pb_text _builder_version=\u00bb4.18.0&#8243; _module_preset=\u00bbdefault\u00bb header_3_text_color=\u00bb#8CA25B\u00bb global_colors_info=\u00bb{}\u00bb]<\/p>\n<h3>Ventajas<\/h3>\n<p>ARGILE DU VELAY ha obtenido la certificaci\u00f3n FCA \u2013 Feed Animal Chain para el mercado de la alimentaci\u00f3n animal: garant\u00eda de calidad y seguridad en la alimentaci\u00f3n animal.<\/p>\n<p>[\/et_pb_text][\/et_pb_column][et_pb_column type=\u00bb1_3&#8243; _builder_version=\u00bb4.18.0&#8243; _module_preset=\u00bbdefault\u00bb global_colors_info=\u00bb{}\u00bb][et_pb_image src=\u00bbhttps:\/\/argileduvelay.com\/wp-content\/uploads\/2022\/10\/ecocert-intrants.png\u00bb alt=\u00bbCOSMOS APPROVED\u00bb title_text=\u00bbecocert-intrants\u00bb _builder_version=\u00bb4.18.0&#8243; _module_preset=\u00bbdefault\u00bb global_colors_info=\u00bb{}\u00bb][\/et_pb_image][\/et_pb_column][\/et_pb_row][\/et_pb_section]<\/p>\n","protected":false},"excerpt":{"rendered":"<p>alimentaci\u00f3n animalLa Arcilla Verde de Velay es un aditivo 100% natural aprobado para todas las especiesComer arcilla es una forma natural de mantener el bienestar de los animales. Los aportes naturales de minerales y oligoelementos mejoran la digesti\u00f3n. La Arcilla Verde de Velay es un aditivo 100% natural para la alimentaci\u00f3n animal, dise\u00f1ado para todas [&hellip;]<\/p>\n","protected":false},"author":1,"featured_media":0,"parent":2937,"menu_order":0,"comment_status":"closed","ping_status":"closed","template":"","meta":{"_et_pb_use_builder":"on","_et_pb_old_content":"","_et_gb_content_width":"","footnotes":""},"class_list":["post-2962","page","type-page","status-publish","hentry"],"yoast_head":"<!-- This site is optimized with the Yoast SEO plugin v27.4 - https:\/\/yoast.com\/product\/yoast-seo-wordpress\/ -->\n<title>Proveedor de arcilla para alimentaci\u00f3n animal<\/title>\n<meta name=\"description\" content=\"La arcilla aporta muchos beneficios en la alimentaci\u00f3n animal. Argile du Velay produce arcilla para alimentaci\u00f3n animal.\" \/>\n<meta name=\"robots\" content=\"index, follow, max-snippet:-1, max-image-preview:large, max-video-preview:-1\" \/>\n<link rel=\"canonical\" href=\"https:\/\/argileduvelay.com\/es\/oferta\/alimentacion-animal\/\" \/>\n<meta property=\"og:locale\" content=\"es_ES\" \/>\n<meta property=\"og:type\" content=\"article\" \/>\n<meta property=\"og:title\" content=\"Proveedor de arcilla para alimentaci\u00f3n animal\" \/>\n<meta property=\"og:description\" content=\"La arcilla aporta muchos beneficios en la alimentaci\u00f3n animal. Argile du Velay produce arcilla para alimentaci\u00f3n animal.\" \/>\n<meta property=\"og:url\" content=\"https:\/\/argileduvelay.com\/es\/oferta\/alimentacion-animal\/\" \/>\n<meta property=\"og:site_name\" content=\"Argile du Velay\" \/>\n<meta property=\"article:publisher\" content=\"https:\/\/www.facebook.com\/argile.duvelay\" \/>\n<meta property=\"article:modified_time\" content=\"2025-08-04T10:12:46+00:00\" \/>\n<meta name=\"twitter:card\" content=\"summary_large_image\" \/>\n<meta name=\"twitter:label1\" content=\"Tiempo de lectura\" \/>\n\t<meta name=\"twitter:data1\" content=\"3 minutos\" \/>\n<script type=\"application\/ld+json\" class=\"yoast-schema-graph\">{\"@context\":\"https:\\\/\\\/schema.org\",\"@graph\":[{\"@type\":\"WebPage\",\"@id\":\"https:\\\/\\\/argileduvelay.com\\\/es\\\/oferta\\\/alimentacion-animal\\\/\",\"url\":\"https:\\\/\\\/argileduvelay.com\\\/es\\\/oferta\\\/alimentacion-animal\\\/\",\"name\":\"Proveedor de arcilla para alimentaci\u00f3n animal\",\"isPartOf\":{\"@id\":\"https:\\\/\\\/argileduvelay.com\\\/es\\\/#website\"},\"datePublished\":\"2022-10-24T17:35:21+00:00\",\"dateModified\":\"2025-08-04T10:12:46+00:00\",\"description\":\"La arcilla aporta muchos beneficios en la alimentaci\u00f3n animal. Argile du Velay produce arcilla para alimentaci\u00f3n animal.\",\"breadcrumb\":{\"@id\":\"https:\\\/\\\/argileduvelay.com\\\/es\\\/oferta\\\/alimentacion-animal\\\/#breadcrumb\"},\"inLanguage\":\"es\",\"potentialAction\":[{\"@type\":\"ReadAction\",\"target\":[\"https:\\\/\\\/argileduvelay.com\\\/es\\\/oferta\\\/alimentacion-animal\\\/\"]}]},{\"@type\":\"BreadcrumbList\",\"@id\":\"https:\\\/\\\/argileduvelay.com\\\/es\\\/oferta\\\/alimentacion-animal\\\/#breadcrumb\",\"itemListElement\":[{\"@type\":\"ListItem\",\"position\":1,\"name\":\"Accueil\",\"item\":\"https:\\\/\\\/argileduvelay.com\\\/es\\\/\"},{\"@type\":\"ListItem\",\"position\":2,\"name\":\"Suministro de arcilla verde para cosm\u00e9tica, salud, caballos, ropa de cama, bienestar animal, alimentaci\u00f3n animal&#8230;\",\"item\":\"https:\\\/\\\/argileduvelay.com\\\/es\\\/oferta\\\/\"},{\"@type\":\"ListItem\",\"position\":3,\"name\":\"Proveedor de arcilla para alimentaci\u00f3n animal\"}]},{\"@type\":\"WebSite\",\"@id\":\"https:\\\/\\\/argileduvelay.com\\\/es\\\/#website\",\"url\":\"https:\\\/\\\/argileduvelay.com\\\/es\\\/\",\"name\":\"Argile du Velay\",\"description\":\"Fabricant fran\u00e7ais d'argile verte bio pour cosm\u00e9tique, hygi\u00e8ne animale, spa...\",\"publisher\":{\"@id\":\"https:\\\/\\\/argileduvelay.com\\\/es\\\/#organization\"},\"potentialAction\":[{\"@type\":\"SearchAction\",\"target\":{\"@type\":\"EntryPoint\",\"urlTemplate\":\"https:\\\/\\\/argileduvelay.com\\\/es\\\/?s={search_term_string}\"},\"query-input\":{\"@type\":\"PropertyValueSpecification\",\"valueRequired\":true,\"valueName\":\"search_term_string\"}}],\"inLanguage\":\"es\"},{\"@type\":\"Organization\",\"@id\":\"https:\\\/\\\/argileduvelay.com\\\/es\\\/#organization\",\"name\":\"Argile du Velay\",\"url\":\"https:\\\/\\\/argileduvelay.com\\\/es\\\/\",\"logo\":{\"@type\":\"ImageObject\",\"inLanguage\":\"es\",\"@id\":\"https:\\\/\\\/argileduvelay.com\\\/es\\\/#\\\/schema\\\/logo\\\/image\\\/\",\"url\":\"https:\\\/\\\/argileduvelay.com\\\/wp-content\\\/uploads\\\/2022\\\/09\\\/logo_ARGILE_DU_VELAY-HD-ok.png\",\"contentUrl\":\"https:\\\/\\\/argileduvelay.com\\\/wp-content\\\/uploads\\\/2022\\\/09\\\/logo_ARGILE_DU_VELAY-HD-ok.png\",\"width\":2520,\"height\":1450,\"caption\":\"Argile du Velay\"},\"image\":{\"@id\":\"https:\\\/\\\/argileduvelay.com\\\/es\\\/#\\\/schema\\\/logo\\\/image\\\/\"},\"sameAs\":[\"https:\\\/\\\/www.facebook.com\\\/argile.duvelay\",\"https:\\\/\\\/www.instagram.com\\\/argileduvelay43\\\/\",\"https:\\\/\\\/www.linkedin.com\\\/company\\\/argile-du-velay\\\/\"]}]}<\/script>\n<!-- \/ Yoast SEO plugin. -->","yoast_head_json":{"title":"Proveedor de arcilla para alimentaci\u00f3n animal","description":"La arcilla aporta muchos beneficios en la alimentaci\u00f3n animal. Argile du Velay produce arcilla para alimentaci\u00f3n animal.","robots":{"index":"index","follow":"follow","max-snippet":"max-snippet:-1","max-image-preview":"max-image-preview:large","max-video-preview":"max-video-preview:-1"},"canonical":"https:\/\/argileduvelay.com\/es\/oferta\/alimentacion-animal\/","og_locale":"es_ES","og_type":"article","og_title":"Proveedor de arcilla para alimentaci\u00f3n animal","og_description":"La arcilla aporta muchos beneficios en la alimentaci\u00f3n animal. Argile du Velay produce arcilla para alimentaci\u00f3n animal.","og_url":"https:\/\/argileduvelay.com\/es\/oferta\/alimentacion-animal\/","og_site_name":"Argile du Velay","article_publisher":"https:\/\/www.facebook.com\/argile.duvelay","article_modified_time":"2025-08-04T10:12:46+00:00","twitter_card":"summary_large_image","twitter_misc":{"Tiempo de lectura":"3 minutos"},"schema":{"@context":"https:\/\/schema.org","@graph":[{"@type":"WebPage","@id":"https:\/\/argileduvelay.com\/es\/oferta\/alimentacion-animal\/","url":"https:\/\/argileduvelay.com\/es\/oferta\/alimentacion-animal\/","name":"Proveedor de arcilla para alimentaci\u00f3n animal","isPartOf":{"@id":"https:\/\/argileduvelay.com\/es\/#website"},"datePublished":"2022-10-24T17:35:21+00:00","dateModified":"2025-08-04T10:12:46+00:00","description":"La arcilla aporta muchos beneficios en la alimentaci\u00f3n animal. Argile du Velay produce arcilla para alimentaci\u00f3n animal.","breadcrumb":{"@id":"https:\/\/argileduvelay.com\/es\/oferta\/alimentacion-animal\/#breadcrumb"},"inLanguage":"es","potentialAction":[{"@type":"ReadAction","target":["https:\/\/argileduvelay.com\/es\/oferta\/alimentacion-animal\/"]}]},{"@type":"BreadcrumbList","@id":"https:\/\/argileduvelay.com\/es\/oferta\/alimentacion-animal\/#breadcrumb","itemListElement":[{"@type":"ListItem","position":1,"name":"Accueil","item":"https:\/\/argileduvelay.com\/es\/"},{"@type":"ListItem","position":2,"name":"Suministro de arcilla verde para cosm\u00e9tica, salud, caballos, ropa de cama, bienestar animal, alimentaci\u00f3n animal&#8230;","item":"https:\/\/argileduvelay.com\/es\/oferta\/"},{"@type":"ListItem","position":3,"name":"Proveedor de arcilla para alimentaci\u00f3n animal"}]},{"@type":"WebSite","@id":"https:\/\/argileduvelay.com\/es\/#website","url":"https:\/\/argileduvelay.com\/es\/","name":"Argile du Velay","description":"Fabricant fran\u00e7ais d'argile verte bio pour cosm\u00e9tique, hygi\u00e8ne animale, spa...","publisher":{"@id":"https:\/\/argileduvelay.com\/es\/#organization"},"potentialAction":[{"@type":"SearchAction","target":{"@type":"EntryPoint","urlTemplate":"https:\/\/argileduvelay.com\/es\/?s={search_term_string}"},"query-input":{"@type":"PropertyValueSpecification","valueRequired":true,"valueName":"search_term_string"}}],"inLanguage":"es"},{"@type":"Organization","@id":"https:\/\/argileduvelay.com\/es\/#organization","name":"Argile du Velay","url":"https:\/\/argileduvelay.com\/es\/","logo":{"@type":"ImageObject","inLanguage":"es","@id":"https:\/\/argileduvelay.com\/es\/#\/schema\/logo\/image\/","url":"https:\/\/argileduvelay.com\/wp-content\/uploads\/2022\/09\/logo_ARGILE_DU_VELAY-HD-ok.png","contentUrl":"https:\/\/argileduvelay.com\/wp-content\/uploads\/2022\/09\/logo_ARGILE_DU_VELAY-HD-ok.png","width":2520,"height":1450,"caption":"Argile du Velay"},"image":{"@id":"https:\/\/argileduvelay.com\/es\/#\/schema\/logo\/image\/"},"sameAs":["https:\/\/www.facebook.com\/argile.duvelay","https:\/\/www.instagram.com\/argileduvelay43\/","https:\/\/www.linkedin.com\/company\/argile-du-velay\/"]}]}},"_links":{"self":[{"href":"https:\/\/argileduvelay.com\/es\/wp-json\/wp\/v2\/pages\/2962","targetHints":{"allow":["GET"]}}],"collection":[{"href":"https:\/\/argileduvelay.com\/es\/wp-json\/wp\/v2\/pages"}],"about":[{"href":"https:\/\/argileduvelay.com\/es\/wp-json\/wp\/v2\/types\/page"}],"author":[{"embeddable":true,"href":"https:\/\/argileduvelay.com\/es\/wp-json\/wp\/v2\/users\/1"}],"replies":[{"embeddable":true,"href":"https:\/\/argileduvelay.com\/es\/wp-json\/wp\/v2\/comments?post=2962"}],"version-history":[{"count":6,"href":"https:\/\/argileduvelay.com\/es\/wp-json\/wp\/v2\/pages\/2962\/revisions"}],"predecessor-version":[{"id":3479,"href":"https:\/\/argileduvelay.com\/es\/wp-json\/wp\/v2\/pages\/2962\/revisions\/3479"}],"up":[{"embeddable":true,"href":"https:\/\/argileduvelay.com\/es\/wp-json\/wp\/v2\/pages\/2937"}],"wp:attachment":[{"href":"https:\/\/argileduvelay.com\/es\/wp-json\/wp\/v2\/media?parent=2962"}],"curies":[{"name":"wp","href":"https:\/\/api.w.org\/{rel}","templated":true}]}}