{"id":3013,"date":"2023-01-24T11:52:44","date_gmt":"2023-01-24T10:52:44","guid":{"rendered":"https:\/\/argileduvelay.com\/noticias\/"},"modified":"2023-04-19T19:04:06","modified_gmt":"2023-04-19T17:04:06","slug":"noticias","status":"publish","type":"page","link":"https:\/\/argileduvelay.com\/es\/noticias\/","title":{"rendered":"Arcilla Velay: novedades"},"content":{"rendered":"<p>[et_pb_section fb_built=\u00bb1&#8243; admin_label=\u00bbHero\u00bb _builder_version=\u00bb4.19.4&#8243; _module_preset=\u00bbdefault\u00bb background_image=\u00bbhttps:\/\/argileduvelay.com\/wp-content\/uploads\/2022\/12\/comment-choisir-1.jpg\u00bb custom_padding=\u00bb110px|||\u00bb saved_tabs=\u00bball\u00bb global_colors_info=\u00bb{}\u00bb][et_pb_row module_class=\u00bb et_pb_row_fullwidth\u00bb _builder_version=\u00bb4.17.4&#8243; _module_preset=\u00bbdefault\u00bb width_tablet=\u00bb100%\u00bb width_phone=\u00bb100%\u00bb width_last_edited=\u00bbon|desktop\u00bb max_width_tablet=\u00bb100%\u00bb max_width_phone=\u00bb100%\u00bb max_width_last_edited=\u00bbon|desktop\u00bb custom_margin=\u00bb|||\u00bb custom_padding=\u00bb|||\u00bb make_fullwidth=\u00bbon\u00bb global_colors_info=\u00bb{}\u00bb][et_pb_column type=\u00bb4_4&#8243; _builder_version=\u00bb4.16&#8243; _module_preset=\u00bbdefault\u00bb background_position=\u00bbtop_left\u00bb custom_padding=\u00bb|||\u00bb global_colors_info=\u00bb{}\u00bb custom_padding__hover=\u00bb|||\u00bb][et_pb_text admin_label=\u00bbHero Title\u00bb _builder_version=\u00bb4.19.4&#8243; _module_preset=\u00bbdefault\u00bb text_font=\u00bb||||\u00bb text_text_color=\u00bb#1a1a1a\u00bb header_font=\u00bbOswald|700||||on|||\u00bb header_text_align=\u00bbleft\u00bb header_font_size=\u00bb50px\u00bb header_line_height=\u00bb1.3em\u00bb custom_margin=\u00bb||10px|30px|false|false\u00bb custom_margin_last_edited=\u00bboff|phone\u00bb custom_padding=\u00bb|||\u00bb custom_padding_tablet=\u00bb|||\u00bb custom_padding_phone=\u00bb|||\u00bb custom_padding_last_edited=\u00bbon|desktop\u00bb animation_style=\u00bbslide\u00bb animation_direction=\u00bbtop\u00bb animation_intensity_slide=\u00bb10%\u00bb text_text_shadow_style=\u00bbpreset2&#8243; locked=\u00bboff\u00bb global_colors_info=\u00bb{}\u00bb custom_margin__hover_enabled=\u00bboff|desktop\u00bb]<\/p>\n<h1>Noticias<\/h1>\n<p>[\/et_pb_text][et_pb_divider divider_position=\u00bbcenter\u00bb divider_weight=\u00bb3px\u00bb disabled_on=\u00bbon|on|off%22&#8243; _builder_version=\u00bb4.17.4&#8243; _module_preset=\u00bbdefault\u00bb max_width=\u00bb150px\u00bb height=\u00bbfalse\u00bb custom_margin=\u00bb0px||100px|30px|false|false\u00bb animation_style=\u00bbslide\u00bb animation_direction=\u00bbtop\u00bb animation_delay=\u00bb100ms\u00bb animation_intensity_slide=\u00bb10%\u00bb locked=\u00bboff\u00bb global_colors_info=\u00bb{}\u00bb][\/et_pb_divider][\/et_pb_column][\/et_pb_row][\/et_pb_section][et_pb_section fb_built=\u00bb1&#8243; _builder_version=\u00bb4.18.0&#8243; _module_preset=\u00bbdefault\u00bb global_colors_info=\u00bb{}\u00bb][et_pb_row _builder_version=\u00bb4.18.0&#8243; _module_preset=\u00bbdefault\u00bb global_colors_info=\u00bb{}\u00bb][et_pb_column type=\u00bb4_4&#8243; _builder_version=\u00bb4.18.0&#8243; _module_preset=\u00bbdefault\u00bb global_colors_info=\u00bb{}\u00bb][et_pb_text admin_label=\u00bbSub Title\u00bb _builder_version=\u00bb4.19.4&#8243; _module_preset=\u00bbdefault\u00bb text_font=\u00bbRoboto|700|||||||\u00bb text_text_color=\u00bb#8CA25B\u00bb text_font_size=\u00bb24px\u00bb text_line_height=\u00bb1.4em\u00bb background_size=\u00bbinitial\u00bb background_position=\u00bbtop_left\u00bb background_repeat=\u00bbrepeat\u00bb custom_padding=\u00bb30px|||\u00bb animation_style=\u00bbslide\u00bb animation_direction=\u00bbtop\u00bb animation_delay=\u00bb200ms\u00bb animation_intensity_slide=\u00bb10%\u00bb hover_enabled=\u00bb0&#8243; locked=\u00bboff\u00bb global_colors_info=\u00bb{}\u00bb sticky_enabled=\u00bb0&#8243;]<\/p>\n<div id=\"tw-source-text-container\" class=\"tw-ta-container F0azHf tw-nfl\">\u00a0<\/div>\n<div id=\"tw-source-rmn-container\" class=\"tw-ta-container F0azHf tw-nfl\">\n<pre id=\"tw-source-rmn\" class=\"tw-data-placeholder tw-text-small tw-ta\" dir=\"ltr\" data-placeholder=\"\">\u00a0<\/pre>\n<\/div>\n<div id=\"tw-smenu\" class=\"tw-menu\">\u00a0<\/div>\n<div class=\"QmZWSe\">\n<div class=\"DHcWmd\">\u00a0<\/div>\n<\/div>\n<div class=\"oSioSc\">\n<div id=\"tw-target\">\n<div id=\"kAz1tf\" class=\"g9WsWb\">\n<div id=\"tw-target-text-container\" class=\"tw-ta-container F0azHf tw-nfl\" tabindex=\"0\">\n<pre id=\"tw-target-text\" class=\"tw-data-text tw-text-large tw-ta\" dir=\"ltr\" data-placeholder=\"Traduction\"><span class=\"Y2IQFc\" lang=\"es\">Descubra las novedades de Argile du Velay: exposiciones, art\u00edculos, informaci\u00f3n de nuestros socios...<\/span><\/pre>\n<\/div>\n<\/div>\n<\/div>\n<\/div>\n<p>[\/et_pb_text][\/et_pb_column][\/et_pb_row][\/et_pb_section][et_pb_section fb_built=\u00bb1&#8243; admin_label=\u00bbGallery\u00bb _builder_version=\u00bb4.18.0&#8243; _module_preset=\u00bbdefault\u00bb width_tablet=\u00bb\u00bb width_phone=\u00bb\u00bb width_last_edited=\u00bbon|desktop\u00bb custom_padding=\u00bb0px||0px|\u00bb saved_tabs=\u00bball\u00bb global_colors_info=\u00bb{}\u00bb][et_pb_row column_structure=\u00bb1_2,1_2&#8243; module_class=\u00bb et_pb_row_fullwidth\u00bb _builder_version=\u00bb4.18.0&#8243; _module_preset=\u00bbdefault\u00bb width=\u00bb100%\u00bb width_tablet=\u00bb100%\u00bb width_phone=\u00bb100%\u00bb width_last_edited=\u00bbon|desktop\u00bb max_width=\u00bb100%\u00bb max_width_tablet=\u00bb100%\u00bb max_width_phone=\u00bb100%\u00bb max_width_last_edited=\u00bbon|desktop\u00bb custom_padding=\u00bb0px|0px|0px|0px\u00bb make_fullwidth=\u00bbon\u00bb global_colors_info=\u00bb{}\u00bb][et_pb_column type=\u00bb1_2&#8243; _builder_version=\u00bb4.16&#8243; _module_preset=\u00bbdefault\u00bb custom_padding=\u00bb|||\u00bb global_colors_info=\u00bb{}\u00bb custom_padding__hover=\u00bb|||\u00bb][et_pb_text admin_label=\u00bbDiscover Beatuty Title\u00bb _builder_version=\u00bb4.19.4&#8243; _dynamic_attributes=\u00bblink_option_url\u00bb _module_preset=\u00bbdefault\u00bb text_font=\u00bb||||\u00bb text_text_color=\u00bb#1a1a1a\u00bb header_font=\u00bbOswald|700||||on|||\u00bb header_text_align=\u00bbleft\u00bb header_text_color=\u00bb#000000&#8243; header_font_size=\u00bb50px\u00bb header_line_height=\u00bb1.3em\u00bb background_image=\u00bbhttps:\/\/argileduvelay.com\/wp-content\/uploads\/2023\/01\/ils-parlent-de-nous.jpg\u00bb module_alignment=\u00bbcenter\u00bb custom_padding=\u00bb15%||15%||true|false\u00bb animation_style=\u00bbslide\u00bb animation_direction=\u00bb%22fade_in%22&#8243; animation_duration=\u00bb500ms\u00bb animation_intensity_slide=\u00bb10%\u00bb link_option_url=\u00bb@ET-DC@eyJkeW5hbWljIjp0cnVlLCJjb250ZW50IjoicG9zdF9saW5rX3VybF9wYWdlIiwic2V0dGluZ3MiOnsicG9zdF9pZCI6IjE3NzAifX0=@\u00bb global_colors_info=\u00bb{}\u00bb]<\/p>\n<h1 style=\"text-align: center;\">hablan de nosotros<\/h1>\n<p>[\/et_pb_text][et_pb_text admin_label=\u00bbDiscover Beatuty Title\u00bb _builder_version=\u00bb4.19.4&#8243; _dynamic_attributes=\u00bblink_option_url\u00bb _module_preset=\u00bbdefault\u00bb text_font=\u00bb||||\u00bb text_text_color=\u00bb#1a1a1a\u00bb header_font=\u00bbOswald|700||||on|||\u00bb header_text_align=\u00bbleft\u00bb header_text_color=\u00bb#000000&#8243; header_font_size=\u00bb50px\u00bb header_line_height=\u00bb1.3em\u00bb background_image=\u00bbhttps:\/\/argileduvelay.com\/wp-content\/uploads\/2023\/01\/salons.jpg\u00bb module_alignment=\u00bbcenter\u00bb custom_padding=\u00bb15%||15%||true|false\u00bb animation_style=\u00bbslide\u00bb animation_direction=\u00bb%22fade_in%22&#8243; animation_duration=\u00bb500ms\u00bb animation_intensity_slide=\u00bb10%\u00bb link_option_url=\u00bb@ET-DC@eyJkeW5hbWljIjp0cnVlLCJjb250ZW50IjoicG9zdF9saW5rX3VybF9wYWdlIiwic2V0dGluZ3MiOnsicG9zdF9pZCI6IjE4NTMifX0=@\u00bb global_colors_info=\u00bb{}\u00bb]<\/p>\n<h1 style=\"text-align: center;\">Salas<\/h1>\n<p>[\/et_pb_text][\/et_pb_column][et_pb_column type=\u00bb1_2&#8243; _builder_version=\u00bb4.16&#8243; _module_preset=\u00bbdefault\u00bb custom_padding=\u00bb|||\u00bb global_colors_info=\u00bb{}\u00bb custom_padding__hover=\u00bb|||\u00bb][et_pb_text admin_label=\u00bbDiscover Beatuty Title\u00bb _builder_version=\u00bb4.19.4&#8243; _dynamic_attributes=\u00bblink_option_url\u00bb _module_preset=\u00bbdefault\u00bb text_font=\u00bb||||\u00bb text_text_color=\u00bb#1a1a1a\u00bb header_font=\u00bbOswald|700||||on|||\u00bb header_text_align=\u00bbleft\u00bb header_text_color=\u00bb#000000&#8243; header_font_size=\u00bb50px\u00bb header_line_height=\u00bb1.3em\u00bb background_image=\u00bbhttps:\/\/argileduvelay.com\/wp-content\/uploads\/2023\/01\/le-saviez-vous.jpg\u00bb module_alignment=\u00bbcenter\u00bb custom_padding=\u00bb15%||15%||true|false\u00bb animation_style=\u00bbslide\u00bb animation_direction=\u00bb%22fade_in%22&#8243; animation_duration=\u00bb500ms\u00bb animation_intensity_slide=\u00bb10%\u00bb link_option_url=\u00bb@ET-DC@eyJkeW5hbWljIjp0cnVlLCJjb250ZW50IjoicG9zdF9saW5rX3VybF9wYWdlIiwic2V0dGluZ3MiOnsicG9zdF9pZCI6IjExMzAifX0=@\u00bb global_colors_info=\u00bb{}\u00bb]<\/p>\n<h1 style=\"text-align: center;\">Sab\u00edas ?<\/h1>\n<p>[\/et_pb_text][\/et_pb_column][\/et_pb_row][\/et_pb_section]<\/p>\n","protected":false},"excerpt":{"rendered":"<p>Noticias\u00a0 \u00a0 \u00a0 \u00a0 Descubra las novedades de Argile du Velay: exposiciones, art\u00edculos, informaci\u00f3n de nuestros socios&#8230; hablan de nosotrosSalasSab\u00edas ?<\/p>\n","protected":false},"author":1,"featured_media":0,"parent":0,"menu_order":0,"comment_status":"closed","ping_status":"closed","template":"","meta":{"_et_pb_use_builder":"on","_et_pb_old_content":"","_et_gb_content_width":"","footnotes":""},"class_list":["post-3013","page","type-page","status-publish","hentry"],"yoast_head":"<!-- This site is optimized with the Yoast SEO plugin v27.4 - https:\/\/yoast.com\/product\/yoast-seo-wordpress\/ -->\n<title>Arcilla Velay: novedades<\/title>\n<meta name=\"description\" content=\"Noticias de Argile du Velay: informaci\u00f3n y tutoriales sobre la arcilla, las ferias en las que participamos, nuestros socios...\" \/>\n<meta name=\"robots\" content=\"index, follow, max-snippet:-1, max-image-preview:large, max-video-preview:-1\" \/>\n<link rel=\"canonical\" href=\"https:\/\/argileduvelay.com\/es\/noticias\/\" \/>\n<meta property=\"og:locale\" content=\"es_ES\" \/>\n<meta property=\"og:type\" content=\"article\" \/>\n<meta property=\"og:title\" content=\"Arcilla Velay: novedades\" \/>\n<meta property=\"og:description\" content=\"Noticias de Argile du Velay: informaci\u00f3n y tutoriales sobre la arcilla, las ferias en las que participamos, nuestros socios...\" \/>\n<meta property=\"og:url\" content=\"https:\/\/argileduvelay.com\/es\/noticias\/\" \/>\n<meta property=\"og:site_name\" content=\"Argile du Velay\" \/>\n<meta property=\"article:publisher\" content=\"https:\/\/www.facebook.com\/argile.duvelay\" \/>\n<meta property=\"article:modified_time\" content=\"2023-04-19T17:04:06+00:00\" \/>\n<meta name=\"twitter:card\" content=\"summary_large_image\" \/>\n<meta name=\"twitter:label1\" content=\"Tiempo de lectura\" \/>\n\t<meta name=\"twitter:data1\" content=\"4 minutos\" \/>\n<script type=\"application\/ld+json\" class=\"yoast-schema-graph\">{\"@context\":\"https:\\\/\\\/schema.org\",\"@graph\":[{\"@type\":\"WebPage\",\"@id\":\"https:\\\/\\\/argileduvelay.com\\\/es\\\/noticias\\\/\",\"url\":\"https:\\\/\\\/argileduvelay.com\\\/es\\\/noticias\\\/\",\"name\":\"Arcilla Velay: novedades\",\"isPartOf\":{\"@id\":\"https:\\\/\\\/argileduvelay.com\\\/es\\\/#website\"},\"datePublished\":\"2023-01-24T10:52:44+00:00\",\"dateModified\":\"2023-04-19T17:04:06+00:00\",\"description\":\"Noticias de Argile du Velay: informaci\u00f3n y tutoriales sobre la arcilla, las ferias en las que participamos, nuestros socios...\",\"breadcrumb\":{\"@id\":\"https:\\\/\\\/argileduvelay.com\\\/es\\\/noticias\\\/#breadcrumb\"},\"inLanguage\":\"es\",\"potentialAction\":[{\"@type\":\"ReadAction\",\"target\":[\"https:\\\/\\\/argileduvelay.com\\\/es\\\/noticias\\\/\"]}]},{\"@type\":\"BreadcrumbList\",\"@id\":\"https:\\\/\\\/argileduvelay.com\\\/es\\\/noticias\\\/#breadcrumb\",\"itemListElement\":[{\"@type\":\"ListItem\",\"position\":1,\"name\":\"Accueil\",\"item\":\"https:\\\/\\\/argileduvelay.com\\\/es\\\/\"},{\"@type\":\"ListItem\",\"position\":2,\"name\":\"Arcilla Velay: novedades\"}]},{\"@type\":\"WebSite\",\"@id\":\"https:\\\/\\\/argileduvelay.com\\\/es\\\/#website\",\"url\":\"https:\\\/\\\/argileduvelay.com\\\/es\\\/\",\"name\":\"Argile du Velay\",\"description\":\"Fabricant fran\u00e7ais d'argile verte bio pour cosm\u00e9tique, hygi\u00e8ne animale, spa...\",\"publisher\":{\"@id\":\"https:\\\/\\\/argileduvelay.com\\\/es\\\/#organization\"},\"potentialAction\":[{\"@type\":\"SearchAction\",\"target\":{\"@type\":\"EntryPoint\",\"urlTemplate\":\"https:\\\/\\\/argileduvelay.com\\\/es\\\/?s={search_term_string}\"},\"query-input\":{\"@type\":\"PropertyValueSpecification\",\"valueRequired\":true,\"valueName\":\"search_term_string\"}}],\"inLanguage\":\"es\"},{\"@type\":\"Organization\",\"@id\":\"https:\\\/\\\/argileduvelay.com\\\/es\\\/#organization\",\"name\":\"Argile du Velay\",\"url\":\"https:\\\/\\\/argileduvelay.com\\\/es\\\/\",\"logo\":{\"@type\":\"ImageObject\",\"inLanguage\":\"es\",\"@id\":\"https:\\\/\\\/argileduvelay.com\\\/es\\\/#\\\/schema\\\/logo\\\/image\\\/\",\"url\":\"https:\\\/\\\/argileduvelay.com\\\/wp-content\\\/uploads\\\/2022\\\/09\\\/logo_ARGILE_DU_VELAY-HD-ok.png\",\"contentUrl\":\"https:\\\/\\\/argileduvelay.com\\\/wp-content\\\/uploads\\\/2022\\\/09\\\/logo_ARGILE_DU_VELAY-HD-ok.png\",\"width\":2520,\"height\":1450,\"caption\":\"Argile du Velay\"},\"image\":{\"@id\":\"https:\\\/\\\/argileduvelay.com\\\/es\\\/#\\\/schema\\\/logo\\\/image\\\/\"},\"sameAs\":[\"https:\\\/\\\/www.facebook.com\\\/argile.duvelay\",\"https:\\\/\\\/www.instagram.com\\\/argileduvelay43\\\/\",\"https:\\\/\\\/www.linkedin.com\\\/company\\\/argile-du-velay\\\/\"]}]}<\/script>\n<!-- \/ Yoast SEO plugin. -->","yoast_head_json":{"title":"Arcilla Velay: novedades","description":"Noticias de Argile du Velay: informaci\u00f3n y tutoriales sobre la arcilla, las ferias en las que participamos, nuestros socios...","robots":{"index":"index","follow":"follow","max-snippet":"max-snippet:-1","max-image-preview":"max-image-preview:large","max-video-preview":"max-video-preview:-1"},"canonical":"https:\/\/argileduvelay.com\/es\/noticias\/","og_locale":"es_ES","og_type":"article","og_title":"Arcilla Velay: novedades","og_description":"Noticias de Argile du Velay: informaci\u00f3n y tutoriales sobre la arcilla, las ferias en las que participamos, nuestros socios...","og_url":"https:\/\/argileduvelay.com\/es\/noticias\/","og_site_name":"Argile du Velay","article_publisher":"https:\/\/www.facebook.com\/argile.duvelay","article_modified_time":"2023-04-19T17:04:06+00:00","twitter_card":"summary_large_image","twitter_misc":{"Tiempo de lectura":"4 minutos"},"schema":{"@context":"https:\/\/schema.org","@graph":[{"@type":"WebPage","@id":"https:\/\/argileduvelay.com\/es\/noticias\/","url":"https:\/\/argileduvelay.com\/es\/noticias\/","name":"Arcilla Velay: novedades","isPartOf":{"@id":"https:\/\/argileduvelay.com\/es\/#website"},"datePublished":"2023-01-24T10:52:44+00:00","dateModified":"2023-04-19T17:04:06+00:00","description":"Noticias de Argile du Velay: informaci\u00f3n y tutoriales sobre la arcilla, las ferias en las que participamos, nuestros socios...","breadcrumb":{"@id":"https:\/\/argileduvelay.com\/es\/noticias\/#breadcrumb"},"inLanguage":"es","potentialAction":[{"@type":"ReadAction","target":["https:\/\/argileduvelay.com\/es\/noticias\/"]}]},{"@type":"BreadcrumbList","@id":"https:\/\/argileduvelay.com\/es\/noticias\/#breadcrumb","itemListElement":[{"@type":"ListItem","position":1,"name":"Accueil","item":"https:\/\/argileduvelay.com\/es\/"},{"@type":"ListItem","position":2,"name":"Arcilla Velay: novedades"}]},{"@type":"WebSite","@id":"https:\/\/argileduvelay.com\/es\/#website","url":"https:\/\/argileduvelay.com\/es\/","name":"Argile du Velay","description":"Fabricant fran\u00e7ais d'argile verte bio pour cosm\u00e9tique, hygi\u00e8ne animale, spa...","publisher":{"@id":"https:\/\/argileduvelay.com\/es\/#organization"},"potentialAction":[{"@type":"SearchAction","target":{"@type":"EntryPoint","urlTemplate":"https:\/\/argileduvelay.com\/es\/?s={search_term_string}"},"query-input":{"@type":"PropertyValueSpecification","valueRequired":true,"valueName":"search_term_string"}}],"inLanguage":"es"},{"@type":"Organization","@id":"https:\/\/argileduvelay.com\/es\/#organization","name":"Argile du Velay","url":"https:\/\/argileduvelay.com\/es\/","logo":{"@type":"ImageObject","inLanguage":"es","@id":"https:\/\/argileduvelay.com\/es\/#\/schema\/logo\/image\/","url":"https:\/\/argileduvelay.com\/wp-content\/uploads\/2022\/09\/logo_ARGILE_DU_VELAY-HD-ok.png","contentUrl":"https:\/\/argileduvelay.com\/wp-content\/uploads\/2022\/09\/logo_ARGILE_DU_VELAY-HD-ok.png","width":2520,"height":1450,"caption":"Argile du Velay"},"image":{"@id":"https:\/\/argileduvelay.com\/es\/#\/schema\/logo\/image\/"},"sameAs":["https:\/\/www.facebook.com\/argile.duvelay","https:\/\/www.instagram.com\/argileduvelay43\/","https:\/\/www.linkedin.com\/company\/argile-du-velay\/"]}]}},"_links":{"self":[{"href":"https:\/\/argileduvelay.com\/es\/wp-json\/wp\/v2\/pages\/3013","targetHints":{"allow":["GET"]}}],"collection":[{"href":"https:\/\/argileduvelay.com\/es\/wp-json\/wp\/v2\/pages"}],"about":[{"href":"https:\/\/argileduvelay.com\/es\/wp-json\/wp\/v2\/types\/page"}],"author":[{"embeddable":true,"href":"https:\/\/argileduvelay.com\/es\/wp-json\/wp\/v2\/users\/1"}],"replies":[{"embeddable":true,"href":"https:\/\/argileduvelay.com\/es\/wp-json\/wp\/v2\/comments?post=3013"}],"version-history":[{"count":4,"href":"https:\/\/argileduvelay.com\/es\/wp-json\/wp\/v2\/pages\/3013\/revisions"}],"predecessor-version":[{"id":3159,"href":"https:\/\/argileduvelay.com\/es\/wp-json\/wp\/v2\/pages\/3013\/revisions\/3159"}],"wp:attachment":[{"href":"https:\/\/argileduvelay.com\/es\/wp-json\/wp\/v2\/media?parent=3013"}],"curies":[{"name":"wp","href":"https:\/\/api.w.org\/{rel}","templated":true}]}}